{"id":120450,"date":"2025-03-31T03:02:25","date_gmt":"2025-03-31T00:02:25","guid":{"rendered":"https:\/\/shop.rettum.ee\/toode\/275-50r19-goodride-solmax-1-suv-112v-xl\/"},"modified":"2025-07-30T02:51:38","modified_gmt":"2025-07-29T23:51:38","slug":"275-50r19-goodride-solmax-1-suv-112v-xl","status":"publish","type":"product","link":"https:\/\/shop.rettum.ee\/en\/product\/275-50r19-goodride-solmax-1-suv-112v-xl\/","title":{"rendered":"275\/50R19 GOODRIDE SOLMAX 1 SUV 112V XL"},"content":{"rendered":"<p>Avasta uus tase s\u00f5idumugavuse ja turvalisuse osas rehvista GOODRIDE SOLMAX 1 SUV 275\/50R19. See kvaliteetne rehvimudel, millel on tugev 275 mm laius ja 50% k\u00fclgeprofiil, sobib ideaalselt maastikuk\u00f5rgetele n\u00f5udmistele ning tagab optimaalse stabiilsuse k\u00f5igil s\u00f5idutingimustel. 19-tollise l\u00e4bim\u00f5\u00f5du ja 16,1 kg kaaluga rehvid pakuvad t\u00e4iuslikku tasakaalu j\u00f5udude vahel, v\u00f5imaldades suurt ohutust ja juhitavust igal kiirusel.<\/p>\n<p>GOODRIDE SOLMAX 1 SUV on varustatud 112 laadimisindeksiga, mis t\u00e4histab suuremat koormustaluvust, ning V kiirusindeksiga, mis sobib kiireteks s\u00f5itudeks. Tootmisprotsessi uusim tehnoloogia ja 2024 DOT aastam\u00e4rgise tagavad, et see rehvimudel vastab t\u00e4nap\u00e4evastele n\u00f5udmistele nii kvaliteedi kui j\u00f5udluse osas.<\/p>\n<p>Vali GOODRIDE SOLMAX 1 SUV, et nautida usaldusv\u00e4\u00e4rset s\u00f5idukogemust ja maksimaalset turvalisust, olgu tegu igap\u00e4evase s\u00f5idu v\u00f5i seiklusliku maastikus\u00f5iduga. See rehvimudel on ideaalne lahendus neile, kes hindavad kvaliteeti ja ohutust igal kilomeetril.<\/p>","protected":false},"excerpt":{"rendered":"<p>Avasta uus tase s\u00f5idumugavuse ja turvalisuse osas rehvista GOODRIDE SOLMAX 1 SUV 275\/50R19. See kvaliteetne rehvimudel, millel on tugev 275 mm laius ja 50% k\u00fclgeprofiil, sobib ideaalselt maastikuk\u00f5rgetele n\u00f5udmistele ning tagab optimaalse stabiilsuse k\u00f5igil s\u00f5idutingimustel. 19-tollise l\u00e4bim\u00f5\u00f5du ja 16,1 kg kaaluga rehvid pakuvad t\u00e4iuslikku tasakaalu j\u00f5udude vahel, v\u00f5imaldades suurt ohutust ja juhitavust igal kiirusel. GOODRIDE [&hellip;]<\/p>\n","protected":false},"featured_media":122085,"template":"","meta":{"site-sidebar-layout":"default","site-content-layout":"","ast-site-content-layout":"","site-content-style":"default","site-sidebar-style":"default","ast-global-header-display":"","ast-banner-title-visibility":"","ast-main-header-display":"","ast-hfb-above-header-display":"","ast-hfb-below-header-display":"","ast-hfb-mobile-header-display":"","site-post-title":"","ast-breadcrumbs-content":"","ast-featured-img":"","footer-sml-layout":"","theme-transparent-header-meta":"","adv-header-id-meta":"","stick-header-meta":"","header-above-stick-meta":"","header-main-stick-meta":"","header-below-stick-meta":"","astra-migrate-meta-layouts":"default","ast-page-background-enabled":"default","ast-page-background-meta":{"desktop":{"background-color":"","background-image":"","background-repeat":"repeat","background-position":"center center","background-size":"auto","background-attachment":"scroll","background-type":"","background-media":"","overlay-type":"","overlay-color":"","overlay-opacity":"","overlay-gradient":""},"tablet":{"background-color":"","background-image":"","background-repeat":"repeat","background-position":"center center","background-size":"auto","background-attachment":"scroll","background-type":"","background-media":"","overlay-type":"","overlay-color":"","overlay-opacity":"","overlay-gradient":""},"mobile":{"background-color":"","background-image":"","background-repeat":"repeat","background-position":"center center","background-size":"auto","background-attachment":"scroll","background-type":"","background-media":"","overlay-type":"","overlay-color":"","overlay-opacity":"","overlay-gradient":""}},"ast-content-background-meta":{"desktop":{"background-color":"var(--ast-global-color-5)","background-image":"","background-repeat":"repeat","background-position":"center center","background-size":"auto","background-attachment":"scroll","background-type":"","background-media":"","overlay-type":"","overlay-color":"","overlay-opacity":"","overlay-gradient":""},"tablet":{"background-color":"var(--ast-global-color-5)","background-image":"","background-repeat":"repeat","background-position":"center center","background-size":"auto","background-attachment":"scroll","background-type":"","background-media":"","overlay-type":"","overlay-color":"","overlay-opacity":"","overlay-gradient":""},"mobile":{"background-color":"var(--ast-global-color-5)","background-image":"","background-repeat":"repeat","background-position":"center center","background-size":"auto","background-attachment":"scroll","background-type":"","background-media":"","overlay-type":"","overlay-color":"","overlay-opacity":"","overlay-gradient":""}}},"product_brand":[],"product_cat":[34225],"product_tag":[],"pa_brand_name":[17861],"class_list":{"0":"post-120450","1":"product","2":"type-product","3":"status-publish","4":"has-post-thumbnail","6":"product_cat-summer-tires-pv","7":"pa_brand_name-goodride","8":"desktop-align-left","9":"tablet-align-left","10":"mobile-align-left","12":"first","13":"outofstock","14":"taxable","15":"shipping-taxable","16":"purchasable","17":"product-type-simple"},"_links":{"self":[{"href":"https:\/\/shop.rettum.ee\/en\/wp-json\/wp\/v2\/product\/120450","targetHints":{"allow":["GET"]}}],"collection":[{"href":"https:\/\/shop.rettum.ee\/en\/wp-json\/wp\/v2\/product"}],"about":[{"href":"https:\/\/shop.rettum.ee\/en\/wp-json\/wp\/v2\/types\/product"}],"version-history":[{"count":1,"href":"https:\/\/shop.rettum.ee\/en\/wp-json\/wp\/v2\/product\/120450\/revisions"}],"predecessor-version":[{"id":126079,"href":"https:\/\/shop.rettum.ee\/en\/wp-json\/wp\/v2\/product\/120450\/revisions\/126079"}],"wp:featuredmedia":[{"embeddable":true,"href":"https:\/\/shop.rettum.ee\/en\/wp-json\/wp\/v2\/media\/122085"}],"wp:attachment":[{"href":"https:\/\/shop.rettum.ee\/en\/wp-json\/wp\/v2\/media?parent=120450"}],"wp:term":[{"taxonomy":"product_brand","embeddable":true,"href":"https:\/\/shop.rettum.ee\/en\/wp-json\/wp\/v2\/product_brand?post=120450"},{"taxonomy":"product_cat","embeddable":true,"href":"https:\/\/shop.rettum.ee\/en\/wp-json\/wp\/v2\/product_cat?post=120450"},{"taxonomy":"product_tag","embeddable":true,"href":"https:\/\/shop.rettum.ee\/en\/wp-json\/wp\/v2\/product_tag?post=120450"},{"taxonomy":"pa_brand_name","embeddable":true,"href":"https:\/\/shop.rettum.ee\/en\/wp-json\/wp\/v2\/pa_brand_name?post=120450"}],"curies":[{"name":"wp","href":"https:\/\/api.w.org\/{rel}","templated":true}]}}