{"id":120454,"date":"2025-03-31T03:02:28","date_gmt":"2025-03-31T00:02:28","guid":{"rendered":"https:\/\/shop.rettum.ee\/toode\/155-80r12c-ovation-v-02-88-86q-dcb72-ms\/"},"modified":"2025-10-02T02:45:32","modified_gmt":"2025-10-01T23:45:32","slug":"155-80r12c-ovation-v-02-88-86q-dcb72-ms","status":"publish","type":"product","link":"https:\/\/shop.rettum.ee\/en\/product\/155-80r12c-ovation-v-02-88-86q-dcb72-ms\/","title":{"rendered":"155\/80R12C OVATION V-02 88\/86Q DCB72 M+S"},"content":{"rendered":"<p>155\/80R12C OVATION V-02 88\/86Q DCB72 M+S rehvid on loodud pakkuma usaldusv\u00e4\u00e4rset j\u00f5udlust nii igap\u00e4evasel t\u00f6\u00f6- kui ka keerulistel ilmastikutingimustel. T\u00e4nu M+S klassifitseeringule sobivad need rehvid suurep\u00e4raselt nii jae-, lumise kui ka r\u00e4mpise pinnaga teedel, tagades stabiilse s\u00f5idu ja optimaalse haarduvuse igas olukorras.<\/p>\n<p>Rehvi konstruktsioon on hoolikalt disainitud pakkuma pikka kasutusiga ja vastupidavust n\u00f5udlikes t\u00f6\u00f6tingimustes. 88\/86Q koormusindeks n\u00e4itab rehvi v\u00f5imet kanda suuri koormusi, samas kui DCB72 tootmiskood kinnitab kaasaegset kvaliteedikontrolli ja innovatsiooni. OVATION V-02 mudel on ideaalne valik kommertss\u00f5idukitele, pakkudes parimat kombinatsiooni ohutusest, vastupidavusest ja k\u00fctuses\u00e4\u00e4stlikkusest.<\/p>\n<p>Valides 155\/80R12C OVATION V-02, investeerid oma s\u00f5iduohutusse ja s\u00f5idumugavusse ka k\u00f5ige muutuvas teeolukorras. See rehvimudel on ideaalne lahendus neile, kes soovivad \u00fchte tootet, mis osutub t\u00f5husaks k\u00f5ikjal \u2013 olgu tegu siis suvise kuivtee v\u00f5i talvise libeda pinnaga.<\/p>","protected":false},"excerpt":{"rendered":"<p>155\/80R12C OVATION V-02 88\/86Q DCB72 M+S rehvid on loodud pakkuma usaldusv\u00e4\u00e4rset j\u00f5udlust nii igap\u00e4evasel t\u00f6\u00f6- kui ka keerulistel ilmastikutingimustel. T\u00e4nu M+S klassifitseeringule sobivad need rehvid suurep\u00e4raselt nii jae-, lumise kui ka r\u00e4mpise pinnaga teedel, tagades stabiilse s\u00f5idu ja optimaalse haarduvuse igas olukorras. Rehvi konstruktsioon on hoolikalt disainitud pakkuma pikka kasutusiga ja vastupidavust n\u00f5udlikes t\u00f6\u00f6tingimustes. 88\/86Q [&hellip;]<\/p>\n","protected":false},"featured_media":124030,"template":"","meta":{"site-sidebar-layout":"default","site-content-layout":"","ast-site-content-layout":"","site-content-style":"default","site-sidebar-style":"default","ast-global-header-display":"","ast-banner-title-visibility":"","ast-main-header-display":"","ast-hfb-above-header-display":"","ast-hfb-below-header-display":"","ast-hfb-mobile-header-display":"","site-post-title":"","ast-breadcrumbs-content":"","ast-featured-img":"","footer-sml-layout":"","theme-transparent-header-meta":"","adv-header-id-meta":"","stick-header-meta":"","header-above-stick-meta":"","header-main-stick-meta":"","header-below-stick-meta":"","astra-migrate-meta-layouts":"default","ast-page-background-enabled":"default","ast-page-background-meta":{"desktop":{"background-color":"","background-image":"","background-repeat":"repeat","background-position":"center center","background-size":"auto","background-attachment":"scroll","background-type":"","background-media":"","overlay-type":"","overlay-color":"","overlay-opacity":"","overlay-gradient":""},"tablet":{"background-color":"","background-image":"","background-repeat":"repeat","background-position":"center center","background-size":"auto","background-attachment":"scroll","background-type":"","background-media":"","overlay-type":"","overlay-color":"","overlay-opacity":"","overlay-gradient":""},"mobile":{"background-color":"","background-image":"","background-repeat":"repeat","background-position":"center center","background-size":"auto","background-attachment":"scroll","background-type":"","background-media":"","overlay-type":"","overlay-color":"","overlay-opacity":"","overlay-gradient":""}},"ast-content-background-meta":{"desktop":{"background-color":"var(--ast-global-color-5)","background-image":"","background-repeat":"repeat","background-position":"center center","background-size":"auto","background-attachment":"scroll","background-type":"","background-media":"","overlay-type":"","overlay-color":"","overlay-opacity":"","overlay-gradient":""},"tablet":{"background-color":"var(--ast-global-color-5)","background-image":"","background-repeat":"repeat","background-position":"center center","background-size":"auto","background-attachment":"scroll","background-type":"","background-media":"","overlay-type":"","overlay-color":"","overlay-opacity":"","overlay-gradient":""},"mobile":{"background-color":"var(--ast-global-color-5)","background-image":"","background-repeat":"repeat","background-position":"center center","background-size":"auto","background-attachment":"scroll","background-type":"","background-media":"","overlay-type":"","overlay-color":"","overlay-opacity":"","overlay-gradient":""}}},"product_brand":[],"product_cat":[34226],"product_tag":[],"pa_brand_name":[34179],"class_list":{"0":"post-120454","1":"product","2":"type-product","3":"status-publish","4":"has-post-thumbnail","6":"product_cat-summer-light-truck","7":"pa_brand_name-ovation","8":"desktop-align-left","9":"tablet-align-left","10":"mobile-align-left","12":"first","13":"outofstock","14":"taxable","15":"shipping-taxable","16":"purchasable","17":"product-type-simple"},"_links":{"self":[{"href":"https:\/\/shop.rettum.ee\/en\/wp-json\/wp\/v2\/product\/120454","targetHints":{"allow":["GET"]}}],"collection":[{"href":"https:\/\/shop.rettum.ee\/en\/wp-json\/wp\/v2\/product"}],"about":[{"href":"https:\/\/shop.rettum.ee\/en\/wp-json\/wp\/v2\/types\/product"}],"version-history":[{"count":1,"href":"https:\/\/shop.rettum.ee\/en\/wp-json\/wp\/v2\/product\/120454\/revisions"}],"predecessor-version":[{"id":126075,"href":"https:\/\/shop.rettum.ee\/en\/wp-json\/wp\/v2\/product\/120454\/revisions\/126075"}],"wp:featuredmedia":[{"embeddable":true,"href":"https:\/\/shop.rettum.ee\/en\/wp-json\/wp\/v2\/media\/124030"}],"wp:attachment":[{"href":"https:\/\/shop.rettum.ee\/en\/wp-json\/wp\/v2\/media?parent=120454"}],"wp:term":[{"taxonomy":"product_brand","embeddable":true,"href":"https:\/\/shop.rettum.ee\/en\/wp-json\/wp\/v2\/product_brand?post=120454"},{"taxonomy":"product_cat","embeddable":true,"href":"https:\/\/shop.rettum.ee\/en\/wp-json\/wp\/v2\/product_cat?post=120454"},{"taxonomy":"product_tag","embeddable":true,"href":"https:\/\/shop.rettum.ee\/en\/wp-json\/wp\/v2\/product_tag?post=120454"},{"taxonomy":"pa_brand_name","embeddable":true,"href":"https:\/\/shop.rettum.ee\/en\/wp-json\/wp\/v2\/pa_brand_name?post=120454"}],"curies":[{"name":"wp","href":"https:\/\/api.w.org\/{rel}","templated":true}]}}