{"id":120456,"date":"2025-03-31T03:02:29","date_gmt":"2025-03-31T00:02:29","guid":{"rendered":"https:\/\/shop.rettum.ee\/toode\/165-80r13c-ovation-v-02-94-92r-dcb72-ms\/"},"modified":"2025-11-05T02:45:34","modified_gmt":"2025-11-05T00:45:34","slug":"165-80r13c-ovation-v-02-94-92r-dcb72-ms","status":"publish","type":"product","link":"https:\/\/shop.rettum.ee\/en\/product\/165-80r13c-ovation-v-02-94-92r-dcb72-ms\/","title":{"rendered":"165\/80R13C OVATION V-02 94\/92R DCB72 M+S"},"content":{"rendered":"<p>Esitleme uhket OVATION V-02 rehvi suurusele 165\/80R13C, mis on loodud n\u00f5udlikuks igap\u00e4evaseks ja kommertss\u00f5iduks. Rehvil on m\u00e4rgistused 94\/92R ning DCB72, mis tagavad optimaalse koormuskande ja kiirusv\u00f5imep\u00f5him\u00f5tted, pakkudes seel\u00e4bi usaldusv\u00e4\u00e4rset ja turvalist s\u00f5idukogemust. M+S (mud and snow) kategooria tunnustab selle universaalsust, v\u00f5imaldades s\u00f5idukil edukalt toime tulla nii mudase kui ka lumise ilmaga, mis on eriti hinnatud Eesti kliimas.<\/p>\n<p>OVATION V-02 rehvi konstrueerimisel on r\u00f5hku pandud vastupidavusele ja efektiivsusele, tagades stabiilsuse ka n\u00f5udlikes s\u00f5idutingimustes. T\u00e4pselt insenerit\u00f6\u00f6 ja kvaliteetsed materjalid loovad ideaalse kombinatsiooni, mis annab s\u00f5idukile optimaalse veoj\u00f5u ja turvapinna k\u00f5ikides teekondades. Valides selle rehvi, teete sammu kindluse poole, et iga s\u00f5it on meeldiv ja turvaline kogemus.<\/p>","protected":false},"excerpt":{"rendered":"<p>Esitleme uhket OVATION V-02 rehvi suurusele 165\/80R13C, mis on loodud n\u00f5udlikuks igap\u00e4evaseks ja kommertss\u00f5iduks. Rehvil on m\u00e4rgistused 94\/92R ning DCB72, mis tagavad optimaalse koormuskande ja kiirusv\u00f5imep\u00f5him\u00f5tted, pakkudes seel\u00e4bi usaldusv\u00e4\u00e4rset ja turvalist s\u00f5idukogemust. M+S (mud and snow) kategooria tunnustab selle universaalsust, v\u00f5imaldades s\u00f5idukil edukalt toime tulla nii mudase kui ka lumise ilmaga, mis on eriti hinnatud [&hellip;]<\/p>\n","protected":false},"featured_media":124030,"template":"","meta":{"site-sidebar-layout":"default","site-content-layout":"","ast-site-content-layout":"","site-content-style":"default","site-sidebar-style":"default","ast-global-header-display":"","ast-banner-title-visibility":"","ast-main-header-display":"","ast-hfb-above-header-display":"","ast-hfb-below-header-display":"","ast-hfb-mobile-header-display":"","site-post-title":"","ast-breadcrumbs-content":"","ast-featured-img":"","footer-sml-layout":"","theme-transparent-header-meta":"","adv-header-id-meta":"","stick-header-meta":"","header-above-stick-meta":"","header-main-stick-meta":"","header-below-stick-meta":"","astra-migrate-meta-layouts":"default","ast-page-background-enabled":"default","ast-page-background-meta":{"desktop":{"background-color":"","background-image":"","background-repeat":"repeat","background-position":"center center","background-size":"auto","background-attachment":"scroll","background-type":"","background-media":"","overlay-type":"","overlay-color":"","overlay-opacity":"","overlay-gradient":""},"tablet":{"background-color":"","background-image":"","background-repeat":"repeat","background-position":"center center","background-size":"auto","background-attachment":"scroll","background-type":"","background-media":"","overlay-type":"","overlay-color":"","overlay-opacity":"","overlay-gradient":""},"mobile":{"background-color":"","background-image":"","background-repeat":"repeat","background-position":"center center","background-size":"auto","background-attachment":"scroll","background-type":"","background-media":"","overlay-type":"","overlay-color":"","overlay-opacity":"","overlay-gradient":""}},"ast-content-background-meta":{"desktop":{"background-color":"var(--ast-global-color-5)","background-image":"","background-repeat":"repeat","background-position":"center center","background-size":"auto","background-attachment":"scroll","background-type":"","background-media":"","overlay-type":"","overlay-color":"","overlay-opacity":"","overlay-gradient":""},"tablet":{"background-color":"var(--ast-global-color-5)","background-image":"","background-repeat":"repeat","background-position":"center center","background-size":"auto","background-attachment":"scroll","background-type":"","background-media":"","overlay-type":"","overlay-color":"","overlay-opacity":"","overlay-gradient":""},"mobile":{"background-color":"var(--ast-global-color-5)","background-image":"","background-repeat":"repeat","background-position":"center center","background-size":"auto","background-attachment":"scroll","background-type":"","background-media":"","overlay-type":"","overlay-color":"","overlay-opacity":"","overlay-gradient":""}}},"product_brand":[],"product_cat":[34226],"product_tag":[],"pa_brand_name":[34179],"class_list":{"0":"post-120456","1":"product","2":"type-product","3":"status-publish","4":"has-post-thumbnail","6":"product_cat-summer-light-truck","7":"pa_brand_name-ovation","8":"desktop-align-left","9":"tablet-align-left","10":"mobile-align-left","12":"first","13":"outofstock","14":"taxable","15":"shipping-taxable","16":"purchasable","17":"product-type-simple"},"_links":{"self":[{"href":"https:\/\/shop.rettum.ee\/en\/wp-json\/wp\/v2\/product\/120456","targetHints":{"allow":["GET"]}}],"collection":[{"href":"https:\/\/shop.rettum.ee\/en\/wp-json\/wp\/v2\/product"}],"about":[{"href":"https:\/\/shop.rettum.ee\/en\/wp-json\/wp\/v2\/types\/product"}],"version-history":[{"count":1,"href":"https:\/\/shop.rettum.ee\/en\/wp-json\/wp\/v2\/product\/120456\/revisions"}],"predecessor-version":[{"id":126074,"href":"https:\/\/shop.rettum.ee\/en\/wp-json\/wp\/v2\/product\/120456\/revisions\/126074"}],"wp:featuredmedia":[{"embeddable":true,"href":"https:\/\/shop.rettum.ee\/en\/wp-json\/wp\/v2\/media\/124030"}],"wp:attachment":[{"href":"https:\/\/shop.rettum.ee\/en\/wp-json\/wp\/v2\/media?parent=120456"}],"wp:term":[{"taxonomy":"product_brand","embeddable":true,"href":"https:\/\/shop.rettum.ee\/en\/wp-json\/wp\/v2\/product_brand?post=120456"},{"taxonomy":"product_cat","embeddable":true,"href":"https:\/\/shop.rettum.ee\/en\/wp-json\/wp\/v2\/product_cat?post=120456"},{"taxonomy":"product_tag","embeddable":true,"href":"https:\/\/shop.rettum.ee\/en\/wp-json\/wp\/v2\/product_tag?post=120456"},{"taxonomy":"pa_brand_name","embeddable":true,"href":"https:\/\/shop.rettum.ee\/en\/wp-json\/wp\/v2\/pa_brand_name?post=120456"}],"curies":[{"name":"wp","href":"https:\/\/api.w.org\/{rel}","templated":true}]}}