{"id":120457,"date":"2025-03-31T03:02:30","date_gmt":"2025-03-31T00:02:30","guid":{"rendered":"https:\/\/shop.rettum.ee\/toode\/175-80r13c-ovation-v-02-97-95r-dcb72-ms\/"},"modified":"2025-07-30T02:51:38","modified_gmt":"2025-07-29T23:51:38","slug":"175-80r13c-ovation-v-02-97-95r-dcb72-ms","status":"publish","type":"product","link":"https:\/\/shop.rettum.ee\/en\/product\/175-80r13c-ovation-v-02-97-95r-dcb72-ms\/","title":{"rendered":"175\/80R13C OVATION V-02 97\/95R DCB72 M+S"},"content":{"rendered":"<p>Ovation V-02 rehvid (175\/80R13C, 97\/95R DCB72 M+S) on loodud tagama usaldusv\u00e4\u00e4rset ja turvalist s\u00f5idukogemust erinevates s\u00f5idutingimustes. Need kvaliteetsed rehvid sobivad ideaalselt s\u00f5iduks nii ettevaatlikul linnat\u00e4naval kui ka n\u00f5udlikumates maastikuoludes. M+S-m\u00e4rgisega on rehvid optimeeritud pakkuma suurep\u00e4rast haarduvust nii mudal kui lumisel pinnal, v\u00e4hendades libisemisohtu ja parandades s\u00f5idustabiilsust.<\/p>\n<p>175\/80R13C suurus tagab t\u00e4pse ja kindla sobivuse mitmetele s\u00f5idukitele, v\u00f5imaldades autoomanikel nautida tasakaalustatud juhitavust ning suurep\u00e4rast veoj\u00f5udlust. Rehvide tehnilised n\u00e4itajad, sealhulgas 97\/95R ja DCB72 klassifitseering, viitavad nende v\u00f5imele taluda suurt koormust ning pakkuda \u00fchtlast k\u00fctuses\u00e4\u00e4stlikkust ka pikematel s\u00f5itudel.<\/p>\n<p>Ovation V-02 rehvid sobivad neile, kes hindavad ohutust, usaldusv\u00e4\u00e4rsust ja optimaalset j\u00f5udlust igas s\u00f5idutingimuses. Valides need rehvid, teeb juht teadliku investeeringu, mis tagab s\u00f5idumugavuse ja turvalisuse igal teel.<\/p>","protected":false},"excerpt":{"rendered":"<p>Ovation V-02 rehvid (175\/80R13C, 97\/95R DCB72 M+S) on loodud tagama usaldusv\u00e4\u00e4rset ja turvalist s\u00f5idukogemust erinevates s\u00f5idutingimustes. Need kvaliteetsed rehvid sobivad ideaalselt s\u00f5iduks nii ettevaatlikul linnat\u00e4naval kui ka n\u00f5udlikumates maastikuoludes. M+S-m\u00e4rgisega on rehvid optimeeritud pakkuma suurep\u00e4rast haarduvust nii mudal kui lumisel pinnal, v\u00e4hendades libisemisohtu ja parandades s\u00f5idustabiilsust. 175\/80R13C suurus tagab t\u00e4pse ja kindla sobivuse mitmetele s\u00f5idukitele, [&hellip;]<\/p>\n","protected":false},"featured_media":124030,"template":"","meta":{"site-sidebar-layout":"default","site-content-layout":"","ast-site-content-layout":"","site-content-style":"default","site-sidebar-style":"default","ast-global-header-display":"","ast-banner-title-visibility":"","ast-main-header-display":"","ast-hfb-above-header-display":"","ast-hfb-below-header-display":"","ast-hfb-mobile-header-display":"","site-post-title":"","ast-breadcrumbs-content":"","ast-featured-img":"","footer-sml-layout":"","theme-transparent-header-meta":"","adv-header-id-meta":"","stick-header-meta":"","header-above-stick-meta":"","header-main-stick-meta":"","header-below-stick-meta":"","astra-migrate-meta-layouts":"default","ast-page-background-enabled":"default","ast-page-background-meta":{"desktop":{"background-color":"","background-image":"","background-repeat":"repeat","background-position":"center center","background-size":"auto","background-attachment":"scroll","background-type":"","background-media":"","overlay-type":"","overlay-color":"","overlay-opacity":"","overlay-gradient":""},"tablet":{"background-color":"","background-image":"","background-repeat":"repeat","background-position":"center center","background-size":"auto","background-attachment":"scroll","background-type":"","background-media":"","overlay-type":"","overlay-color":"","overlay-opacity":"","overlay-gradient":""},"mobile":{"background-color":"","background-image":"","background-repeat":"repeat","background-position":"center center","background-size":"auto","background-attachment":"scroll","background-type":"","background-media":"","overlay-type":"","overlay-color":"","overlay-opacity":"","overlay-gradient":""}},"ast-content-background-meta":{"desktop":{"background-color":"var(--ast-global-color-5)","background-image":"","background-repeat":"repeat","background-position":"center center","background-size":"auto","background-attachment":"scroll","background-type":"","background-media":"","overlay-type":"","overlay-color":"","overlay-opacity":"","overlay-gradient":""},"tablet":{"background-color":"var(--ast-global-color-5)","background-image":"","background-repeat":"repeat","background-position":"center center","background-size":"auto","background-attachment":"scroll","background-type":"","background-media":"","overlay-type":"","overlay-color":"","overlay-opacity":"","overlay-gradient":""},"mobile":{"background-color":"var(--ast-global-color-5)","background-image":"","background-repeat":"repeat","background-position":"center center","background-size":"auto","background-attachment":"scroll","background-type":"","background-media":"","overlay-type":"","overlay-color":"","overlay-opacity":"","overlay-gradient":""}}},"product_brand":[],"product_cat":[34226],"product_tag":[],"pa_brand_name":[34179],"class_list":{"0":"post-120457","1":"product","2":"type-product","3":"status-publish","4":"has-post-thumbnail","6":"product_cat-summer-light-truck","7":"pa_brand_name-ovation","8":"desktop-align-left","9":"tablet-align-left","10":"mobile-align-left","12":"first","13":"outofstock","14":"taxable","15":"shipping-taxable","16":"purchasable","17":"product-type-simple"},"_links":{"self":[{"href":"https:\/\/shop.rettum.ee\/en\/wp-json\/wp\/v2\/product\/120457","targetHints":{"allow":["GET"]}}],"collection":[{"href":"https:\/\/shop.rettum.ee\/en\/wp-json\/wp\/v2\/product"}],"about":[{"href":"https:\/\/shop.rettum.ee\/en\/wp-json\/wp\/v2\/types\/product"}],"version-history":[{"count":1,"href":"https:\/\/shop.rettum.ee\/en\/wp-json\/wp\/v2\/product\/120457\/revisions"}],"predecessor-version":[{"id":126071,"href":"https:\/\/shop.rettum.ee\/en\/wp-json\/wp\/v2\/product\/120457\/revisions\/126071"}],"wp:featuredmedia":[{"embeddable":true,"href":"https:\/\/shop.rettum.ee\/en\/wp-json\/wp\/v2\/media\/124030"}],"wp:attachment":[{"href":"https:\/\/shop.rettum.ee\/en\/wp-json\/wp\/v2\/media?parent=120457"}],"wp:term":[{"taxonomy":"product_brand","embeddable":true,"href":"https:\/\/shop.rettum.ee\/en\/wp-json\/wp\/v2\/product_brand?post=120457"},{"taxonomy":"product_cat","embeddable":true,"href":"https:\/\/shop.rettum.ee\/en\/wp-json\/wp\/v2\/product_cat?post=120457"},{"taxonomy":"product_tag","embeddable":true,"href":"https:\/\/shop.rettum.ee\/en\/wp-json\/wp\/v2\/product_tag?post=120457"},{"taxonomy":"pa_brand_name","embeddable":true,"href":"https:\/\/shop.rettum.ee\/en\/wp-json\/wp\/v2\/pa_brand_name?post=120457"}],"curies":[{"name":"wp","href":"https:\/\/api.w.org\/{rel}","templated":true}]}}