{"id":120459,"date":"2025-03-31T03:02:31","date_gmt":"2025-03-31T00:02:31","guid":{"rendered":"https:\/\/shop.rettum.ee\/toode\/175-80r14c-ovation-v-02-99-98r-dcb72-ms\/"},"modified":"2026-01-14T02:45:59","modified_gmt":"2026-01-14T00:45:59","slug":"175-80r14c-ovation-v-02-99-98r-dcb72-ms","status":"publish","type":"product","link":"https:\/\/shop.rettum.ee\/en\/product\/175-80r14c-ovation-v-02-99-98r-dcb72-ms\/","title":{"rendered":"175\/80R14C OVATION V-02 99\/98R DCB72 M+S"},"content":{"rendered":"<p>Tutvustame uusimat 175\/80R14C OVATION V-02 rehvi \u2013 usaldusv\u00e4\u00e4rset partnerit nii t\u00f6\u00f6- kui ka kererelvadele. See rehv on hoolikalt disainitud pakkuma stabiilsust ja k\u00f5rget koormustaluvust (indeksid 99\/98R), tagades s\u00f5iduohutuse ka n\u00f5udlikes tingimustes. <\/p>\n<p>Ovation V-02 rehvi tehnoloogilised lahendused kindlustavad \u00fchtlase ja kindla haardumise nii kuivadel kui ka libedatel teedel. M+S (mud and snow) t\u00e4his kinnitab selle v\u00f5imet pakkuda erakordset sooritust ka muda ja lumega tingitud s\u00f5idutingimustes. Rehvi konfidentsed tootestandardid ja t\u00e4pne tehniline kontroll (DCB72) tagavad pikaajalise t\u00f6\u00f6kindluse, v\u00e4hendades kulumist ja pakkudes optimaalset k\u00fctuses\u00e4\u00e4stu.<\/p>\n<p>Valides OVATION V-02 rehvi, kindlustad oma s\u00f5idukile parima toe ja ohutuse igas s\u00f5idus. See rehv on ideaalne lahendus neile, kes hindavad kvaliteeti ja praktilisust, olles samas efektiivne ja vastupidav valik n\u00f5udlikes t\u00f6\u00f6tingimustes.<\/p>","protected":false},"excerpt":{"rendered":"<p>Tutvustame uusimat 175\/80R14C OVATION V-02 rehvi \u2013 usaldusv\u00e4\u00e4rset partnerit nii t\u00f6\u00f6- kui ka kererelvadele. See rehv on hoolikalt disainitud pakkuma stabiilsust ja k\u00f5rget koormustaluvust (indeksid 99\/98R), tagades s\u00f5iduohutuse ka n\u00f5udlikes tingimustes. Ovation V-02 rehvi tehnoloogilised lahendused kindlustavad \u00fchtlase ja kindla haardumise nii kuivadel kui ka libedatel teedel. M+S (mud and snow) t\u00e4his kinnitab selle v\u00f5imet [&hellip;]<\/p>\n","protected":false},"featured_media":124030,"template":"","meta":{"site-sidebar-layout":"default","site-content-layout":"","ast-site-content-layout":"","site-content-style":"default","site-sidebar-style":"default","ast-global-header-display":"","ast-banner-title-visibility":"","ast-main-header-display":"","ast-hfb-above-header-display":"","ast-hfb-below-header-display":"","ast-hfb-mobile-header-display":"","site-post-title":"","ast-breadcrumbs-content":"","ast-featured-img":"","footer-sml-layout":"","theme-transparent-header-meta":"","adv-header-id-meta":"","stick-header-meta":"","header-above-stick-meta":"","header-main-stick-meta":"","header-below-stick-meta":"","astra-migrate-meta-layouts":"default","ast-page-background-enabled":"default","ast-page-background-meta":{"desktop":{"background-color":"","background-image":"","background-repeat":"repeat","background-position":"center center","background-size":"auto","background-attachment":"scroll","background-type":"","background-media":"","overlay-type":"","overlay-color":"","overlay-opacity":"","overlay-gradient":""},"tablet":{"background-color":"","background-image":"","background-repeat":"repeat","background-position":"center center","background-size":"auto","background-attachment":"scroll","background-type":"","background-media":"","overlay-type":"","overlay-color":"","overlay-opacity":"","overlay-gradient":""},"mobile":{"background-color":"","background-image":"","background-repeat":"repeat","background-position":"center center","background-size":"auto","background-attachment":"scroll","background-type":"","background-media":"","overlay-type":"","overlay-color":"","overlay-opacity":"","overlay-gradient":""}},"ast-content-background-meta":{"desktop":{"background-color":"var(--ast-global-color-5)","background-image":"","background-repeat":"repeat","background-position":"center center","background-size":"auto","background-attachment":"scroll","background-type":"","background-media":"","overlay-type":"","overlay-color":"","overlay-opacity":"","overlay-gradient":""},"tablet":{"background-color":"var(--ast-global-color-5)","background-image":"","background-repeat":"repeat","background-position":"center center","background-size":"auto","background-attachment":"scroll","background-type":"","background-media":"","overlay-type":"","overlay-color":"","overlay-opacity":"","overlay-gradient":""},"mobile":{"background-color":"var(--ast-global-color-5)","background-image":"","background-repeat":"repeat","background-position":"center center","background-size":"auto","background-attachment":"scroll","background-type":"","background-media":"","overlay-type":"","overlay-color":"","overlay-opacity":"","overlay-gradient":""}}},"product_brand":[],"product_cat":[34226],"product_tag":[],"pa_brand_name":[34179],"class_list":{"0":"post-120459","1":"product","2":"type-product","3":"status-publish","4":"has-post-thumbnail","6":"product_cat-summer-light-truck","7":"pa_brand_name-ovation","8":"desktop-align-left","9":"tablet-align-left","10":"mobile-align-left","12":"first","13":"outofstock","14":"taxable","15":"shipping-taxable","16":"purchasable","17":"product-type-simple"},"_links":{"self":[{"href":"https:\/\/shop.rettum.ee\/en\/wp-json\/wp\/v2\/product\/120459","targetHints":{"allow":["GET"]}}],"collection":[{"href":"https:\/\/shop.rettum.ee\/en\/wp-json\/wp\/v2\/product"}],"about":[{"href":"https:\/\/shop.rettum.ee\/en\/wp-json\/wp\/v2\/types\/product"}],"version-history":[{"count":1,"href":"https:\/\/shop.rettum.ee\/en\/wp-json\/wp\/v2\/product\/120459\/revisions"}],"predecessor-version":[{"id":126070,"href":"https:\/\/shop.rettum.ee\/en\/wp-json\/wp\/v2\/product\/120459\/revisions\/126070"}],"wp:featuredmedia":[{"embeddable":true,"href":"https:\/\/shop.rettum.ee\/en\/wp-json\/wp\/v2\/media\/124030"}],"wp:attachment":[{"href":"https:\/\/shop.rettum.ee\/en\/wp-json\/wp\/v2\/media?parent=120459"}],"wp:term":[{"taxonomy":"product_brand","embeddable":true,"href":"https:\/\/shop.rettum.ee\/en\/wp-json\/wp\/v2\/product_brand?post=120459"},{"taxonomy":"product_cat","embeddable":true,"href":"https:\/\/shop.rettum.ee\/en\/wp-json\/wp\/v2\/product_cat?post=120459"},{"taxonomy":"product_tag","embeddable":true,"href":"https:\/\/shop.rettum.ee\/en\/wp-json\/wp\/v2\/product_tag?post=120459"},{"taxonomy":"pa_brand_name","embeddable":true,"href":"https:\/\/shop.rettum.ee\/en\/wp-json\/wp\/v2\/pa_brand_name?post=120459"}],"curies":[{"name":"wp","href":"https:\/\/api.w.org\/{rel}","templated":true}]}}