{"id":120461,"date":"2025-03-31T03:02:32","date_gmt":"2025-03-31T00:02:32","guid":{"rendered":"https:\/\/shop.rettum.ee\/toode\/205-80r14c-ovation-v-02-109-107q-dcb72-ms\/"},"modified":"2026-03-22T03:04:46","modified_gmt":"2026-03-22T01:04:46","slug":"205-80r14c-ovation-v-02-109-107q-dcb72-ms","status":"publish","type":"product","link":"https:\/\/shop.rettum.ee\/en\/product\/205-80r14c-ovation-v-02-109-107q-dcb72-ms\/","title":{"rendered":"205\/80R14C OVATION V-02 109\/107Q DCB72 M+S"},"content":{"rendered":"<p>Tutvustame 205\/80R14C OVATION V-02 rehvi \u2013 usaldusv\u00e4\u00e4rne valik n\u00f5udlikele juhi- ja veokasutajatele. See kvaliteetne rehv on konstrueeritud tagama stabiilne ja turvaline s\u00f5idukogemus igasugustes teeoludes. M\u00e4rgistusega M+S on rehv optimeeritud nii mudadele kui lumisele maastikule, pakkudes kindlat haardumist ja juhtimisjulgust ka n\u00f5udlikel ilmastikutingimustel.<\/p>\n<p>Osta OVATION V-02 rehv, mille tehnilised n\u00e4itajad 109\/107Q ja DCB72 kinnitavad selle suure j\u00f5udluse ning vastupidavuse. Rehvi m\u00f5\u00f5tmed 205\/80R14C tagavad suurep\u00e4rase stabiliseerimise ning sujuva s\u00f5idu nii linnas kui maanteel. T\u00f5hus disain ja k\u00f5rgekvaliteedilised materjalid aitavad v\u00e4hendada kulumist ning parandada k\u00fctuses\u00e4\u00e4stlikkust, pakkudes energiat\u00f5husat lahendust igap\u00e4evasteks s\u00f5itudeks.<\/p>\n<p>Kui otsid rehvi, mis \u00fchendab turvalisuse, tugevuse ja mitmek\u00fclgsuse, on OVATION V-02 ideaalne valik. Pane oma s\u00f5iduki varustusse kvaliteet, mis vastab nii t\u00f6\u00f6- kui ka vabaaja s\u00f5iduvajadustele!<\/p>","protected":false},"excerpt":{"rendered":"<p>Tutvustame 205\/80R14C OVATION V-02 rehvi \u2013 usaldusv\u00e4\u00e4rne valik n\u00f5udlikele juhi- ja veokasutajatele. See kvaliteetne rehv on konstrueeritud tagama stabiilne ja turvaline s\u00f5idukogemus igasugustes teeoludes. M\u00e4rgistusega M+S on rehv optimeeritud nii mudadele kui lumisele maastikule, pakkudes kindlat haardumist ja juhtimisjulgust ka n\u00f5udlikel ilmastikutingimustel. Osta OVATION V-02 rehv, mille tehnilised n\u00e4itajad 109\/107Q ja DCB72 kinnitavad selle suure [&hellip;]<\/p>\n","protected":false},"featured_media":124030,"template":"","meta":{"site-sidebar-layout":"default","site-content-layout":"","ast-site-content-layout":"","site-content-style":"default","site-sidebar-style":"default","ast-global-header-display":"","ast-banner-title-visibility":"","ast-main-header-display":"","ast-hfb-above-header-display":"","ast-hfb-below-header-display":"","ast-hfb-mobile-header-display":"","site-post-title":"","ast-breadcrumbs-content":"","ast-featured-img":"","footer-sml-layout":"","theme-transparent-header-meta":"","adv-header-id-meta":"","stick-header-meta":"","header-above-stick-meta":"","header-main-stick-meta":"","header-below-stick-meta":"","astra-migrate-meta-layouts":"default","ast-page-background-enabled":"default","ast-page-background-meta":{"desktop":{"background-color":"","background-image":"","background-repeat":"repeat","background-position":"center center","background-size":"auto","background-attachment":"scroll","background-type":"","background-media":"","overlay-type":"","overlay-color":"","overlay-opacity":"","overlay-gradient":""},"tablet":{"background-color":"","background-image":"","background-repeat":"repeat","background-position":"center center","background-size":"auto","background-attachment":"scroll","background-type":"","background-media":"","overlay-type":"","overlay-color":"","overlay-opacity":"","overlay-gradient":""},"mobile":{"background-color":"","background-image":"","background-repeat":"repeat","background-position":"center center","background-size":"auto","background-attachment":"scroll","background-type":"","background-media":"","overlay-type":"","overlay-color":"","overlay-opacity":"","overlay-gradient":""}},"ast-content-background-meta":{"desktop":{"background-color":"var(--ast-global-color-5)","background-image":"","background-repeat":"repeat","background-position":"center center","background-size":"auto","background-attachment":"scroll","background-type":"","background-media":"","overlay-type":"","overlay-color":"","overlay-opacity":"","overlay-gradient":""},"tablet":{"background-color":"var(--ast-global-color-5)","background-image":"","background-repeat":"repeat","background-position":"center center","background-size":"auto","background-attachment":"scroll","background-type":"","background-media":"","overlay-type":"","overlay-color":"","overlay-opacity":"","overlay-gradient":""},"mobile":{"background-color":"var(--ast-global-color-5)","background-image":"","background-repeat":"repeat","background-position":"center center","background-size":"auto","background-attachment":"scroll","background-type":"","background-media":"","overlay-type":"","overlay-color":"","overlay-opacity":"","overlay-gradient":""}}},"product_brand":[],"product_cat":[34226],"product_tag":[],"pa_brand_name":[34179],"class_list":{"0":"post-120461","1":"product","2":"type-product","3":"status-publish","4":"has-post-thumbnail","6":"product_cat-summer-light-truck","7":"pa_brand_name-ovation","8":"desktop-align-left","9":"tablet-align-left","10":"mobile-align-left","12":"first","13":"outofstock","14":"taxable","15":"shipping-taxable","16":"purchasable","17":"product-type-simple"},"_links":{"self":[{"href":"https:\/\/shop.rettum.ee\/en\/wp-json\/wp\/v2\/product\/120461","targetHints":{"allow":["GET"]}}],"collection":[{"href":"https:\/\/shop.rettum.ee\/en\/wp-json\/wp\/v2\/product"}],"about":[{"href":"https:\/\/shop.rettum.ee\/en\/wp-json\/wp\/v2\/types\/product"}],"version-history":[{"count":1,"href":"https:\/\/shop.rettum.ee\/en\/wp-json\/wp\/v2\/product\/120461\/revisions"}],"predecessor-version":[{"id":126069,"href":"https:\/\/shop.rettum.ee\/en\/wp-json\/wp\/v2\/product\/120461\/revisions\/126069"}],"wp:featuredmedia":[{"embeddable":true,"href":"https:\/\/shop.rettum.ee\/en\/wp-json\/wp\/v2\/media\/124030"}],"wp:attachment":[{"href":"https:\/\/shop.rettum.ee\/en\/wp-json\/wp\/v2\/media?parent=120461"}],"wp:term":[{"taxonomy":"product_brand","embeddable":true,"href":"https:\/\/shop.rettum.ee\/en\/wp-json\/wp\/v2\/product_brand?post=120461"},{"taxonomy":"product_cat","embeddable":true,"href":"https:\/\/shop.rettum.ee\/en\/wp-json\/wp\/v2\/product_cat?post=120461"},{"taxonomy":"product_tag","embeddable":true,"href":"https:\/\/shop.rettum.ee\/en\/wp-json\/wp\/v2\/product_tag?post=120461"},{"taxonomy":"pa_brand_name","embeddable":true,"href":"https:\/\/shop.rettum.ee\/en\/wp-json\/wp\/v2\/pa_brand_name?post=120461"}],"curies":[{"name":"wp","href":"https:\/\/api.w.org\/{rel}","templated":true}]}}