{"id":120463,"date":"2025-03-31T03:02:33","date_gmt":"2025-03-31T00:02:33","guid":{"rendered":"https:\/\/shop.rettum.ee\/toode\/195-80r15c-aptany-rl106-106-104s-cbb70\/"},"modified":"2025-07-30T02:51:38","modified_gmt":"2025-07-29T23:51:38","slug":"195-80r15c-aptany-rl106-106-104s-cbb70","status":"publish","type":"product","link":"https:\/\/shop.rettum.ee\/en\/product\/195-80r15c-aptany-rl106-106-104s-cbb70\/","title":{"rendered":"195\/80R15C APTANY RL106 106\/104S CBB70"},"content":{"rendered":"<p>APTANY RL106 195\/80R15C CBB70 on tipptasemel kommertsrehv, mis \u00fchendab kaasaegse insenerit\u00f6\u00f6 ja k\u00f5rgete ohutusstandardite parima j\u00f5udluse. Selle rehviga on tagatud eriti hea stabiilsus ja juhitavus igas s\u00f5idutingimuses. T\u00e4psed m\u00f5\u00f5tmed 195\/80R15C tagavad \u00fchtlase kontakti teega, v\u00f5imaldades maksimaalset haarduvust ning sujuvat s\u00f5idukogemust nii kuivatel kui m\u00e4rgadel teedel.<\/p>\n<p>Rehvi koormusn\u00e4itajad 106\/104S kindlustavad, et see suudab kanda raskemaid koormaid ja sobib suurep\u00e4raselt n\u00f5udlikele s\u00f5idutingimustele. CBB70 tehnoloogia t\u00e4iustab rehvi konstruktsiooni, parandades k\u00fctuses\u00e4\u00e4stlikkust ja pikendades selle kasutusiga. APTANY RL106 on loodud pakkuma usaldusv\u00e4\u00e4rset j\u00f5udlust ja optimeeritud turvalisust, muutes selle ideaalseks valikuks nii pikamaa- kui linnas\u00f5iduks.<\/p>\n<p>Valides APTANY RL106, valite rehvi, mis toob esile innovatsiooni ning tagab s\u00f5iduki stabiilsuse ja ohutuse k\u00f5ikides s\u00f5idutingimustes. See rehv vastab k\u00f5rgeimatele n\u00f5udmistele ning on usaldusv\u00e4\u00e4rne kaaslane igal teekonnal.<\/p>","protected":false},"excerpt":{"rendered":"<p>APTANY RL106 195\/80R15C CBB70 on tipptasemel kommertsrehv, mis \u00fchendab kaasaegse insenerit\u00f6\u00f6 ja k\u00f5rgete ohutusstandardite parima j\u00f5udluse. Selle rehviga on tagatud eriti hea stabiilsus ja juhitavus igas s\u00f5idutingimuses. T\u00e4psed m\u00f5\u00f5tmed 195\/80R15C tagavad \u00fchtlase kontakti teega, v\u00f5imaldades maksimaalset haarduvust ning sujuvat s\u00f5idukogemust nii kuivatel kui m\u00e4rgadel teedel. Rehvi koormusn\u00e4itajad 106\/104S kindlustavad, et see suudab kanda raskemaid koormaid [&hellip;]<\/p>\n","protected":false},"featured_media":124029,"template":"","meta":{"site-sidebar-layout":"default","site-content-layout":"","ast-site-content-layout":"","site-content-style":"default","site-sidebar-style":"default","ast-global-header-display":"","ast-banner-title-visibility":"","ast-main-header-display":"","ast-hfb-above-header-display":"","ast-hfb-below-header-display":"","ast-hfb-mobile-header-display":"","site-post-title":"","ast-breadcrumbs-content":"","ast-featured-img":"","footer-sml-layout":"","theme-transparent-header-meta":"","adv-header-id-meta":"","stick-header-meta":"","header-above-stick-meta":"","header-main-stick-meta":"","header-below-stick-meta":"","astra-migrate-meta-layouts":"default","ast-page-background-enabled":"default","ast-page-background-meta":{"desktop":{"background-color":"","background-image":"","background-repeat":"repeat","background-position":"center center","background-size":"auto","background-attachment":"scroll","background-type":"","background-media":"","overlay-type":"","overlay-color":"","overlay-opacity":"","overlay-gradient":""},"tablet":{"background-color":"","background-image":"","background-repeat":"repeat","background-position":"center center","background-size":"auto","background-attachment":"scroll","background-type":"","background-media":"","overlay-type":"","overlay-color":"","overlay-opacity":"","overlay-gradient":""},"mobile":{"background-color":"","background-image":"","background-repeat":"repeat","background-position":"center center","background-size":"auto","background-attachment":"scroll","background-type":"","background-media":"","overlay-type":"","overlay-color":"","overlay-opacity":"","overlay-gradient":""}},"ast-content-background-meta":{"desktop":{"background-color":"var(--ast-global-color-5)","background-image":"","background-repeat":"repeat","background-position":"center center","background-size":"auto","background-attachment":"scroll","background-type":"","background-media":"","overlay-type":"","overlay-color":"","overlay-opacity":"","overlay-gradient":""},"tablet":{"background-color":"var(--ast-global-color-5)","background-image":"","background-repeat":"repeat","background-position":"center center","background-size":"auto","background-attachment":"scroll","background-type":"","background-media":"","overlay-type":"","overlay-color":"","overlay-opacity":"","overlay-gradient":""},"mobile":{"background-color":"var(--ast-global-color-5)","background-image":"","background-repeat":"repeat","background-position":"center center","background-size":"auto","background-attachment":"scroll","background-type":"","background-media":"","overlay-type":"","overlay-color":"","overlay-opacity":"","overlay-gradient":""}}},"product_brand":[],"product_cat":[34226],"product_tag":[],"pa_brand_name":[],"class_list":{"0":"post-120463","1":"product","2":"type-product","3":"status-publish","4":"has-post-thumbnail","6":"product_cat-summer-light-truck","7":"desktop-align-left","8":"tablet-align-left","9":"mobile-align-left","11":"first","12":"outofstock","13":"taxable","14":"shipping-taxable","15":"purchasable","16":"product-type-simple"},"_links":{"self":[{"href":"https:\/\/shop.rettum.ee\/en\/wp-json\/wp\/v2\/product\/120463","targetHints":{"allow":["GET"]}}],"collection":[{"href":"https:\/\/shop.rettum.ee\/en\/wp-json\/wp\/v2\/product"}],"about":[{"href":"https:\/\/shop.rettum.ee\/en\/wp-json\/wp\/v2\/types\/product"}],"version-history":[{"count":1,"href":"https:\/\/shop.rettum.ee\/en\/wp-json\/wp\/v2\/product\/120463\/revisions"}],"predecessor-version":[{"id":126066,"href":"https:\/\/shop.rettum.ee\/en\/wp-json\/wp\/v2\/product\/120463\/revisions\/126066"}],"wp:featuredmedia":[{"embeddable":true,"href":"https:\/\/shop.rettum.ee\/en\/wp-json\/wp\/v2\/media\/124029"}],"wp:attachment":[{"href":"https:\/\/shop.rettum.ee\/en\/wp-json\/wp\/v2\/media?parent=120463"}],"wp:term":[{"taxonomy":"product_brand","embeddable":true,"href":"https:\/\/shop.rettum.ee\/en\/wp-json\/wp\/v2\/product_brand?post=120463"},{"taxonomy":"product_cat","embeddable":true,"href":"https:\/\/shop.rettum.ee\/en\/wp-json\/wp\/v2\/product_cat?post=120463"},{"taxonomy":"product_tag","embeddable":true,"href":"https:\/\/shop.rettum.ee\/en\/wp-json\/wp\/v2\/product_tag?post=120463"},{"taxonomy":"pa_brand_name","embeddable":true,"href":"https:\/\/shop.rettum.ee\/en\/wp-json\/wp\/v2\/pa_brand_name?post=120463"}],"curies":[{"name":"wp","href":"https:\/\/api.w.org\/{rel}","templated":true}]}}