{"id":120467,"date":"2025-03-31T03:02:36","date_gmt":"2025-03-31T00:02:36","guid":{"rendered":"https:\/\/shop.rettum.ee\/toode\/400-60-15-5-speedways-pk-305-18pr-tl\/"},"modified":"2025-08-23T02:45:43","modified_gmt":"2025-08-22T23:45:43","slug":"400-60-15-5-speedways-pk-305-18pr-tl","status":"publish","type":"product","link":"https:\/\/shop.rettum.ee\/en\/product\/400-60-15-5-speedways-pk-305-18pr-tl\/","title":{"rendered":"400\/60-15.5 Speedways PK 305 18PR TL"},"content":{"rendered":"<p>400\/60-15.5 Speedways PK 305 18PR TL on k\u00f5rgekvaliteediline tubeless-rehv, mis on loodud n\u00f5udlike t\u00f6\u00f6tingimuste jaoks. Selle 18-kihiline konstruktioon tagab erakordse vastupidavuse ja t\u00f6\u00f6kindluse ka k\u00f5ige pingelisemates olukordades. Rehv kombineerib kaasaegsed tehnoloogiad ja kvaliteetsed materjalid, pakkudes stabiilset ja turvalist s\u00f5idukogemust nii kuivadel kui ka m\u00e4rgadel alustel.<\/p>\n<p>Innovatiivne mustring ja spetsiaalne kumisegu v\u00f5imaldavad optimeerida haardumist ning v\u00e4hendada veeretusvastupanu, mis omakorda aitab v\u00e4hendada k\u00fctusekulu. \u00d5ige valik nii ehitusmasinate kui ka raskete transpordivahendite jaoks, kus vajalik on usaldusv\u00e4\u00e4rsus ja pikemaajaline t\u00f6\u00f6kindlus.<\/p>\n<p>Speedways PK 305 18PR TL on ideaalne partner neile, kes hindavad ohutut ja \u00f6konoomset s\u00f5itu ka k\u00f5ige n\u00f5udlikumates t\u00f6\u00f6oludes. Investeeri kvaliteeti ja usaldusv\u00e4\u00e4rsusesse, et tagada oma s\u00f5idukile parim v\u00f5imalik j\u00f5udlus ja turvalisus igas olukorras.<\/p>","protected":false},"excerpt":{"rendered":"<p>400\/60-15.5 Speedways PK 305 18PR TL on k\u00f5rgekvaliteediline tubeless-rehv, mis on loodud n\u00f5udlike t\u00f6\u00f6tingimuste jaoks. Selle 18-kihiline konstruktioon tagab erakordse vastupidavuse ja t\u00f6\u00f6kindluse ka k\u00f5ige pingelisemates olukordades. Rehv kombineerib kaasaegsed tehnoloogiad ja kvaliteetsed materjalid, pakkudes stabiilset ja turvalist s\u00f5idukogemust nii kuivadel kui ka m\u00e4rgadel alustel. Innovatiivne mustring ja spetsiaalne kumisegu v\u00f5imaldavad optimeerida haardumist ning v\u00e4hendada [&hellip;]<\/p>\n","protected":false},"featured_media":124025,"template":"","meta":{"site-sidebar-layout":"default","site-content-layout":"","ast-site-content-layout":"","site-content-style":"default","site-sidebar-style":"default","ast-global-header-display":"","ast-banner-title-visibility":"","ast-main-header-display":"","ast-hfb-above-header-display":"","ast-hfb-below-header-display":"","ast-hfb-mobile-header-display":"","site-post-title":"","ast-breadcrumbs-content":"","ast-featured-img":"","footer-sml-layout":"","theme-transparent-header-meta":"","adv-header-id-meta":"","stick-header-meta":"","header-above-stick-meta":"","header-main-stick-meta":"","header-below-stick-meta":"","astra-migrate-meta-layouts":"default","ast-page-background-enabled":"default","ast-page-background-meta":{"desktop":{"background-color":"","background-image":"","background-repeat":"repeat","background-position":"center center","background-size":"auto","background-attachment":"scroll","background-type":"","background-media":"","overlay-type":"","overlay-color":"","overlay-opacity":"","overlay-gradient":""},"tablet":{"background-color":"","background-image":"","background-repeat":"repeat","background-position":"center center","background-size":"auto","background-attachment":"scroll","background-type":"","background-media":"","overlay-type":"","overlay-color":"","overlay-opacity":"","overlay-gradient":""},"mobile":{"background-color":"","background-image":"","background-repeat":"repeat","background-position":"center center","background-size":"auto","background-attachment":"scroll","background-type":"","background-media":"","overlay-type":"","overlay-color":"","overlay-opacity":"","overlay-gradient":""}},"ast-content-background-meta":{"desktop":{"background-color":"var(--ast-global-color-5)","background-image":"","background-repeat":"repeat","background-position":"center center","background-size":"auto","background-attachment":"scroll","background-type":"","background-media":"","overlay-type":"","overlay-color":"","overlay-opacity":"","overlay-gradient":""},"tablet":{"background-color":"var(--ast-global-color-5)","background-image":"","background-repeat":"repeat","background-position":"center center","background-size":"auto","background-attachment":"scroll","background-type":"","background-media":"","overlay-type":"","overlay-color":"","overlay-opacity":"","overlay-gradient":""},"mobile":{"background-color":"var(--ast-global-color-5)","background-image":"","background-repeat":"repeat","background-position":"center center","background-size":"auto","background-attachment":"scroll","background-type":"","background-media":"","overlay-type":"","overlay-color":"","overlay-opacity":"","overlay-gradient":""}}},"product_brand":[],"product_cat":[34221],"product_tag":[],"pa_brand_name":[16429],"class_list":{"0":"post-120467","1":"product","2":"type-product","3":"status-publish","4":"has-post-thumbnail","6":"product_cat-tractor","7":"pa_brand_name-speedways","8":"desktop-align-left","9":"tablet-align-left","10":"mobile-align-left","12":"first","13":"outofstock","14":"taxable","15":"shipping-taxable","16":"purchasable","17":"product-type-simple"},"_links":{"self":[{"href":"https:\/\/shop.rettum.ee\/en\/wp-json\/wp\/v2\/product\/120467","targetHints":{"allow":["GET"]}}],"collection":[{"href":"https:\/\/shop.rettum.ee\/en\/wp-json\/wp\/v2\/product"}],"about":[{"href":"https:\/\/shop.rettum.ee\/en\/wp-json\/wp\/v2\/types\/product"}],"version-history":[{"count":1,"href":"https:\/\/shop.rettum.ee\/en\/wp-json\/wp\/v2\/product\/120467\/revisions"}],"predecessor-version":[{"id":126060,"href":"https:\/\/shop.rettum.ee\/en\/wp-json\/wp\/v2\/product\/120467\/revisions\/126060"}],"wp:featuredmedia":[{"embeddable":true,"href":"https:\/\/shop.rettum.ee\/en\/wp-json\/wp\/v2\/media\/124025"}],"wp:attachment":[{"href":"https:\/\/shop.rettum.ee\/en\/wp-json\/wp\/v2\/media?parent=120467"}],"wp:term":[{"taxonomy":"product_brand","embeddable":true,"href":"https:\/\/shop.rettum.ee\/en\/wp-json\/wp\/v2\/product_brand?post=120467"},{"taxonomy":"product_cat","embeddable":true,"href":"https:\/\/shop.rettum.ee\/en\/wp-json\/wp\/v2\/product_cat?post=120467"},{"taxonomy":"product_tag","embeddable":true,"href":"https:\/\/shop.rettum.ee\/en\/wp-json\/wp\/v2\/product_tag?post=120467"},{"taxonomy":"pa_brand_name","embeddable":true,"href":"https:\/\/shop.rettum.ee\/en\/wp-json\/wp\/v2\/pa_brand_name?post=120467"}],"curies":[{"name":"wp","href":"https:\/\/api.w.org\/{rel}","templated":true}]}}