{"id":120474,"date":"2025-03-31T03:02:40","date_gmt":"2025-03-31T00:02:40","guid":{"rendered":"https:\/\/shop.rettum.ee\/toode\/205-70r15-lassa-competus-a-t-3-96t-rp-dcb71-3pmsf-ms\/"},"modified":"2026-03-22T03:04:48","modified_gmt":"2026-03-22T01:04:48","slug":"205-70r15-lassa-competus-a-t-3-96t-rp-dcb71-3pmsf-ms","status":"publish","type":"product","link":"https:\/\/shop.rettum.ee\/en\/product\/205-70r15-lassa-competus-a-t-3-96t-rp-dcb71-3pmsf-ms\/","title":{"rendered":"205\/70R15 LASSA COMPETUS A\/T 3 96T RP DCB71 3PMSF M+S"},"content":{"rendered":"<p>205\/70R15 LASSA COMPETUS A\/T 3 on usaldusv\u00e4\u00e4rne valik autojuhtidele, kes otsivad mitmek\u00fclgset ja turvalist rehvi nii asfaldi kui ka maastikuringluse jaoks. Selle rehvi konstrueerimisel on silmas peetud parimat haarduvust ja stabiilsust erinevates s\u00f5idutingimustes. 3PMSF ja M+S s\u00fcmbolitega varustatud rehvl on tagatud suurep\u00e4rane veoj\u00f5ud ning kindel teek\u00e4ik nii lumistel kui ka mudasel teel.<\/p>\n<p>Rehvi 96T indikaator n\u00e4itab optimaalseid j\u00f5udlus- ja kiirusomadusi, pakkudes vastupidavust ka n\u00f5udlikkes tingimustes. Lassa Competus A\/T 3 disain on loodud v\u00e4hendama veeretakistust, tagades seel\u00e4bi parem k\u00fctuses\u00e4\u00e4stu ja efektiivse s\u00f5iduk\u00e4itumise. Erakordselt funktsionaalne mustri lahendus toetab s\u00f5idu stabiilsust ja ohutust ning v\u00f5imaldab sujuvat \u00fcleminekut erinevate maastikut\u00fckkide vahel.<\/p>\n<p>See rehvi mudel sobib ideaalselt juhile, kes v\u00e4\u00e4rtustab ohutust, j\u00f5udlust ja mitmek\u00fclgsust igal teel \u2013 nii kergetel, libedal kui ka keerulisel maastikul. LASSA COMPETUS A\/T 3 tagab meelerahu ja maksimaalse s\u00f5idumugavuse igas olukorras.<\/p>","protected":false},"excerpt":{"rendered":"<p>205\/70R15 LASSA COMPETUS A\/T 3 on usaldusv\u00e4\u00e4rne valik autojuhtidele, kes otsivad mitmek\u00fclgset ja turvalist rehvi nii asfaldi kui ka maastikuringluse jaoks. Selle rehvi konstrueerimisel on silmas peetud parimat haarduvust ja stabiilsust erinevates s\u00f5idutingimustes. 3PMSF ja M+S s\u00fcmbolitega varustatud rehvl on tagatud suurep\u00e4rane veoj\u00f5ud ning kindel teek\u00e4ik nii lumistel kui ka mudasel teel. Rehvi 96T indikaator [&hellip;]<\/p>\n","protected":false},"featured_media":124022,"template":"","meta":{"site-sidebar-layout":"default","site-content-layout":"","ast-site-content-layout":"","site-content-style":"default","site-sidebar-style":"default","ast-global-header-display":"","ast-banner-title-visibility":"","ast-main-header-display":"","ast-hfb-above-header-display":"","ast-hfb-below-header-display":"","ast-hfb-mobile-header-display":"","site-post-title":"","ast-breadcrumbs-content":"","ast-featured-img":"","footer-sml-layout":"","theme-transparent-header-meta":"","adv-header-id-meta":"","stick-header-meta":"","header-above-stick-meta":"","header-main-stick-meta":"","header-below-stick-meta":"","astra-migrate-meta-layouts":"default","ast-page-background-enabled":"default","ast-page-background-meta":{"desktop":{"background-color":"","background-image":"","background-repeat":"repeat","background-position":"center center","background-size":"auto","background-attachment":"scroll","background-type":"","background-media":"","overlay-type":"","overlay-color":"","overlay-opacity":"","overlay-gradient":""},"tablet":{"background-color":"","background-image":"","background-repeat":"repeat","background-position":"center center","background-size":"auto","background-attachment":"scroll","background-type":"","background-media":"","overlay-type":"","overlay-color":"","overlay-opacity":"","overlay-gradient":""},"mobile":{"background-color":"","background-image":"","background-repeat":"repeat","background-position":"center center","background-size":"auto","background-attachment":"scroll","background-type":"","background-media":"","overlay-type":"","overlay-color":"","overlay-opacity":"","overlay-gradient":""}},"ast-content-background-meta":{"desktop":{"background-color":"var(--ast-global-color-5)","background-image":"","background-repeat":"repeat","background-position":"center center","background-size":"auto","background-attachment":"scroll","background-type":"","background-media":"","overlay-type":"","overlay-color":"","overlay-opacity":"","overlay-gradient":""},"tablet":{"background-color":"var(--ast-global-color-5)","background-image":"","background-repeat":"repeat","background-position":"center center","background-size":"auto","background-attachment":"scroll","background-type":"","background-media":"","overlay-type":"","overlay-color":"","overlay-opacity":"","overlay-gradient":""},"mobile":{"background-color":"var(--ast-global-color-5)","background-image":"","background-repeat":"repeat","background-position":"center center","background-size":"auto","background-attachment":"scroll","background-type":"","background-media":"","overlay-type":"","overlay-color":"","overlay-opacity":"","overlay-gradient":""}}},"product_brand":[],"product_cat":[34225],"product_tag":[],"pa_brand_name":[17798],"class_list":{"0":"post-120474","1":"product","2":"type-product","3":"status-publish","4":"has-post-thumbnail","6":"product_cat-summer-tires-pv","7":"pa_brand_name-lassa","8":"desktop-align-left","9":"tablet-align-left","10":"mobile-align-left","12":"first","13":"outofstock","14":"taxable","15":"shipping-taxable","16":"purchasable","17":"product-type-simple"},"_links":{"self":[{"href":"https:\/\/shop.rettum.ee\/en\/wp-json\/wp\/v2\/product\/120474","targetHints":{"allow":["GET"]}}],"collection":[{"href":"https:\/\/shop.rettum.ee\/en\/wp-json\/wp\/v2\/product"}],"about":[{"href":"https:\/\/shop.rettum.ee\/en\/wp-json\/wp\/v2\/types\/product"}],"version-history":[{"count":1,"href":"https:\/\/shop.rettum.ee\/en\/wp-json\/wp\/v2\/product\/120474\/revisions"}],"predecessor-version":[{"id":126055,"href":"https:\/\/shop.rettum.ee\/en\/wp-json\/wp\/v2\/product\/120474\/revisions\/126055"}],"wp:featuredmedia":[{"embeddable":true,"href":"https:\/\/shop.rettum.ee\/en\/wp-json\/wp\/v2\/media\/124022"}],"wp:attachment":[{"href":"https:\/\/shop.rettum.ee\/en\/wp-json\/wp\/v2\/media?parent=120474"}],"wp:term":[{"taxonomy":"product_brand","embeddable":true,"href":"https:\/\/shop.rettum.ee\/en\/wp-json\/wp\/v2\/product_brand?post=120474"},{"taxonomy":"product_cat","embeddable":true,"href":"https:\/\/shop.rettum.ee\/en\/wp-json\/wp\/v2\/product_cat?post=120474"},{"taxonomy":"product_tag","embeddable":true,"href":"https:\/\/shop.rettum.ee\/en\/wp-json\/wp\/v2\/product_tag?post=120474"},{"taxonomy":"pa_brand_name","embeddable":true,"href":"https:\/\/shop.rettum.ee\/en\/wp-json\/wp\/v2\/pa_brand_name?post=120474"}],"curies":[{"name":"wp","href":"https:\/\/api.w.org\/{rel}","templated":true}]}}