{"id":120490,"date":"2025-03-31T03:02:52","date_gmt":"2025-03-31T00:02:52","guid":{"rendered":"https:\/\/shop.rettum.ee\/toode\/245-45r19-winrun-r330-102w-xl-ncs-elect-cbb71\/"},"modified":"2026-03-27T02:45:35","modified_gmt":"2026-03-27T00:45:35","slug":"245-45r19-winrun-r330-102w-xl-ncs-elect-cbb71","status":"publish","type":"product","link":"https:\/\/shop.rettum.ee\/en\/product\/245-45r19-winrun-r330-102w-xl-ncs-elect-cbb71\/","title":{"rendered":"245\/45R19 WINRUN R330 102W XL NCS Elect CBB71"},"content":{"rendered":"<p>Tutvustame uut 245\/45R19 WINRUN R330 rehvi \u2013 usaldusv\u00e4\u00e4rset partnerit nii igap\u00e4evaseks s\u00f5iduks kui ka sportlikumateks seiklusteks. Selle rehviga saab tagada t\u00e4iuslik stabiilsus ja kindel haare nii kuivadel kui ka m\u00e4rgadel teedel. WINRUN R330 on konstrueeritud vastavalt k\u00f5rgeimatele kvaliteedistandarditele, pakkudes suurep\u00e4rast veeretegurit ja madalat veeretakistust, mis aitab kaasa k\u00fctuses\u00e4\u00e4stlikkusele.<\/p>\n<p>Rehvi koormusindeks 102 ja W-kiirusindeks tagavad, et s\u00f5iduk s\u00e4ilitab optimaalsed j\u00f5udlusomadused kuni 270 km\/h, hoides s\u00f5iduohutuse alati esikohal. XL-versioon t\u00e4hendab t\u00e4iendavat koormustaluvust, muutes rehviga s\u00f5itmise turvalisemaks ka raskema koorma korral. Lisaks tugevdavad NCS Elect tehnoloogia ja CBB71 kood t\u00e4iustatud rehvi struktuuri, pakkudes pikemat eluea ja suuremat vastupidavust ka n\u00f5udlikes s\u00f5iduoludes.<\/p>\n<p>WINRUN R330 rehvid on ideaalne valik neile, kes hindavad usaldusv\u00e4\u00e4rsust, vastupidavust ja suurep\u00e4raseid s\u00f5iduomadusi. V\u00f5ta oma s\u00f5idukile omap\u00e4rane stiil ja kindel j\u00f5udlus \u2013 vali WINRUN R330!<\/p>","protected":false},"excerpt":{"rendered":"<p>Tutvustame uut 245\/45R19 WINRUN R330 rehvi \u2013 usaldusv\u00e4\u00e4rset partnerit nii igap\u00e4evaseks s\u00f5iduks kui ka sportlikumateks seiklusteks. Selle rehviga saab tagada t\u00e4iuslik stabiilsus ja kindel haare nii kuivadel kui ka m\u00e4rgadel teedel. WINRUN R330 on konstrueeritud vastavalt k\u00f5rgeimatele kvaliteedistandarditele, pakkudes suurep\u00e4rast veeretegurit ja madalat veeretakistust, mis aitab kaasa k\u00fctuses\u00e4\u00e4stlikkusele. Rehvi koormusindeks 102 ja W-kiirusindeks tagavad, et [&hellip;]<\/p>\n","protected":false},"featured_media":124023,"template":"","meta":{"site-sidebar-layout":"default","site-content-layout":"","ast-site-content-layout":"","site-content-style":"default","site-sidebar-style":"default","ast-global-header-display":"","ast-banner-title-visibility":"","ast-main-header-display":"","ast-hfb-above-header-display":"","ast-hfb-below-header-display":"","ast-hfb-mobile-header-display":"","site-post-title":"","ast-breadcrumbs-content":"","ast-featured-img":"","footer-sml-layout":"","theme-transparent-header-meta":"","adv-header-id-meta":"","stick-header-meta":"","header-above-stick-meta":"","header-main-stick-meta":"","header-below-stick-meta":"","astra-migrate-meta-layouts":"default","ast-page-background-enabled":"default","ast-page-background-meta":{"desktop":{"background-color":"","background-image":"","background-repeat":"repeat","background-position":"center center","background-size":"auto","background-attachment":"scroll","background-type":"","background-media":"","overlay-type":"","overlay-color":"","overlay-opacity":"","overlay-gradient":""},"tablet":{"background-color":"","background-image":"","background-repeat":"repeat","background-position":"center center","background-size":"auto","background-attachment":"scroll","background-type":"","background-media":"","overlay-type":"","overlay-color":"","overlay-opacity":"","overlay-gradient":""},"mobile":{"background-color":"","background-image":"","background-repeat":"repeat","background-position":"center center","background-size":"auto","background-attachment":"scroll","background-type":"","background-media":"","overlay-type":"","overlay-color":"","overlay-opacity":"","overlay-gradient":""}},"ast-content-background-meta":{"desktop":{"background-color":"var(--ast-global-color-5)","background-image":"","background-repeat":"repeat","background-position":"center center","background-size":"auto","background-attachment":"scroll","background-type":"","background-media":"","overlay-type":"","overlay-color":"","overlay-opacity":"","overlay-gradient":""},"tablet":{"background-color":"var(--ast-global-color-5)","background-image":"","background-repeat":"repeat","background-position":"center center","background-size":"auto","background-attachment":"scroll","background-type":"","background-media":"","overlay-type":"","overlay-color":"","overlay-opacity":"","overlay-gradient":""},"mobile":{"background-color":"var(--ast-global-color-5)","background-image":"","background-repeat":"repeat","background-position":"center center","background-size":"auto","background-attachment":"scroll","background-type":"","background-media":"","overlay-type":"","overlay-color":"","overlay-opacity":"","overlay-gradient":""}}},"product_brand":[],"product_cat":[34225],"product_tag":[],"pa_brand_name":[18354],"class_list":{"0":"post-120490","1":"product","2":"type-product","3":"status-publish","4":"has-post-thumbnail","6":"product_cat-summer-tires-pv","7":"pa_brand_name-winrun","8":"desktop-align-left","9":"tablet-align-left","10":"mobile-align-left","12":"first","13":"outofstock","14":"taxable","15":"shipping-taxable","16":"purchasable","17":"product-type-simple"},"_links":{"self":[{"href":"https:\/\/shop.rettum.ee\/en\/wp-json\/wp\/v2\/product\/120490","targetHints":{"allow":["GET"]}}],"collection":[{"href":"https:\/\/shop.rettum.ee\/en\/wp-json\/wp\/v2\/product"}],"about":[{"href":"https:\/\/shop.rettum.ee\/en\/wp-json\/wp\/v2\/types\/product"}],"version-history":[{"count":2,"href":"https:\/\/shop.rettum.ee\/en\/wp-json\/wp\/v2\/product\/120490\/revisions"}],"predecessor-version":[{"id":126038,"href":"https:\/\/shop.rettum.ee\/en\/wp-json\/wp\/v2\/product\/120490\/revisions\/126038"}],"wp:featuredmedia":[{"embeddable":true,"href":"https:\/\/shop.rettum.ee\/en\/wp-json\/wp\/v2\/media\/124023"}],"wp:attachment":[{"href":"https:\/\/shop.rettum.ee\/en\/wp-json\/wp\/v2\/media?parent=120490"}],"wp:term":[{"taxonomy":"product_brand","embeddable":true,"href":"https:\/\/shop.rettum.ee\/en\/wp-json\/wp\/v2\/product_brand?post=120490"},{"taxonomy":"product_cat","embeddable":true,"href":"https:\/\/shop.rettum.ee\/en\/wp-json\/wp\/v2\/product_cat?post=120490"},{"taxonomy":"product_tag","embeddable":true,"href":"https:\/\/shop.rettum.ee\/en\/wp-json\/wp\/v2\/product_tag?post=120490"},{"taxonomy":"pa_brand_name","embeddable":true,"href":"https:\/\/shop.rettum.ee\/en\/wp-json\/wp\/v2\/pa_brand_name?post=120490"}],"curies":[{"name":"wp","href":"https:\/\/api.w.org\/{rel}","templated":true}]}}