{"id":120491,"date":"2025-03-31T03:02:52","date_gmt":"2025-03-31T00:02:52","guid":{"rendered":"https:\/\/shop.rettum.ee\/toode\/235-35r20-winrun-r330-92w-xl-ncs-elect-cbb71\/"},"modified":"2026-03-22T03:04:51","modified_gmt":"2026-03-22T01:04:51","slug":"235-35r20-winrun-r330-92w-xl-ncs-elect-cbb71","status":"publish","type":"product","link":"https:\/\/shop.rettum.ee\/en\/product\/235-35r20-winrun-r330-92w-xl-ncs-elect-cbb71\/","title":{"rendered":"235\/35R20 WINRUN R330 92W XL NCS Elect CBB71"},"content":{"rendered":"<p>235\/35R20 WINRUN R330 92W XL NCS Elect CBB71 on tipptasemel j\u00f5udlusr\u00f5hk, mis on spetsiaalselt loodud n\u00f5udlikele sportlikele s\u00f5idukitele. Selle m\u00f5\u00f5dud \u2013 235\/35 ja 20-tolline sobivus \u2013 tagavad optimaalse kontakti teega, pakkudes erakordset stabiilsust ja juhitavust ka k\u00f5rgetel kiirustel. XL-versioon ja 92W kiirusklass annavad kindlustunde ka keerukates s\u00f5idutingimustes, v\u00f5imaldades s\u00f5idukil saavutada maksimaalse j\u00f5udluse ja pika kasutusea. <\/p>\n<p>Uuenduslik NCS Elect tehnoloogia tagab efektiivse veekontakti, kindla haardumise ja kiire reageerimise, mis on eriti oluline kurvides ja m\u00e4rgadel teedel s\u00f5ites. Lisaks aitab see rehv v\u00e4hendada veeretakistust, toetades seel\u00e4bi k\u00fctuseefektiivsust ja \u00f6konoomset s\u00f5itu. CBB71 tootekood kinnitab rehvide kvaliteeti ning vastavust kaasaegsetele ohutus- ja j\u00f5udlusstandardeidele.<\/p>\n<p>Valides WINRUN R330, hoolitsete oma s\u00f5iduki ja s\u00f5iduohutuse eest, nautides samas sportlikku stiili ja kindlat kontrolli igal teekonnal.<\/p>","protected":false},"excerpt":{"rendered":"<p>235\/35R20 WINRUN R330 92W XL NCS Elect CBB71 on tipptasemel j\u00f5udlusr\u00f5hk, mis on spetsiaalselt loodud n\u00f5udlikele sportlikele s\u00f5idukitele. Selle m\u00f5\u00f5dud \u2013 235\/35 ja 20-tolline sobivus \u2013 tagavad optimaalse kontakti teega, pakkudes erakordset stabiilsust ja juhitavust ka k\u00f5rgetel kiirustel. XL-versioon ja 92W kiirusklass annavad kindlustunde ka keerukates s\u00f5idutingimustes, v\u00f5imaldades s\u00f5idukil saavutada maksimaalse j\u00f5udluse ja pika kasutusea. [&hellip;]<\/p>\n","protected":false},"featured_media":124023,"template":"","meta":{"site-sidebar-layout":"default","site-content-layout":"","ast-site-content-layout":"","site-content-style":"default","site-sidebar-style":"default","ast-global-header-display":"","ast-banner-title-visibility":"","ast-main-header-display":"","ast-hfb-above-header-display":"","ast-hfb-below-header-display":"","ast-hfb-mobile-header-display":"","site-post-title":"","ast-breadcrumbs-content":"","ast-featured-img":"","footer-sml-layout":"","theme-transparent-header-meta":"","adv-header-id-meta":"","stick-header-meta":"","header-above-stick-meta":"","header-main-stick-meta":"","header-below-stick-meta":"","astra-migrate-meta-layouts":"default","ast-page-background-enabled":"default","ast-page-background-meta":{"desktop":{"background-color":"","background-image":"","background-repeat":"repeat","background-position":"center center","background-size":"auto","background-attachment":"scroll","background-type":"","background-media":"","overlay-type":"","overlay-color":"","overlay-opacity":"","overlay-gradient":""},"tablet":{"background-color":"","background-image":"","background-repeat":"repeat","background-position":"center center","background-size":"auto","background-attachment":"scroll","background-type":"","background-media":"","overlay-type":"","overlay-color":"","overlay-opacity":"","overlay-gradient":""},"mobile":{"background-color":"","background-image":"","background-repeat":"repeat","background-position":"center center","background-size":"auto","background-attachment":"scroll","background-type":"","background-media":"","overlay-type":"","overlay-color":"","overlay-opacity":"","overlay-gradient":""}},"ast-content-background-meta":{"desktop":{"background-color":"var(--ast-global-color-5)","background-image":"","background-repeat":"repeat","background-position":"center center","background-size":"auto","background-attachment":"scroll","background-type":"","background-media":"","overlay-type":"","overlay-color":"","overlay-opacity":"","overlay-gradient":""},"tablet":{"background-color":"var(--ast-global-color-5)","background-image":"","background-repeat":"repeat","background-position":"center center","background-size":"auto","background-attachment":"scroll","background-type":"","background-media":"","overlay-type":"","overlay-color":"","overlay-opacity":"","overlay-gradient":""},"mobile":{"background-color":"var(--ast-global-color-5)","background-image":"","background-repeat":"repeat","background-position":"center center","background-size":"auto","background-attachment":"scroll","background-type":"","background-media":"","overlay-type":"","overlay-color":"","overlay-opacity":"","overlay-gradient":""}}},"product_brand":[],"product_cat":[34225],"product_tag":[],"pa_brand_name":[18354],"class_list":{"0":"post-120491","1":"product","2":"type-product","3":"status-publish","4":"has-post-thumbnail","6":"product_cat-summer-tires-pv","7":"pa_brand_name-winrun","8":"desktop-align-left","9":"tablet-align-left","10":"mobile-align-left","12":"first","13":"outofstock","14":"taxable","15":"shipping-taxable","16":"purchasable","17":"product-type-simple"},"_links":{"self":[{"href":"https:\/\/shop.rettum.ee\/en\/wp-json\/wp\/v2\/product\/120491","targetHints":{"allow":["GET"]}}],"collection":[{"href":"https:\/\/shop.rettum.ee\/en\/wp-json\/wp\/v2\/product"}],"about":[{"href":"https:\/\/shop.rettum.ee\/en\/wp-json\/wp\/v2\/types\/product"}],"version-history":[{"count":1,"href":"https:\/\/shop.rettum.ee\/en\/wp-json\/wp\/v2\/product\/120491\/revisions"}],"predecessor-version":[{"id":126039,"href":"https:\/\/shop.rettum.ee\/en\/wp-json\/wp\/v2\/product\/120491\/revisions\/126039"}],"wp:featuredmedia":[{"embeddable":true,"href":"https:\/\/shop.rettum.ee\/en\/wp-json\/wp\/v2\/media\/124023"}],"wp:attachment":[{"href":"https:\/\/shop.rettum.ee\/en\/wp-json\/wp\/v2\/media?parent=120491"}],"wp:term":[{"taxonomy":"product_brand","embeddable":true,"href":"https:\/\/shop.rettum.ee\/en\/wp-json\/wp\/v2\/product_brand?post=120491"},{"taxonomy":"product_cat","embeddable":true,"href":"https:\/\/shop.rettum.ee\/en\/wp-json\/wp\/v2\/product_cat?post=120491"},{"taxonomy":"product_tag","embeddable":true,"href":"https:\/\/shop.rettum.ee\/en\/wp-json\/wp\/v2\/product_tag?post=120491"},{"taxonomy":"pa_brand_name","embeddable":true,"href":"https:\/\/shop.rettum.ee\/en\/wp-json\/wp\/v2\/pa_brand_name?post=120491"}],"curies":[{"name":"wp","href":"https:\/\/api.w.org\/{rel}","templated":true}]}}