{"id":120492,"date":"2025-03-31T03:02:53","date_gmt":"2025-03-31T00:02:53","guid":{"rendered":"https:\/\/shop.rettum.ee\/toode\/245-40r20-winrun-r330-99w-xl-ncs-elect-cbb71\/"},"modified":"2026-03-22T03:04:51","modified_gmt":"2026-03-22T01:04:51","slug":"245-40r20-winrun-r330-99w-xl-ncs-elect-cbb71","status":"publish","type":"product","link":"https:\/\/shop.rettum.ee\/en\/product\/245-40r20-winrun-r330-99w-xl-ncs-elect-cbb71\/","title":{"rendered":"245\/40R20 WINRUN R330 99W XL NCS Elect CBB71"},"content":{"rendered":"<p>245\/40R20 WINRUN R330 99W XL NCS Elect CBB71 on tipptasemel sportrehv, mis tagab erakordse s\u00f5idukogemuse ja ohutuse ka k\u00f5ige n\u00f5udlikumates liiklusoludes. Selle XL-kandev\u00f5imega disain sobib ideaalselt j\u00f5ulisteks ja d\u00fcnaamilisteks s\u00f5itudeks, pakkudes stabiilsust ning t\u00e4pset juhitavust ka teravatel kurvidel. 99 koormusindeks ja W kiirusklass tagavad, et rehv vastab k\u00f5rgeimatele standarditele, v\u00f5imaldades maksimaalset efektiivsust ja turvalisust ka k\u00f5rgetel kiirustel.<\/p>\n<p>Innovatiivsed NCS ja Elect tehnoloogiad parandavad veoharu ning tagavad kiire reageerimise muutuvas s\u00f5idutingimustes, pakkudes tipptasemel gripi nii kuivadel kui ka m\u00e4rgadel teedel. Rehvimustrit kujundades on arvestatud vajadusega v\u00e4hendada vee plahvatust ja parandada stabiilsust, mis teeb sellest ideaalse valiku nii sportautodele kui ka suure j\u00f5udlusega s\u00f5idukitele. WINRUN R330 on loodud neile, kes hindavad kvaliteeti, ohutust ja s\u00f5idum\u00f5nud \u2013 investeering, mis viib iga s\u00f5idu uuele tasemele.<\/p>","protected":false},"excerpt":{"rendered":"<p>245\/40R20 WINRUN R330 99W XL NCS Elect CBB71 on tipptasemel sportrehv, mis tagab erakordse s\u00f5idukogemuse ja ohutuse ka k\u00f5ige n\u00f5udlikumates liiklusoludes. Selle XL-kandev\u00f5imega disain sobib ideaalselt j\u00f5ulisteks ja d\u00fcnaamilisteks s\u00f5itudeks, pakkudes stabiilsust ning t\u00e4pset juhitavust ka teravatel kurvidel. 99 koormusindeks ja W kiirusklass tagavad, et rehv vastab k\u00f5rgeimatele standarditele, v\u00f5imaldades maksimaalset efektiivsust ja turvalisust ka [&hellip;]<\/p>\n","protected":false},"featured_media":124023,"template":"","meta":{"site-sidebar-layout":"default","site-content-layout":"","ast-site-content-layout":"","site-content-style":"default","site-sidebar-style":"default","ast-global-header-display":"","ast-banner-title-visibility":"","ast-main-header-display":"","ast-hfb-above-header-display":"","ast-hfb-below-header-display":"","ast-hfb-mobile-header-display":"","site-post-title":"","ast-breadcrumbs-content":"","ast-featured-img":"","footer-sml-layout":"","theme-transparent-header-meta":"","adv-header-id-meta":"","stick-header-meta":"","header-above-stick-meta":"","header-main-stick-meta":"","header-below-stick-meta":"","astra-migrate-meta-layouts":"default","ast-page-background-enabled":"default","ast-page-background-meta":{"desktop":{"background-color":"","background-image":"","background-repeat":"repeat","background-position":"center center","background-size":"auto","background-attachment":"scroll","background-type":"","background-media":"","overlay-type":"","overlay-color":"","overlay-opacity":"","overlay-gradient":""},"tablet":{"background-color":"","background-image":"","background-repeat":"repeat","background-position":"center center","background-size":"auto","background-attachment":"scroll","background-type":"","background-media":"","overlay-type":"","overlay-color":"","overlay-opacity":"","overlay-gradient":""},"mobile":{"background-color":"","background-image":"","background-repeat":"repeat","background-position":"center center","background-size":"auto","background-attachment":"scroll","background-type":"","background-media":"","overlay-type":"","overlay-color":"","overlay-opacity":"","overlay-gradient":""}},"ast-content-background-meta":{"desktop":{"background-color":"var(--ast-global-color-5)","background-image":"","background-repeat":"repeat","background-position":"center center","background-size":"auto","background-attachment":"scroll","background-type":"","background-media":"","overlay-type":"","overlay-color":"","overlay-opacity":"","overlay-gradient":""},"tablet":{"background-color":"var(--ast-global-color-5)","background-image":"","background-repeat":"repeat","background-position":"center center","background-size":"auto","background-attachment":"scroll","background-type":"","background-media":"","overlay-type":"","overlay-color":"","overlay-opacity":"","overlay-gradient":""},"mobile":{"background-color":"var(--ast-global-color-5)","background-image":"","background-repeat":"repeat","background-position":"center center","background-size":"auto","background-attachment":"scroll","background-type":"","background-media":"","overlay-type":"","overlay-color":"","overlay-opacity":"","overlay-gradient":""}}},"product_brand":[],"product_cat":[34225],"product_tag":[],"pa_brand_name":[18354],"class_list":{"0":"post-120492","1":"product","2":"type-product","3":"status-publish","4":"has-post-thumbnail","6":"product_cat-summer-tires-pv","7":"pa_brand_name-winrun","8":"desktop-align-left","9":"tablet-align-left","10":"mobile-align-left","12":"first","13":"outofstock","14":"taxable","15":"shipping-taxable","16":"purchasable","17":"product-type-simple"},"_links":{"self":[{"href":"https:\/\/shop.rettum.ee\/en\/wp-json\/wp\/v2\/product\/120492","targetHints":{"allow":["GET"]}}],"collection":[{"href":"https:\/\/shop.rettum.ee\/en\/wp-json\/wp\/v2\/product"}],"about":[{"href":"https:\/\/shop.rettum.ee\/en\/wp-json\/wp\/v2\/types\/product"}],"version-history":[{"count":2,"href":"https:\/\/shop.rettum.ee\/en\/wp-json\/wp\/v2\/product\/120492\/revisions"}],"predecessor-version":[{"id":126037,"href":"https:\/\/shop.rettum.ee\/en\/wp-json\/wp\/v2\/product\/120492\/revisions\/126037"}],"wp:featuredmedia":[{"embeddable":true,"href":"https:\/\/shop.rettum.ee\/en\/wp-json\/wp\/v2\/media\/124023"}],"wp:attachment":[{"href":"https:\/\/shop.rettum.ee\/en\/wp-json\/wp\/v2\/media?parent=120492"}],"wp:term":[{"taxonomy":"product_brand","embeddable":true,"href":"https:\/\/shop.rettum.ee\/en\/wp-json\/wp\/v2\/product_brand?post=120492"},{"taxonomy":"product_cat","embeddable":true,"href":"https:\/\/shop.rettum.ee\/en\/wp-json\/wp\/v2\/product_cat?post=120492"},{"taxonomy":"product_tag","embeddable":true,"href":"https:\/\/shop.rettum.ee\/en\/wp-json\/wp\/v2\/product_tag?post=120492"},{"taxonomy":"pa_brand_name","embeddable":true,"href":"https:\/\/shop.rettum.ee\/en\/wp-json\/wp\/v2\/pa_brand_name?post=120492"}],"curies":[{"name":"wp","href":"https:\/\/api.w.org\/{rel}","templated":true}]}}