{"id":120493,"date":"2025-03-31T03:02:54","date_gmt":"2025-03-31T00:02:54","guid":{"rendered":"https:\/\/shop.rettum.ee\/toode\/275-35r20-winrun-r330-102w-xl-dcb71\/"},"modified":"2026-03-25T02:47:14","modified_gmt":"2026-03-25T00:47:14","slug":"275-35r20-winrun-r330-102w-xl-dcb71","status":"publish","type":"product","link":"https:\/\/shop.rettum.ee\/en\/product\/275-35r20-winrun-r330-102w-xl-dcb71\/","title":{"rendered":"275\/35R20 WINRUN R330 102W XL DCB71"},"content":{"rendered":"<p>275\/35R20 WINRUN R330 102W XL DCB71 on k\u00f5rgj\u00f5udlusega rehv, mis pakub silmapaistvat juhitavust ja turvalisust nii kuivadel kui m\u00e4rgadel teedel. Rehvi 275 mm laius ja 35% k\u00fclgseina k\u00f5rgus tagavad suurep\u00e4rase haarduvuse ning kindla kontaktpinna, v\u00f5imaldades kiiret ja t\u00e4pset reageerimist ootamatutele olukordadele. XL-konstruktsioon suurendab koormustaluvust, muutes selle ideaalseks sportlike autojuhtide ja n\u00f5udlike s\u00f5iduolude jaoks, kus maksimaalne j\u00f5udlus on v\u00f5tmet\u00e4htsusega.<\/p>\n<p>Rehvi 102W klassifikatsioon n\u00e4itab, et tegemist on kvaliteetse tootega, mille maksimaalne koormusindeks ja kiirusklass (kuni 270 km\/h) vastavad k\u00f5rgetele standarditele. WINRUN R330 tehnoloogiliselt t\u00e4iustatud disain tagab \u00fchtlase kulumise ja optimaalse k\u00fctuses\u00e4\u00e4stu, pakkudes s\u00f5idule \u00fchtlast stabiilsust ja kindlustunnet. Ideaalne valik neile, kes hindavad ohutust, vastupidavust ja sportlikku s\u00f5idukogemust igal teekonnal.<\/p>","protected":false},"excerpt":{"rendered":"<p>275\/35R20 WINRUN R330 102W XL DCB71 on k\u00f5rgj\u00f5udlusega rehv, mis pakub silmapaistvat juhitavust ja turvalisust nii kuivadel kui m\u00e4rgadel teedel. Rehvi 275 mm laius ja 35% k\u00fclgseina k\u00f5rgus tagavad suurep\u00e4rase haarduvuse ning kindla kontaktpinna, v\u00f5imaldades kiiret ja t\u00e4pset reageerimist ootamatutele olukordadele. XL-konstruktsioon suurendab koormustaluvust, muutes selle ideaalseks sportlike autojuhtide ja n\u00f5udlike s\u00f5iduolude jaoks, kus maksimaalne [&hellip;]<\/p>\n","protected":false},"featured_media":124023,"template":"","meta":{"site-sidebar-layout":"default","site-content-layout":"","ast-site-content-layout":"","site-content-style":"default","site-sidebar-style":"default","ast-global-header-display":"","ast-banner-title-visibility":"","ast-main-header-display":"","ast-hfb-above-header-display":"","ast-hfb-below-header-display":"","ast-hfb-mobile-header-display":"","site-post-title":"","ast-breadcrumbs-content":"","ast-featured-img":"","footer-sml-layout":"","theme-transparent-header-meta":"","adv-header-id-meta":"","stick-header-meta":"","header-above-stick-meta":"","header-main-stick-meta":"","header-below-stick-meta":"","astra-migrate-meta-layouts":"default","ast-page-background-enabled":"default","ast-page-background-meta":{"desktop":{"background-color":"","background-image":"","background-repeat":"repeat","background-position":"center center","background-size":"auto","background-attachment":"scroll","background-type":"","background-media":"","overlay-type":"","overlay-color":"","overlay-opacity":"","overlay-gradient":""},"tablet":{"background-color":"","background-image":"","background-repeat":"repeat","background-position":"center center","background-size":"auto","background-attachment":"scroll","background-type":"","background-media":"","overlay-type":"","overlay-color":"","overlay-opacity":"","overlay-gradient":""},"mobile":{"background-color":"","background-image":"","background-repeat":"repeat","background-position":"center center","background-size":"auto","background-attachment":"scroll","background-type":"","background-media":"","overlay-type":"","overlay-color":"","overlay-opacity":"","overlay-gradient":""}},"ast-content-background-meta":{"desktop":{"background-color":"var(--ast-global-color-5)","background-image":"","background-repeat":"repeat","background-position":"center center","background-size":"auto","background-attachment":"scroll","background-type":"","background-media":"","overlay-type":"","overlay-color":"","overlay-opacity":"","overlay-gradient":""},"tablet":{"background-color":"var(--ast-global-color-5)","background-image":"","background-repeat":"repeat","background-position":"center center","background-size":"auto","background-attachment":"scroll","background-type":"","background-media":"","overlay-type":"","overlay-color":"","overlay-opacity":"","overlay-gradient":""},"mobile":{"background-color":"var(--ast-global-color-5)","background-image":"","background-repeat":"repeat","background-position":"center center","background-size":"auto","background-attachment":"scroll","background-type":"","background-media":"","overlay-type":"","overlay-color":"","overlay-opacity":"","overlay-gradient":""}}},"product_brand":[],"product_cat":[34225],"product_tag":[],"pa_brand_name":[18354],"class_list":{"0":"post-120493","1":"product","2":"type-product","3":"status-publish","4":"has-post-thumbnail","6":"product_cat-summer-tires-pv","7":"pa_brand_name-winrun","8":"desktop-align-left","9":"tablet-align-left","10":"mobile-align-left","12":"first","13":"instock","14":"taxable","15":"shipping-taxable","16":"purchasable","17":"product-type-simple"},"_links":{"self":[{"href":"https:\/\/shop.rettum.ee\/en\/wp-json\/wp\/v2\/product\/120493","targetHints":{"allow":["GET"]}}],"collection":[{"href":"https:\/\/shop.rettum.ee\/en\/wp-json\/wp\/v2\/product"}],"about":[{"href":"https:\/\/shop.rettum.ee\/en\/wp-json\/wp\/v2\/types\/product"}],"version-history":[{"count":2,"href":"https:\/\/shop.rettum.ee\/en\/wp-json\/wp\/v2\/product\/120493\/revisions"}],"predecessor-version":[{"id":126036,"href":"https:\/\/shop.rettum.ee\/en\/wp-json\/wp\/v2\/product\/120493\/revisions\/126036"}],"wp:featuredmedia":[{"embeddable":true,"href":"https:\/\/shop.rettum.ee\/en\/wp-json\/wp\/v2\/media\/124023"}],"wp:attachment":[{"href":"https:\/\/shop.rettum.ee\/en\/wp-json\/wp\/v2\/media?parent=120493"}],"wp:term":[{"taxonomy":"product_brand","embeddable":true,"href":"https:\/\/shop.rettum.ee\/en\/wp-json\/wp\/v2\/product_brand?post=120493"},{"taxonomy":"product_cat","embeddable":true,"href":"https:\/\/shop.rettum.ee\/en\/wp-json\/wp\/v2\/product_cat?post=120493"},{"taxonomy":"product_tag","embeddable":true,"href":"https:\/\/shop.rettum.ee\/en\/wp-json\/wp\/v2\/product_tag?post=120493"},{"taxonomy":"pa_brand_name","embeddable":true,"href":"https:\/\/shop.rettum.ee\/en\/wp-json\/wp\/v2\/pa_brand_name?post=120493"}],"curies":[{"name":"wp","href":"https:\/\/api.w.org\/{rel}","templated":true}]}}