{"id":120495,"date":"2025-03-31T03:02:55","date_gmt":"2025-03-31T00:02:55","guid":{"rendered":"https:\/\/shop.rettum.ee\/toode\/305-30r21-winrun-r330-104y-xl-ncs-elect-cba72\/"},"modified":"2026-03-22T03:04:52","modified_gmt":"2026-03-22T01:04:52","slug":"305-30r21-winrun-r330-104y-xl-ncs-elect-cba72","status":"publish","type":"product","link":"https:\/\/shop.rettum.ee\/en\/product\/305-30r21-winrun-r330-104y-xl-ncs-elect-cba72\/","title":{"rendered":"305\/30R21 WINRUN R330 104Y XL NCS Elect CBA72"},"content":{"rendered":"<p>Tutvustame uut 305\/30R21 WINRUN R330 rehvi \u2013 \u00f5igustatud valik neile, kes otsivad k\u00f5rgesse performantsi ja ohutuse korralikku investeeringut. Rehvi m\u00f5\u00f5tmed tagavad suurep\u00e4rase stabiliseerituse ja sportliku k\u00e4itumise nii maanteel kui ka n\u00f5udlikumates kurvides. WINRUN R330 on varustatud XX-l\u00e4bim\u00f5eldud disainiga, mis tagab optimaalse kontaktpinna ja maksimaalse haarduvuse ka ekstreemsetes s\u00f5iduoludes.<\/p>\n<p>Rehvi koormusindeks 104 ja kiirusklass Y n\u00e4itavad selle v\u00f5imekust toetada suuremaid koormusi ja saavutada muljetavaldavaid kiirusi, samas kui XL-t\u00fc\u00fcpi konstruktsioon lisab t\u00e4iendava vastupidavuse ja stabiilsuse. NCS Elect tehnoloogia tagab rehvi pikema eluea ning tipptasemel j\u00f5udluse igas olukorras, muutes selle ideaalseks valikuks nii igap\u00e4evaseks s\u00f5itudeks kui ka spordis\u00f5iduks.<\/p>\n<p>WINRUN R330 on loodud neile, kes hindavad t\u00e4iuslikku s\u00f5idu- ja juhitavuskogemust, pakkudes usaldusv\u00e4\u00e4rsust, turvalisust ja erakordset kvaliteeti t\u00e4naval. Valides selle rehvi, investeerid tulevikukindlasse s\u00f5idukogemusse.<\/p>","protected":false},"excerpt":{"rendered":"<p>Tutvustame uut 305\/30R21 WINRUN R330 rehvi \u2013 \u00f5igustatud valik neile, kes otsivad k\u00f5rgesse performantsi ja ohutuse korralikku investeeringut. Rehvi m\u00f5\u00f5tmed tagavad suurep\u00e4rase stabiliseerituse ja sportliku k\u00e4itumise nii maanteel kui ka n\u00f5udlikumates kurvides. WINRUN R330 on varustatud XX-l\u00e4bim\u00f5eldud disainiga, mis tagab optimaalse kontaktpinna ja maksimaalse haarduvuse ka ekstreemsetes s\u00f5iduoludes. Rehvi koormusindeks 104 ja kiirusklass Y n\u00e4itavad [&hellip;]<\/p>\n","protected":false},"featured_media":124023,"template":"","meta":{"site-sidebar-layout":"default","site-content-layout":"","ast-site-content-layout":"","site-content-style":"default","site-sidebar-style":"default","ast-global-header-display":"","ast-banner-title-visibility":"","ast-main-header-display":"","ast-hfb-above-header-display":"","ast-hfb-below-header-display":"","ast-hfb-mobile-header-display":"","site-post-title":"","ast-breadcrumbs-content":"","ast-featured-img":"","footer-sml-layout":"","theme-transparent-header-meta":"","adv-header-id-meta":"","stick-header-meta":"","header-above-stick-meta":"","header-main-stick-meta":"","header-below-stick-meta":"","astra-migrate-meta-layouts":"default","ast-page-background-enabled":"default","ast-page-background-meta":{"desktop":{"background-color":"","background-image":"","background-repeat":"repeat","background-position":"center center","background-size":"auto","background-attachment":"scroll","background-type":"","background-media":"","overlay-type":"","overlay-color":"","overlay-opacity":"","overlay-gradient":""},"tablet":{"background-color":"","background-image":"","background-repeat":"repeat","background-position":"center center","background-size":"auto","background-attachment":"scroll","background-type":"","background-media":"","overlay-type":"","overlay-color":"","overlay-opacity":"","overlay-gradient":""},"mobile":{"background-color":"","background-image":"","background-repeat":"repeat","background-position":"center center","background-size":"auto","background-attachment":"scroll","background-type":"","background-media":"","overlay-type":"","overlay-color":"","overlay-opacity":"","overlay-gradient":""}},"ast-content-background-meta":{"desktop":{"background-color":"var(--ast-global-color-5)","background-image":"","background-repeat":"repeat","background-position":"center center","background-size":"auto","background-attachment":"scroll","background-type":"","background-media":"","overlay-type":"","overlay-color":"","overlay-opacity":"","overlay-gradient":""},"tablet":{"background-color":"var(--ast-global-color-5)","background-image":"","background-repeat":"repeat","background-position":"center center","background-size":"auto","background-attachment":"scroll","background-type":"","background-media":"","overlay-type":"","overlay-color":"","overlay-opacity":"","overlay-gradient":""},"mobile":{"background-color":"var(--ast-global-color-5)","background-image":"","background-repeat":"repeat","background-position":"center center","background-size":"auto","background-attachment":"scroll","background-type":"","background-media":"","overlay-type":"","overlay-color":"","overlay-opacity":"","overlay-gradient":""}}},"product_brand":[],"product_cat":[34225],"product_tag":[],"pa_brand_name":[18354],"class_list":{"0":"post-120495","1":"product","2":"type-product","3":"status-publish","4":"has-post-thumbnail","6":"product_cat-summer-tires-pv","7":"pa_brand_name-winrun","8":"desktop-align-left","9":"tablet-align-left","10":"mobile-align-left","12":"first","13":"outofstock","14":"taxable","15":"shipping-taxable","16":"purchasable","17":"product-type-simple"},"_links":{"self":[{"href":"https:\/\/shop.rettum.ee\/en\/wp-json\/wp\/v2\/product\/120495","targetHints":{"allow":["GET"]}}],"collection":[{"href":"https:\/\/shop.rettum.ee\/en\/wp-json\/wp\/v2\/product"}],"about":[{"href":"https:\/\/shop.rettum.ee\/en\/wp-json\/wp\/v2\/types\/product"}],"version-history":[{"count":2,"href":"https:\/\/shop.rettum.ee\/en\/wp-json\/wp\/v2\/product\/120495\/revisions"}],"predecessor-version":[{"id":126035,"href":"https:\/\/shop.rettum.ee\/en\/wp-json\/wp\/v2\/product\/120495\/revisions\/126035"}],"wp:featuredmedia":[{"embeddable":true,"href":"https:\/\/shop.rettum.ee\/en\/wp-json\/wp\/v2\/media\/124023"}],"wp:attachment":[{"href":"https:\/\/shop.rettum.ee\/en\/wp-json\/wp\/v2\/media?parent=120495"}],"wp:term":[{"taxonomy":"product_brand","embeddable":true,"href":"https:\/\/shop.rettum.ee\/en\/wp-json\/wp\/v2\/product_brand?post=120495"},{"taxonomy":"product_cat","embeddable":true,"href":"https:\/\/shop.rettum.ee\/en\/wp-json\/wp\/v2\/product_cat?post=120495"},{"taxonomy":"product_tag","embeddable":true,"href":"https:\/\/shop.rettum.ee\/en\/wp-json\/wp\/v2\/product_tag?post=120495"},{"taxonomy":"pa_brand_name","embeddable":true,"href":"https:\/\/shop.rettum.ee\/en\/wp-json\/wp\/v2\/pa_brand_name?post=120495"}],"curies":[{"name":"wp","href":"https:\/\/api.w.org\/{rel}","templated":true}]}}