{"id":120498,"date":"2025-03-31T03:02:58","date_gmt":"2025-03-31T00:02:58","guid":{"rendered":"https:\/\/shop.rettum.ee\/toode\/235-65r17-lassa-competus-a-t-3-108t-xl-rp-ccb71-3pmsf-ms\/"},"modified":"2026-03-22T03:04:53","modified_gmt":"2026-03-22T01:04:53","slug":"235-65r17-lassa-competus-a-t-3-108t-xl-rp-ccb71-3pmsf-ms","status":"publish","type":"product","link":"https:\/\/shop.rettum.ee\/en\/product\/235-65r17-lassa-competus-a-t-3-108t-xl-rp-ccb71-3pmsf-ms\/","title":{"rendered":"235\/65R17 LASSA COMPETUS A\/T 3 108T XL RP CCB71 3PMSF M+S"},"content":{"rendered":"<p>Lassa Competus A\/T 3 on mitmek\u00fclgne maastikurehv, mis on spetsiaalselt loodud n\u00f5udlikeks tingimusteks nii maanteel kui ka maastikul. Rehvi m\u00f5\u00f5tmed 235\/65R17 ja koormusindeks 108T tagavad stabiilsuse ning suurep\u00e4rase juhtitavuse erinevatel kiirustel. 3PMSF ja M+S s\u00fcmbolid kinnitavad rehvi v\u00f5imekust pakkuda usaldusv\u00e4\u00e4rset haardet ka lumisel, m\u00e4rgel v\u00f5i mudasel pinnal, muutes selle ideaalseks valikuks aastaaegade vaheldumisel ja ootamatute ilmastikutingimuste korral.<\/p>\n<p>XL-kategooria t\u00e4hendab, et rehv suudab kanda raskemaid koormusi, pakkudes seel\u00e4bi lisaturvalisust ja kindlustunnet ka intensiivse kasutuse korral. Rehvis kasutatud k\u00f5rgekvaliteedilised materjalid ja kaasaegne tootmistehnoloogia tagavad pika kasutusea ning madala veeretakistuse, mis omakorda aitab kaasa k\u00fctusekulu v\u00e4hendamisele.<\/p>\n<p>Lassa Competus A\/T 3 on usaldusv\u00e4\u00e4rne partner igasuguste s\u00f5idutingimuste jaoks, pakkudes s\u00f5itjale mugavust, ohutust ja rahulolu igal teekonnal.<\/p>","protected":false},"excerpt":{"rendered":"<p>Lassa Competus A\/T 3 on mitmek\u00fclgne maastikurehv, mis on spetsiaalselt loodud n\u00f5udlikeks tingimusteks nii maanteel kui ka maastikul. Rehvi m\u00f5\u00f5tmed 235\/65R17 ja koormusindeks 108T tagavad stabiilsuse ning suurep\u00e4rase juhtitavuse erinevatel kiirustel. 3PMSF ja M+S s\u00fcmbolid kinnitavad rehvi v\u00f5imekust pakkuda usaldusv\u00e4\u00e4rset haardet ka lumisel, m\u00e4rgel v\u00f5i mudasel pinnal, muutes selle ideaalseks valikuks aastaaegade vaheldumisel ja ootamatute [&hellip;]<\/p>\n","protected":false},"featured_media":124022,"template":"","meta":{"site-sidebar-layout":"default","site-content-layout":"","ast-site-content-layout":"","site-content-style":"default","site-sidebar-style":"default","ast-global-header-display":"","ast-banner-title-visibility":"","ast-main-header-display":"","ast-hfb-above-header-display":"","ast-hfb-below-header-display":"","ast-hfb-mobile-header-display":"","site-post-title":"","ast-breadcrumbs-content":"","ast-featured-img":"","footer-sml-layout":"","theme-transparent-header-meta":"","adv-header-id-meta":"","stick-header-meta":"","header-above-stick-meta":"","header-main-stick-meta":"","header-below-stick-meta":"","astra-migrate-meta-layouts":"default","ast-page-background-enabled":"default","ast-page-background-meta":{"desktop":{"background-color":"","background-image":"","background-repeat":"repeat","background-position":"center center","background-size":"auto","background-attachment":"scroll","background-type":"","background-media":"","overlay-type":"","overlay-color":"","overlay-opacity":"","overlay-gradient":""},"tablet":{"background-color":"","background-image":"","background-repeat":"repeat","background-position":"center center","background-size":"auto","background-attachment":"scroll","background-type":"","background-media":"","overlay-type":"","overlay-color":"","overlay-opacity":"","overlay-gradient":""},"mobile":{"background-color":"","background-image":"","background-repeat":"repeat","background-position":"center center","background-size":"auto","background-attachment":"scroll","background-type":"","background-media":"","overlay-type":"","overlay-color":"","overlay-opacity":"","overlay-gradient":""}},"ast-content-background-meta":{"desktop":{"background-color":"var(--ast-global-color-5)","background-image":"","background-repeat":"repeat","background-position":"center center","background-size":"auto","background-attachment":"scroll","background-type":"","background-media":"","overlay-type":"","overlay-color":"","overlay-opacity":"","overlay-gradient":""},"tablet":{"background-color":"var(--ast-global-color-5)","background-image":"","background-repeat":"repeat","background-position":"center center","background-size":"auto","background-attachment":"scroll","background-type":"","background-media":"","overlay-type":"","overlay-color":"","overlay-opacity":"","overlay-gradient":""},"mobile":{"background-color":"var(--ast-global-color-5)","background-image":"","background-repeat":"repeat","background-position":"center center","background-size":"auto","background-attachment":"scroll","background-type":"","background-media":"","overlay-type":"","overlay-color":"","overlay-opacity":"","overlay-gradient":""}}},"product_brand":[],"product_cat":[34225],"product_tag":[],"pa_brand_name":[17798],"class_list":{"0":"post-120498","1":"product","2":"type-product","3":"status-publish","4":"has-post-thumbnail","6":"product_cat-summer-tires-pv","7":"pa_brand_name-lassa","8":"desktop-align-left","9":"tablet-align-left","10":"mobile-align-left","12":"first","13":"outofstock","14":"taxable","15":"shipping-taxable","16":"purchasable","17":"product-type-simple"},"_links":{"self":[{"href":"https:\/\/shop.rettum.ee\/en\/wp-json\/wp\/v2\/product\/120498","targetHints":{"allow":["GET"]}}],"collection":[{"href":"https:\/\/shop.rettum.ee\/en\/wp-json\/wp\/v2\/product"}],"about":[{"href":"https:\/\/shop.rettum.ee\/en\/wp-json\/wp\/v2\/types\/product"}],"version-history":[{"count":2,"href":"https:\/\/shop.rettum.ee\/en\/wp-json\/wp\/v2\/product\/120498\/revisions"}],"predecessor-version":[{"id":126025,"href":"https:\/\/shop.rettum.ee\/en\/wp-json\/wp\/v2\/product\/120498\/revisions\/126025"}],"wp:featuredmedia":[{"embeddable":true,"href":"https:\/\/shop.rettum.ee\/en\/wp-json\/wp\/v2\/media\/124022"}],"wp:attachment":[{"href":"https:\/\/shop.rettum.ee\/en\/wp-json\/wp\/v2\/media?parent=120498"}],"wp:term":[{"taxonomy":"product_brand","embeddable":true,"href":"https:\/\/shop.rettum.ee\/en\/wp-json\/wp\/v2\/product_brand?post=120498"},{"taxonomy":"product_cat","embeddable":true,"href":"https:\/\/shop.rettum.ee\/en\/wp-json\/wp\/v2\/product_cat?post=120498"},{"taxonomy":"product_tag","embeddable":true,"href":"https:\/\/shop.rettum.ee\/en\/wp-json\/wp\/v2\/product_tag?post=120498"},{"taxonomy":"pa_brand_name","embeddable":true,"href":"https:\/\/shop.rettum.ee\/en\/wp-json\/wp\/v2\/pa_brand_name?post=120498"}],"curies":[{"name":"wp","href":"https:\/\/api.w.org\/{rel}","templated":true}]}}