{"id":120501,"date":"2025-03-31T03:03:00","date_gmt":"2025-03-31T00:03:00","guid":{"rendered":"https:\/\/shop.rettum.ee\/toode\/215-65r15c-lassa-transway-3-104-102t-cba69\/"},"modified":"2026-03-25T02:47:14","modified_gmt":"2026-03-25T00:47:14","slug":"215-65r15c-lassa-transway-3-104-102t-cba69","status":"publish","type":"product","link":"https:\/\/shop.rettum.ee\/en\/product\/215-65r15c-lassa-transway-3-104-102t-cba69\/","title":{"rendered":"215\/65R15C LASSA TRANSWAY 3 104\/102T CBA69"},"content":{"rendered":"<p>Tutvustame rehvi 215\/65R15C LASSA TRANSWAY 3 104\/102T CBA69 \u2013 usaldusv\u00e4\u00e4rne ja vastupidav valik professionaalsetele s\u00f5idukitele. See rehvimudel on disainitud tagama optimaalse haarduvuse ning t\u00f6\u00f6kindluse erinevates s\u00f5idutingimustes, pakkudes stabiilsust nii m\u00e4rgal kui kuival teel. Rehvi m\u00f5\u00f5tmed ja konstruktiivne \u00fclesehitus tagavad \u00fclituge ja efektiivset j\u00f5udlust, v\u00f5imaldades sujuvat ja ohutut s\u00f5itu nii linnas kui maastikul.<\/p>\n<p>LASSA TRANSWAY 3 rehvid on loodud pakkuma k\u00f5rge koormustaluvuse ning suurep\u00e4rase t\u00f6\u00f6kindluse ka rasketes t\u00f6\u00f6oludes. Rehvi koormusindeks 104\/102 ja kiirusklassi T garanteerivad, et see suudab toime tulla igap\u00e4evaste eksploitatsioonin\u00f5udmistega, s\u00e4ilitades oma kvaliteedi ka intensiivse kasutuse korral. Lisaks tagab disainitud mustriga kulumiskindlus ja energias\u00e4\u00e4stlik s\u00f5iduomadus, mis aitab v\u00e4hendada s\u00f5idukikulusid ja toodab soodsat k\u00fctuses\u00e4\u00e4stu.<\/p>\n<p>Vali 215\/65R15C LASSA TRANSWAY 3, et kindlustada oma tiirk\u00e4ru t\u00f6\u00f6kindlus, ohutus ja pikaajaline usaldusv\u00e4\u00e4rsus \u2013 parim partner igap\u00e4evasteks v\u00e4ljakutseteks transportimaailmas.<\/p>","protected":false},"excerpt":{"rendered":"<p>Tutvustame rehvi 215\/65R15C LASSA TRANSWAY 3 104\/102T CBA69 \u2013 usaldusv\u00e4\u00e4rne ja vastupidav valik professionaalsetele s\u00f5idukitele. See rehvimudel on disainitud tagama optimaalse haarduvuse ning t\u00f6\u00f6kindluse erinevates s\u00f5idutingimustes, pakkudes stabiilsust nii m\u00e4rgal kui kuival teel. Rehvi m\u00f5\u00f5tmed ja konstruktiivne \u00fclesehitus tagavad \u00fclituge ja efektiivset j\u00f5udlust, v\u00f5imaldades sujuvat ja ohutut s\u00f5itu nii linnas kui maastikul. LASSA TRANSWAY 3 [&hellip;]<\/p>\n","protected":false},"featured_media":124021,"template":"","meta":{"site-sidebar-layout":"default","site-content-layout":"","ast-site-content-layout":"","site-content-style":"default","site-sidebar-style":"default","ast-global-header-display":"","ast-banner-title-visibility":"","ast-main-header-display":"","ast-hfb-above-header-display":"","ast-hfb-below-header-display":"","ast-hfb-mobile-header-display":"","site-post-title":"","ast-breadcrumbs-content":"","ast-featured-img":"","footer-sml-layout":"","theme-transparent-header-meta":"","adv-header-id-meta":"","stick-header-meta":"","header-above-stick-meta":"","header-main-stick-meta":"","header-below-stick-meta":"","astra-migrate-meta-layouts":"default","ast-page-background-enabled":"default","ast-page-background-meta":{"desktop":{"background-color":"","background-image":"","background-repeat":"repeat","background-position":"center center","background-size":"auto","background-attachment":"scroll","background-type":"","background-media":"","overlay-type":"","overlay-color":"","overlay-opacity":"","overlay-gradient":""},"tablet":{"background-color":"","background-image":"","background-repeat":"repeat","background-position":"center center","background-size":"auto","background-attachment":"scroll","background-type":"","background-media":"","overlay-type":"","overlay-color":"","overlay-opacity":"","overlay-gradient":""},"mobile":{"background-color":"","background-image":"","background-repeat":"repeat","background-position":"center center","background-size":"auto","background-attachment":"scroll","background-type":"","background-media":"","overlay-type":"","overlay-color":"","overlay-opacity":"","overlay-gradient":""}},"ast-content-background-meta":{"desktop":{"background-color":"var(--ast-global-color-5)","background-image":"","background-repeat":"repeat","background-position":"center center","background-size":"auto","background-attachment":"scroll","background-type":"","background-media":"","overlay-type":"","overlay-color":"","overlay-opacity":"","overlay-gradient":""},"tablet":{"background-color":"var(--ast-global-color-5)","background-image":"","background-repeat":"repeat","background-position":"center center","background-size":"auto","background-attachment":"scroll","background-type":"","background-media":"","overlay-type":"","overlay-color":"","overlay-opacity":"","overlay-gradient":""},"mobile":{"background-color":"var(--ast-global-color-5)","background-image":"","background-repeat":"repeat","background-position":"center center","background-size":"auto","background-attachment":"scroll","background-type":"","background-media":"","overlay-type":"","overlay-color":"","overlay-opacity":"","overlay-gradient":""}}},"product_brand":[],"product_cat":[34226],"product_tag":[],"pa_brand_name":[17798],"class_list":{"0":"post-120501","1":"product","2":"type-product","3":"status-publish","4":"has-post-thumbnail","6":"product_cat-summer-light-truck","7":"pa_brand_name-lassa","8":"desktop-align-left","9":"tablet-align-left","10":"mobile-align-left","12":"first","13":"instock","14":"taxable","15":"shipping-taxable","16":"purchasable","17":"product-type-simple"},"_links":{"self":[{"href":"https:\/\/shop.rettum.ee\/en\/wp-json\/wp\/v2\/product\/120501","targetHints":{"allow":["GET"]}}],"collection":[{"href":"https:\/\/shop.rettum.ee\/en\/wp-json\/wp\/v2\/product"}],"about":[{"href":"https:\/\/shop.rettum.ee\/en\/wp-json\/wp\/v2\/types\/product"}],"version-history":[{"count":2,"href":"https:\/\/shop.rettum.ee\/en\/wp-json\/wp\/v2\/product\/120501\/revisions"}],"predecessor-version":[{"id":126021,"href":"https:\/\/shop.rettum.ee\/en\/wp-json\/wp\/v2\/product\/120501\/revisions\/126021"}],"wp:featuredmedia":[{"embeddable":true,"href":"https:\/\/shop.rettum.ee\/en\/wp-json\/wp\/v2\/media\/124021"}],"wp:attachment":[{"href":"https:\/\/shop.rettum.ee\/en\/wp-json\/wp\/v2\/media?parent=120501"}],"wp:term":[{"taxonomy":"product_brand","embeddable":true,"href":"https:\/\/shop.rettum.ee\/en\/wp-json\/wp\/v2\/product_brand?post=120501"},{"taxonomy":"product_cat","embeddable":true,"href":"https:\/\/shop.rettum.ee\/en\/wp-json\/wp\/v2\/product_cat?post=120501"},{"taxonomy":"product_tag","embeddable":true,"href":"https:\/\/shop.rettum.ee\/en\/wp-json\/wp\/v2\/product_tag?post=120501"},{"taxonomy":"pa_brand_name","embeddable":true,"href":"https:\/\/shop.rettum.ee\/en\/wp-json\/wp\/v2\/pa_brand_name?post=120501"}],"curies":[{"name":"wp","href":"https:\/\/api.w.org\/{rel}","templated":true}]}}