{"id":120506,"date":"2025-03-31T03:03:03","date_gmt":"2025-03-31T00:03:03","guid":{"rendered":"https:\/\/shop.rettum.ee\/toode\/155-70r13-gt-radial-champiro-ecotec-75t-dca66\/"},"modified":"2026-03-22T03:05:00","modified_gmt":"2026-03-22T01:05:00","slug":"155-70r13-gt-radial-champiro-ecotec-75t-dca66","status":"publish","type":"product","link":"https:\/\/shop.rettum.ee\/en\/product\/155-70r13-gt-radial-champiro-ecotec-75t-dca66\/","title":{"rendered":"155\/70R13 GT RADIAL CHAMPIRO ECOTEC 75T DCA66"},"content":{"rendered":"<p>155\/70R13 GT RADIAL CHAMPIRO ECOTEC 75T DCA66 on kvaliteetne radiaalrehvi, mis on loodud tagama turvalise ja stabiilse s\u00f5idukogemuse igal teek\u00e4igul. See rehvi suurus 155\/70R13 sobib ideaalselt kompaktsematele s\u00f5iduautodele, pakkudes suurep\u00e4rast haarduvust nii kuivatel kui ka m\u00e4rgadel teedel. Rehvi disain ja kaasaegne tehnoloogia tagavad optimaalse j\u00f5udluse ja pikema eluea, v\u00f5imaldades s\u00f5idukil h\u00f5lpsalt toime tulla igap\u00e4evaste s\u00f5idutingimustega.<\/p>\n<p>CHAMPIRO ECOTEC tehnoloogia kasutamisega on rehvid loodud energiat\u00f5husaks, aidates v\u00e4hendada k\u00fctusekulu ja looduskeskkonnam\u00f5ju. 75T m\u00e4rgistus viitab rehvi koormusindeksile ja kiirusklassi, mille alusel on kindlaks m\u00e4\u00e4ratud maksimaalne lubatud koormus ja ohutu s\u00f5idukiirus. DCA66 kood annab m\u00e4rku rehvi tootmise kvaliteedist ning vastavusest rangetele t\u00f6\u00f6stusstandarditele.<\/p>\n<p>Valides 155\/70R13 GT RADIAL CHAMPIRO ECOTEC 75T DCA66, panete oma auto varustusse usaldusv\u00e4\u00e4rse ja mitmek\u00fclgse rehvi, mis vastab nii igap\u00e4evastele s\u00f5iduvajadustele kui ka n\u00f5udlikele tehnilistele standarditele.<\/p>","protected":false},"excerpt":{"rendered":"<p>155\/70R13 GT RADIAL CHAMPIRO ECOTEC 75T DCA66 on kvaliteetne radiaalrehvi, mis on loodud tagama turvalise ja stabiilse s\u00f5idukogemuse igal teek\u00e4igul. See rehvi suurus 155\/70R13 sobib ideaalselt kompaktsematele s\u00f5iduautodele, pakkudes suurep\u00e4rast haarduvust nii kuivatel kui ka m\u00e4rgadel teedel. Rehvi disain ja kaasaegne tehnoloogia tagavad optimaalse j\u00f5udluse ja pikema eluea, v\u00f5imaldades s\u00f5idukil h\u00f5lpsalt toime tulla igap\u00e4evaste s\u00f5idutingimustega. [&hellip;]<\/p>\n","protected":false},"featured_media":124019,"template":"","meta":{"site-sidebar-layout":"default","site-content-layout":"","ast-site-content-layout":"","site-content-style":"default","site-sidebar-style":"default","ast-global-header-display":"","ast-banner-title-visibility":"","ast-main-header-display":"","ast-hfb-above-header-display":"","ast-hfb-below-header-display":"","ast-hfb-mobile-header-display":"","site-post-title":"","ast-breadcrumbs-content":"","ast-featured-img":"","footer-sml-layout":"","theme-transparent-header-meta":"","adv-header-id-meta":"","stick-header-meta":"","header-above-stick-meta":"","header-main-stick-meta":"","header-below-stick-meta":"","astra-migrate-meta-layouts":"default","ast-page-background-enabled":"default","ast-page-background-meta":{"desktop":{"background-color":"","background-image":"","background-repeat":"repeat","background-position":"center center","background-size":"auto","background-attachment":"scroll","background-type":"","background-media":"","overlay-type":"","overlay-color":"","overlay-opacity":"","overlay-gradient":""},"tablet":{"background-color":"","background-image":"","background-repeat":"repeat","background-position":"center center","background-size":"auto","background-attachment":"scroll","background-type":"","background-media":"","overlay-type":"","overlay-color":"","overlay-opacity":"","overlay-gradient":""},"mobile":{"background-color":"","background-image":"","background-repeat":"repeat","background-position":"center center","background-size":"auto","background-attachment":"scroll","background-type":"","background-media":"","overlay-type":"","overlay-color":"","overlay-opacity":"","overlay-gradient":""}},"ast-content-background-meta":{"desktop":{"background-color":"var(--ast-global-color-5)","background-image":"","background-repeat":"repeat","background-position":"center center","background-size":"auto","background-attachment":"scroll","background-type":"","background-media":"","overlay-type":"","overlay-color":"","overlay-opacity":"","overlay-gradient":""},"tablet":{"background-color":"var(--ast-global-color-5)","background-image":"","background-repeat":"repeat","background-position":"center center","background-size":"auto","background-attachment":"scroll","background-type":"","background-media":"","overlay-type":"","overlay-color":"","overlay-opacity":"","overlay-gradient":""},"mobile":{"background-color":"var(--ast-global-color-5)","background-image":"","background-repeat":"repeat","background-position":"center center","background-size":"auto","background-attachment":"scroll","background-type":"","background-media":"","overlay-type":"","overlay-color":"","overlay-opacity":"","overlay-gradient":""}}},"product_brand":[],"product_cat":[34225],"product_tag":[],"pa_brand_name":[34250],"class_list":{"0":"post-120506","1":"product","2":"type-product","3":"status-publish","4":"has-post-thumbnail","6":"product_cat-summer-tires-pv","7":"pa_brand_name-gt-radial-2","8":"desktop-align-left","9":"tablet-align-left","10":"mobile-align-left","12":"first","13":"outofstock","14":"taxable","15":"shipping-taxable","16":"purchasable","17":"product-type-simple"},"_links":{"self":[{"href":"https:\/\/shop.rettum.ee\/en\/wp-json\/wp\/v2\/product\/120506","targetHints":{"allow":["GET"]}}],"collection":[{"href":"https:\/\/shop.rettum.ee\/en\/wp-json\/wp\/v2\/product"}],"about":[{"href":"https:\/\/shop.rettum.ee\/en\/wp-json\/wp\/v2\/types\/product"}],"version-history":[{"count":2,"href":"https:\/\/shop.rettum.ee\/en\/wp-json\/wp\/v2\/product\/120506\/revisions"}],"predecessor-version":[{"id":126013,"href":"https:\/\/shop.rettum.ee\/en\/wp-json\/wp\/v2\/product\/120506\/revisions\/126013"}],"wp:featuredmedia":[{"embeddable":true,"href":"https:\/\/shop.rettum.ee\/en\/wp-json\/wp\/v2\/media\/124019"}],"wp:attachment":[{"href":"https:\/\/shop.rettum.ee\/en\/wp-json\/wp\/v2\/media?parent=120506"}],"wp:term":[{"taxonomy":"product_brand","embeddable":true,"href":"https:\/\/shop.rettum.ee\/en\/wp-json\/wp\/v2\/product_brand?post=120506"},{"taxonomy":"product_cat","embeddable":true,"href":"https:\/\/shop.rettum.ee\/en\/wp-json\/wp\/v2\/product_cat?post=120506"},{"taxonomy":"product_tag","embeddable":true,"href":"https:\/\/shop.rettum.ee\/en\/wp-json\/wp\/v2\/product_tag?post=120506"},{"taxonomy":"pa_brand_name","embeddable":true,"href":"https:\/\/shop.rettum.ee\/en\/wp-json\/wp\/v2\/pa_brand_name?post=120506"}],"curies":[{"name":"wp","href":"https:\/\/api.w.org\/{rel}","templated":true}]}}