{"id":120511,"date":"2025-03-31T03:03:07","date_gmt":"2025-03-31T00:03:07","guid":{"rendered":"https:\/\/shop.rettum.ee\/toode\/175-60r16-giti-gitisynergy-h2-82h-dab70\/"},"modified":"2026-03-22T03:05:02","modified_gmt":"2026-03-22T01:05:02","slug":"175-60r16-giti-gitisynergy-h2-82h-dab70","status":"publish","type":"product","link":"https:\/\/shop.rettum.ee\/en\/product\/175-60r16-giti-gitisynergy-h2-82h-dab70\/","title":{"rendered":"175\/60R16 GITI GITISYNERGY H2 82H DAB70"},"content":{"rendered":"<p>175\/60R16 GITI GITISYNERGY H2 82H DAB70 on k\u00f5rgetasemeline suverehv, mis pakub usaldusv\u00e4\u00e4rset s\u00f5idu kindlust ja optimeeritud j\u00f5udlust igal teekattel. T\u00e4nu innovatiivsele disainile ja hoolikalt v\u00e4lja t\u00f6\u00f6tatud mustrile tagab see rehv suurep\u00e4rase haarde nii kuivadel kui ka m\u00e4rgetel teedel, pakkudes kindlat juhitavust ja t\u00e4pset reageerimist isegi n\u00f5udlikes man\u00f6\u00f6vrites.<\/p>\n<p>Rehvi parameetrid, nagu 82 koormusindeks ja H kiirusklass, on loodud vastama t\u00e4nap\u00e4evaste s\u00f5iduolude k\u00f5rgetele standarditele, kindlustades nii ohutuse kui ka energias\u00e4\u00e4stlikkuse. DAB70 tehnoloogia rakendamine parandab rehvi vastupidavust ning tagab pikema kasutusea, v\u00f5imaldades tal p\u00fcsida konkurentsiv\u00f5imelisena ka karmimates ilmastikutingimustes.<\/p>\n<p>GITI GITISYNERGY H2 on ideaalne valik autodirektoritele ja s\u00f5iduohutuse eestvedajatele, kes soovivad pakkuda oma s\u00f5idukile turvalist ja mugavat s\u00f5idukogemust. Valides selle kvaliteetrehi, investeerite oma s\u00f5idu kindlusse ja tulevikku.<\/p>","protected":false},"excerpt":{"rendered":"<p>175\/60R16 GITI GITISYNERGY H2 82H DAB70 on k\u00f5rgetasemeline suverehv, mis pakub usaldusv\u00e4\u00e4rset s\u00f5idu kindlust ja optimeeritud j\u00f5udlust igal teekattel. T\u00e4nu innovatiivsele disainile ja hoolikalt v\u00e4lja t\u00f6\u00f6tatud mustrile tagab see rehv suurep\u00e4rase haarde nii kuivadel kui ka m\u00e4rgetel teedel, pakkudes kindlat juhitavust ja t\u00e4pset reageerimist isegi n\u00f5udlikes man\u00f6\u00f6vrites. Rehvi parameetrid, nagu 82 koormusindeks ja H kiirusklass, [&hellip;]<\/p>\n","protected":false},"featured_media":124009,"template":"","meta":{"site-sidebar-layout":"default","site-content-layout":"","ast-site-content-layout":"","site-content-style":"default","site-sidebar-style":"default","ast-global-header-display":"","ast-banner-title-visibility":"","ast-main-header-display":"","ast-hfb-above-header-display":"","ast-hfb-below-header-display":"","ast-hfb-mobile-header-display":"","site-post-title":"","ast-breadcrumbs-content":"","ast-featured-img":"","footer-sml-layout":"","theme-transparent-header-meta":"","adv-header-id-meta":"","stick-header-meta":"","header-above-stick-meta":"","header-main-stick-meta":"","header-below-stick-meta":"","astra-migrate-meta-layouts":"default","ast-page-background-enabled":"default","ast-page-background-meta":{"desktop":{"background-color":"","background-image":"","background-repeat":"repeat","background-position":"center center","background-size":"auto","background-attachment":"scroll","background-type":"","background-media":"","overlay-type":"","overlay-color":"","overlay-opacity":"","overlay-gradient":""},"tablet":{"background-color":"","background-image":"","background-repeat":"repeat","background-position":"center center","background-size":"auto","background-attachment":"scroll","background-type":"","background-media":"","overlay-type":"","overlay-color":"","overlay-opacity":"","overlay-gradient":""},"mobile":{"background-color":"","background-image":"","background-repeat":"repeat","background-position":"center center","background-size":"auto","background-attachment":"scroll","background-type":"","background-media":"","overlay-type":"","overlay-color":"","overlay-opacity":"","overlay-gradient":""}},"ast-content-background-meta":{"desktop":{"background-color":"var(--ast-global-color-5)","background-image":"","background-repeat":"repeat","background-position":"center center","background-size":"auto","background-attachment":"scroll","background-type":"","background-media":"","overlay-type":"","overlay-color":"","overlay-opacity":"","overlay-gradient":""},"tablet":{"background-color":"var(--ast-global-color-5)","background-image":"","background-repeat":"repeat","background-position":"center center","background-size":"auto","background-attachment":"scroll","background-type":"","background-media":"","overlay-type":"","overlay-color":"","overlay-opacity":"","overlay-gradient":""},"mobile":{"background-color":"var(--ast-global-color-5)","background-image":"","background-repeat":"repeat","background-position":"center center","background-size":"auto","background-attachment":"scroll","background-type":"","background-media":"","overlay-type":"","overlay-color":"","overlay-opacity":"","overlay-gradient":""}}},"product_brand":[],"product_cat":[34225],"product_tag":[],"pa_brand_name":[18153],"class_list":{"0":"post-120511","1":"product","2":"type-product","3":"status-publish","4":"has-post-thumbnail","6":"product_cat-summer-tires-pv","7":"pa_brand_name-giti","8":"desktop-align-left","9":"tablet-align-left","10":"mobile-align-left","12":"first","13":"outofstock","14":"taxable","15":"shipping-taxable","16":"purchasable","17":"product-type-simple"},"_links":{"self":[{"href":"https:\/\/shop.rettum.ee\/en\/wp-json\/wp\/v2\/product\/120511","targetHints":{"allow":["GET"]}}],"collection":[{"href":"https:\/\/shop.rettum.ee\/en\/wp-json\/wp\/v2\/product"}],"about":[{"href":"https:\/\/shop.rettum.ee\/en\/wp-json\/wp\/v2\/types\/product"}],"version-history":[{"count":2,"href":"https:\/\/shop.rettum.ee\/en\/wp-json\/wp\/v2\/product\/120511\/revisions"}],"predecessor-version":[{"id":126000,"href":"https:\/\/shop.rettum.ee\/en\/wp-json\/wp\/v2\/product\/120511\/revisions\/126000"}],"wp:featuredmedia":[{"embeddable":true,"href":"https:\/\/shop.rettum.ee\/en\/wp-json\/wp\/v2\/media\/124009"}],"wp:attachment":[{"href":"https:\/\/shop.rettum.ee\/en\/wp-json\/wp\/v2\/media?parent=120511"}],"wp:term":[{"taxonomy":"product_brand","embeddable":true,"href":"https:\/\/shop.rettum.ee\/en\/wp-json\/wp\/v2\/product_brand?post=120511"},{"taxonomy":"product_cat","embeddable":true,"href":"https:\/\/shop.rettum.ee\/en\/wp-json\/wp\/v2\/product_cat?post=120511"},{"taxonomy":"product_tag","embeddable":true,"href":"https:\/\/shop.rettum.ee\/en\/wp-json\/wp\/v2\/product_tag?post=120511"},{"taxonomy":"pa_brand_name","embeddable":true,"href":"https:\/\/shop.rettum.ee\/en\/wp-json\/wp\/v2\/pa_brand_name?post=120511"}],"curies":[{"name":"wp","href":"https:\/\/api.w.org\/{rel}","templated":true}]}}