{"id":120514,"date":"2025-03-31T03:03:08","date_gmt":"2025-03-31T00:03:08","guid":{"rendered":"https:\/\/shop.rettum.ee\/toode\/195-60r16-gt-radial-champiro-ecotec-89h-bbb70\/"},"modified":"2025-07-30T02:51:37","modified_gmt":"2025-07-29T23:51:37","slug":"195-60r16-gt-radial-champiro-ecotec-89h-bbb70","status":"publish","type":"product","link":"https:\/\/shop.rettum.ee\/en\/product\/195-60r16-gt-radial-champiro-ecotec-89h-bbb70\/","title":{"rendered":"195\/60R16 GT RADIAL CHAMPIRO ECOTEC 89H BBB70"},"content":{"rendered":"<p>Tutvustame uut 195\/60R16 GT RADIAL CHAMPIRO ECOTEC 89H BBB70 rehvi, mis on loodud kaasaegse autojuhi vajadusi silmas pidades. Need radiaalsed rehvid on ideaalne valik igap\u00e4evaseks s\u00f5iduks ja pikemateks teekondadeks, pakkudes usaldusv\u00e4\u00e4rset haardumist nii kuivadel kui m\u00e4rgadel teedel. 89H kiiruskategooria tagab reaktiivse ja turvalise s\u00f5idu ka suurematel kiirustel, samal ajal hoides rehvi t\u00f6\u00f6temperatuuri kontrolli all isegi n\u00f5udlikes s\u00f5idutingimustes.<\/p>\n<p>Champilro ECOTEC tehnoloogia toob esile kompromissitu j\u00f5udluse ja k\u00fctuses\u00e4\u00e4stu, aidates v\u00e4hendada veeretakistust ja parandada k\u00fctuses\u00e4\u00e4stu, mis omakorda toetab keskkonnas\u00f5bralikku s\u00f5idustiili. Rehvi disain on hoolikalt l\u00e4bim\u00f5eldud, et pakkuda stabiilsust ja mugavust igas olukorras ning minimeerida veeretamise m\u00fcra. GT RADIAL on tuntud oma kvaliteedi ja innovatsiooni poolest, mist\u00f5ttu v\u00f5ite olla kindel ka selles mudelis.<\/p>\n<p>Valides 195\/60R16 GT RADIAL CHAMPIRO ECOTEC 89H BBB70 rehvid, investeerite ohutusse, kestvusse ja s\u00f5idumugavusse \u2013 ideaalseks kaaslaseks teekonnal l\u00e4bi Eesti teede.<\/p>","protected":false},"excerpt":{"rendered":"<p>Tutvustame uut 195\/60R16 GT RADIAL CHAMPIRO ECOTEC 89H BBB70 rehvi, mis on loodud kaasaegse autojuhi vajadusi silmas pidades. Need radiaalsed rehvid on ideaalne valik igap\u00e4evaseks s\u00f5iduks ja pikemateks teekondadeks, pakkudes usaldusv\u00e4\u00e4rset haardumist nii kuivadel kui m\u00e4rgadel teedel. 89H kiiruskategooria tagab reaktiivse ja turvalise s\u00f5idu ka suurematel kiirustel, samal ajal hoides rehvi t\u00f6\u00f6temperatuuri kontrolli all isegi [&hellip;]<\/p>\n","protected":false},"featured_media":124019,"template":"","meta":{"site-sidebar-layout":"default","site-content-layout":"","ast-site-content-layout":"","site-content-style":"default","site-sidebar-style":"default","ast-global-header-display":"","ast-banner-title-visibility":"","ast-main-header-display":"","ast-hfb-above-header-display":"","ast-hfb-below-header-display":"","ast-hfb-mobile-header-display":"","site-post-title":"","ast-breadcrumbs-content":"","ast-featured-img":"","footer-sml-layout":"","theme-transparent-header-meta":"","adv-header-id-meta":"","stick-header-meta":"","header-above-stick-meta":"","header-main-stick-meta":"","header-below-stick-meta":"","astra-migrate-meta-layouts":"default","ast-page-background-enabled":"default","ast-page-background-meta":{"desktop":{"background-color":"","background-image":"","background-repeat":"repeat","background-position":"center center","background-size":"auto","background-attachment":"scroll","background-type":"","background-media":"","overlay-type":"","overlay-color":"","overlay-opacity":"","overlay-gradient":""},"tablet":{"background-color":"","background-image":"","background-repeat":"repeat","background-position":"center center","background-size":"auto","background-attachment":"scroll","background-type":"","background-media":"","overlay-type":"","overlay-color":"","overlay-opacity":"","overlay-gradient":""},"mobile":{"background-color":"","background-image":"","background-repeat":"repeat","background-position":"center center","background-size":"auto","background-attachment":"scroll","background-type":"","background-media":"","overlay-type":"","overlay-color":"","overlay-opacity":"","overlay-gradient":""}},"ast-content-background-meta":{"desktop":{"background-color":"var(--ast-global-color-5)","background-image":"","background-repeat":"repeat","background-position":"center center","background-size":"auto","background-attachment":"scroll","background-type":"","background-media":"","overlay-type":"","overlay-color":"","overlay-opacity":"","overlay-gradient":""},"tablet":{"background-color":"var(--ast-global-color-5)","background-image":"","background-repeat":"repeat","background-position":"center center","background-size":"auto","background-attachment":"scroll","background-type":"","background-media":"","overlay-type":"","overlay-color":"","overlay-opacity":"","overlay-gradient":""},"mobile":{"background-color":"var(--ast-global-color-5)","background-image":"","background-repeat":"repeat","background-position":"center center","background-size":"auto","background-attachment":"scroll","background-type":"","background-media":"","overlay-type":"","overlay-color":"","overlay-opacity":"","overlay-gradient":""}}},"product_brand":[],"product_cat":[34225],"product_tag":[],"pa_brand_name":[34250],"class_list":{"0":"post-120514","1":"product","2":"type-product","3":"status-publish","4":"has-post-thumbnail","6":"product_cat-summer-tires-pv","7":"pa_brand_name-gt-radial-2","8":"desktop-align-left","9":"tablet-align-left","10":"mobile-align-left","12":"first","13":"outofstock","14":"taxable","15":"shipping-taxable","16":"purchasable","17":"product-type-simple"},"_links":{"self":[{"href":"https:\/\/shop.rettum.ee\/en\/wp-json\/wp\/v2\/product\/120514","targetHints":{"allow":["GET"]}}],"collection":[{"href":"https:\/\/shop.rettum.ee\/en\/wp-json\/wp\/v2\/product"}],"about":[{"href":"https:\/\/shop.rettum.ee\/en\/wp-json\/wp\/v2\/types\/product"}],"version-history":[{"count":2,"href":"https:\/\/shop.rettum.ee\/en\/wp-json\/wp\/v2\/product\/120514\/revisions"}],"predecessor-version":[{"id":125997,"href":"https:\/\/shop.rettum.ee\/en\/wp-json\/wp\/v2\/product\/120514\/revisions\/125997"}],"wp:featuredmedia":[{"embeddable":true,"href":"https:\/\/shop.rettum.ee\/en\/wp-json\/wp\/v2\/media\/124019"}],"wp:attachment":[{"href":"https:\/\/shop.rettum.ee\/en\/wp-json\/wp\/v2\/media?parent=120514"}],"wp:term":[{"taxonomy":"product_brand","embeddable":true,"href":"https:\/\/shop.rettum.ee\/en\/wp-json\/wp\/v2\/product_brand?post=120514"},{"taxonomy":"product_cat","embeddable":true,"href":"https:\/\/shop.rettum.ee\/en\/wp-json\/wp\/v2\/product_cat?post=120514"},{"taxonomy":"product_tag","embeddable":true,"href":"https:\/\/shop.rettum.ee\/en\/wp-json\/wp\/v2\/product_tag?post=120514"},{"taxonomy":"pa_brand_name","embeddable":true,"href":"https:\/\/shop.rettum.ee\/en\/wp-json\/wp\/v2\/pa_brand_name?post=120514"}],"curies":[{"name":"wp","href":"https:\/\/api.w.org\/{rel}","templated":true}]}}