{"id":120517,"date":"2025-03-31T03:03:10","date_gmt":"2025-03-31T00:03:10","guid":{"rendered":"https:\/\/shop.rettum.ee\/toode\/205-65r16-giti-gitisynergy-h2-95h-cab71\/"},"modified":"2025-07-30T02:51:37","modified_gmt":"2025-07-29T23:51:37","slug":"205-65r16-giti-gitisynergy-h2-95h-cab71","status":"publish","type":"product","link":"https:\/\/shop.rettum.ee\/en\/product\/205-65r16-giti-gitisynergy-h2-95h-cab71\/","title":{"rendered":"205\/65R16 GITI GITISYNERGY H2 95H CAB71"},"content":{"rendered":"<p>205\/65R16 GITI GITISYNERGY H2 on k\u00f5rgtehnoloogiline rehvidisain, mis tagab usaldusv\u00e4\u00e4rse ja turvalise s\u00f5idukogemuse igas olukorras. Selle m\u00f5\u00f5tmed sobivad ideaalselt nii linnat\u00e4navatele kui ka maanteedele, pakkudes optimaalse haarduvuse ja stabiilsuse kuivadel ning m\u00e4rgadel teedel. <\/p>\n<p>Rehvi koormusindeks 95H garanteerib sujuva s\u00f5idu ja k\u00f5rge kandev\u00f5ime, v\u00f5imaldades teie s\u00f5idukil teha vahet ka n\u00f5udlikes tingimustes. GITI GITISYNERGY H2 kasutab uuenduslikke tehnoloogiaid, mis v\u00e4hendavad veeretakistust ja soodustavad k\u00fctuses\u00e4\u00e4stu, pakkudes samal ajal erakordset s\u00f5idumugavust ja pikendatud rehvi eluea kestvust. CAB71 m\u00e4rgis kinnitab selle rehvi k\u00f5rget kvaliteeti ning t\u00f6\u00f6kindlust, muutes selle suurep\u00e4raseks valikuks igap\u00e4evaseks ja pikamaa s\u00f5iduks.<\/p>\n<p>Valige GITI GITISYNERGY H2, et kogeda professionaalse disaini ja tipptasemel ohutuse s\u00fcmbioosi, mis tagab kindla haarde ja usaldusv\u00e4\u00e4rse j\u00f5udluse igal teekonnal.<\/p>","protected":false},"excerpt":{"rendered":"<p>205\/65R16 GITI GITISYNERGY H2 on k\u00f5rgtehnoloogiline rehvidisain, mis tagab usaldusv\u00e4\u00e4rse ja turvalise s\u00f5idukogemuse igas olukorras. Selle m\u00f5\u00f5tmed sobivad ideaalselt nii linnat\u00e4navatele kui ka maanteedele, pakkudes optimaalse haarduvuse ja stabiilsuse kuivadel ning m\u00e4rgadel teedel. Rehvi koormusindeks 95H garanteerib sujuva s\u00f5idu ja k\u00f5rge kandev\u00f5ime, v\u00f5imaldades teie s\u00f5idukil teha vahet ka n\u00f5udlikes tingimustes. GITI GITISYNERGY H2 kasutab uuenduslikke [&hellip;]<\/p>\n","protected":false},"featured_media":124009,"template":"","meta":{"site-sidebar-layout":"default","site-content-layout":"","ast-site-content-layout":"","site-content-style":"default","site-sidebar-style":"default","ast-global-header-display":"","ast-banner-title-visibility":"","ast-main-header-display":"","ast-hfb-above-header-display":"","ast-hfb-below-header-display":"","ast-hfb-mobile-header-display":"","site-post-title":"","ast-breadcrumbs-content":"","ast-featured-img":"","footer-sml-layout":"","theme-transparent-header-meta":"","adv-header-id-meta":"","stick-header-meta":"","header-above-stick-meta":"","header-main-stick-meta":"","header-below-stick-meta":"","astra-migrate-meta-layouts":"default","ast-page-background-enabled":"default","ast-page-background-meta":{"desktop":{"background-color":"","background-image":"","background-repeat":"repeat","background-position":"center center","background-size":"auto","background-attachment":"scroll","background-type":"","background-media":"","overlay-type":"","overlay-color":"","overlay-opacity":"","overlay-gradient":""},"tablet":{"background-color":"","background-image":"","background-repeat":"repeat","background-position":"center center","background-size":"auto","background-attachment":"scroll","background-type":"","background-media":"","overlay-type":"","overlay-color":"","overlay-opacity":"","overlay-gradient":""},"mobile":{"background-color":"","background-image":"","background-repeat":"repeat","background-position":"center center","background-size":"auto","background-attachment":"scroll","background-type":"","background-media":"","overlay-type":"","overlay-color":"","overlay-opacity":"","overlay-gradient":""}},"ast-content-background-meta":{"desktop":{"background-color":"var(--ast-global-color-5)","background-image":"","background-repeat":"repeat","background-position":"center center","background-size":"auto","background-attachment":"scroll","background-type":"","background-media":"","overlay-type":"","overlay-color":"","overlay-opacity":"","overlay-gradient":""},"tablet":{"background-color":"var(--ast-global-color-5)","background-image":"","background-repeat":"repeat","background-position":"center center","background-size":"auto","background-attachment":"scroll","background-type":"","background-media":"","overlay-type":"","overlay-color":"","overlay-opacity":"","overlay-gradient":""},"mobile":{"background-color":"var(--ast-global-color-5)","background-image":"","background-repeat":"repeat","background-position":"center center","background-size":"auto","background-attachment":"scroll","background-type":"","background-media":"","overlay-type":"","overlay-color":"","overlay-opacity":"","overlay-gradient":""}}},"product_brand":[],"product_cat":[34225],"product_tag":[],"pa_brand_name":[18153],"class_list":{"0":"post-120517","1":"product","2":"type-product","3":"status-publish","4":"has-post-thumbnail","6":"product_cat-summer-tires-pv","7":"pa_brand_name-giti","8":"desktop-align-left","9":"tablet-align-left","10":"mobile-align-left","12":"first","13":"outofstock","14":"taxable","15":"shipping-taxable","16":"purchasable","17":"product-type-simple"},"_links":{"self":[{"href":"https:\/\/shop.rettum.ee\/en\/wp-json\/wp\/v2\/product\/120517","targetHints":{"allow":["GET"]}}],"collection":[{"href":"https:\/\/shop.rettum.ee\/en\/wp-json\/wp\/v2\/product"}],"about":[{"href":"https:\/\/shop.rettum.ee\/en\/wp-json\/wp\/v2\/types\/product"}],"version-history":[{"count":1,"href":"https:\/\/shop.rettum.ee\/en\/wp-json\/wp\/v2\/product\/120517\/revisions"}],"predecessor-version":[{"id":125988,"href":"https:\/\/shop.rettum.ee\/en\/wp-json\/wp\/v2\/product\/120517\/revisions\/125988"}],"wp:featuredmedia":[{"embeddable":true,"href":"https:\/\/shop.rettum.ee\/en\/wp-json\/wp\/v2\/media\/124009"}],"wp:attachment":[{"href":"https:\/\/shop.rettum.ee\/en\/wp-json\/wp\/v2\/media?parent=120517"}],"wp:term":[{"taxonomy":"product_brand","embeddable":true,"href":"https:\/\/shop.rettum.ee\/en\/wp-json\/wp\/v2\/product_brand?post=120517"},{"taxonomy":"product_cat","embeddable":true,"href":"https:\/\/shop.rettum.ee\/en\/wp-json\/wp\/v2\/product_cat?post=120517"},{"taxonomy":"product_tag","embeddable":true,"href":"https:\/\/shop.rettum.ee\/en\/wp-json\/wp\/v2\/product_tag?post=120517"},{"taxonomy":"pa_brand_name","embeddable":true,"href":"https:\/\/shop.rettum.ee\/en\/wp-json\/wp\/v2\/pa_brand_name?post=120517"}],"curies":[{"name":"wp","href":"https:\/\/api.w.org\/{rel}","templated":true}]}}