{"id":120524,"date":"2025-03-31T03:03:16","date_gmt":"2025-03-31T00:03:16","guid":{"rendered":"https:\/\/shop.rettum.ee\/toode\/205-45r17-gt-radial-sportactive2-88y-xl-rp-daa69\/"},"modified":"2025-07-01T03:06:16","modified_gmt":"2025-07-01T00:06:16","slug":"205-45r17-gt-radial-sportactive2-88y-xl-rp-daa69","status":"publish","type":"product","link":"https:\/\/shop.rettum.ee\/en\/product\/205-45r17-gt-radial-sportactive2-88y-xl-rp-daa69\/","title":{"rendered":"205\/45R17 GT RADIAL SPORTACTIVE2 88Y XL RP DAA69"},"content":{"rendered":"<p>205\/45R17 GT RADIAL SPORTACTIVE2 on tehnoloogiliselt tipptasemel suverehv, mis on loodud pakkuma erakordset s\u00f5iduomadust nii igap\u00e4evasel teel kui sportlikumatele man\u00f6\u00f6vritele. Rehvi m\u00f5\u00f5tmed \u2013 205 mm laius, 45% profiil ning 17-tolline velg \u2013 tagavad suurep\u00e4rase haarduvuse ja stabiilsuse, v\u00f5imaldades auto juhtida kindlalt nii kurvides kui ka sirgetel teedel.<\/p>\n<p>Rehvi 88Y kiirusklass ja XL t\u00e4iendav koormusindeks keskenduvad suurendatud j\u00f5udlusele ja ohutusele, sobides ideaalselt sportlikult varustatud s\u00f5idukitele ning neile, kes hindavad d\u00fcnaamilist s\u00f5idukogemust. Radiaalkonstruktsioon (RP) v\u00f5imaldab \u00fchtlast kulumist ning suurendab rehvi vastupidavust, mis t\u00e4hendab pikemat kasutusiga ja stabiilset sooritust erinevates s\u00f5idutingimustes.<\/p>\n<p>Tootmiskood DAA69 v\u00e4\u00e4rtustab rehvi kvaliteeti ja tehnilist t\u00e4psust, tagades \u00fchtlase tootmisprotsessi. GT RADIAL SPORTACTIVE2 rehvid on ideaalne valik neile, kes otsivad turvalist, sportlikku ja kvaliteetset s\u00f5iduelamust, pakkudes nii k\u00f5rge j\u00f5udluse standardeid kui ka usaldusv\u00e4\u00e4rsust igal teekonnal.<\/p>","protected":false},"excerpt":{"rendered":"<p>205\/45R17 GT RADIAL SPORTACTIVE2 on tehnoloogiliselt tipptasemel suverehv, mis on loodud pakkuma erakordset s\u00f5iduomadust nii igap\u00e4evasel teel kui sportlikumatele man\u00f6\u00f6vritele. Rehvi m\u00f5\u00f5tmed \u2013 205 mm laius, 45% profiil ning 17-tolline velg \u2013 tagavad suurep\u00e4rase haarduvuse ja stabiilsuse, v\u00f5imaldades auto juhtida kindlalt nii kurvides kui ka sirgetel teedel. Rehvi 88Y kiirusklass ja XL t\u00e4iendav koormusindeks keskenduvad [&hellip;]<\/p>\n","protected":false},"featured_media":124015,"template":"","meta":{"site-sidebar-layout":"default","site-content-layout":"","ast-site-content-layout":"","site-content-style":"default","site-sidebar-style":"default","ast-global-header-display":"","ast-banner-title-visibility":"","ast-main-header-display":"","ast-hfb-above-header-display":"","ast-hfb-below-header-display":"","ast-hfb-mobile-header-display":"","site-post-title":"","ast-breadcrumbs-content":"","ast-featured-img":"","footer-sml-layout":"","theme-transparent-header-meta":"","adv-header-id-meta":"","stick-header-meta":"","header-above-stick-meta":"","header-main-stick-meta":"","header-below-stick-meta":"","astra-migrate-meta-layouts":"default","ast-page-background-enabled":"default","ast-page-background-meta":{"desktop":{"background-color":"","background-image":"","background-repeat":"repeat","background-position":"center center","background-size":"auto","background-attachment":"scroll","background-type":"","background-media":"","overlay-type":"","overlay-color":"","overlay-opacity":"","overlay-gradient":""},"tablet":{"background-color":"","background-image":"","background-repeat":"repeat","background-position":"center center","background-size":"auto","background-attachment":"scroll","background-type":"","background-media":"","overlay-type":"","overlay-color":"","overlay-opacity":"","overlay-gradient":""},"mobile":{"background-color":"","background-image":"","background-repeat":"repeat","background-position":"center center","background-size":"auto","background-attachment":"scroll","background-type":"","background-media":"","overlay-type":"","overlay-color":"","overlay-opacity":"","overlay-gradient":""}},"ast-content-background-meta":{"desktop":{"background-color":"var(--ast-global-color-5)","background-image":"","background-repeat":"repeat","background-position":"center center","background-size":"auto","background-attachment":"scroll","background-type":"","background-media":"","overlay-type":"","overlay-color":"","overlay-opacity":"","overlay-gradient":""},"tablet":{"background-color":"var(--ast-global-color-5)","background-image":"","background-repeat":"repeat","background-position":"center center","background-size":"auto","background-attachment":"scroll","background-type":"","background-media":"","overlay-type":"","overlay-color":"","overlay-opacity":"","overlay-gradient":""},"mobile":{"background-color":"var(--ast-global-color-5)","background-image":"","background-repeat":"repeat","background-position":"center center","background-size":"auto","background-attachment":"scroll","background-type":"","background-media":"","overlay-type":"","overlay-color":"","overlay-opacity":"","overlay-gradient":""}}},"product_brand":[],"product_cat":[34225],"product_tag":[],"pa_brand_name":[34250],"class_list":{"0":"post-120524","1":"product","2":"type-product","3":"status-publish","4":"has-post-thumbnail","6":"product_cat-summer-tires-pv","7":"pa_brand_name-gt-radial-2","8":"desktop-align-left","9":"tablet-align-left","10":"mobile-align-left","12":"first","13":"instock","14":"taxable","15":"shipping-taxable","16":"purchasable","17":"product-type-simple"},"_links":{"self":[{"href":"https:\/\/shop.rettum.ee\/en\/wp-json\/wp\/v2\/product\/120524","targetHints":{"allow":["GET"]}}],"collection":[{"href":"https:\/\/shop.rettum.ee\/en\/wp-json\/wp\/v2\/product"}],"about":[{"href":"https:\/\/shop.rettum.ee\/en\/wp-json\/wp\/v2\/types\/product"}],"version-history":[{"count":1,"href":"https:\/\/shop.rettum.ee\/en\/wp-json\/wp\/v2\/product\/120524\/revisions"}],"predecessor-version":[{"id":125979,"href":"https:\/\/shop.rettum.ee\/en\/wp-json\/wp\/v2\/product\/120524\/revisions\/125979"}],"wp:featuredmedia":[{"embeddable":true,"href":"https:\/\/shop.rettum.ee\/en\/wp-json\/wp\/v2\/media\/124015"}],"wp:attachment":[{"href":"https:\/\/shop.rettum.ee\/en\/wp-json\/wp\/v2\/media?parent=120524"}],"wp:term":[{"taxonomy":"product_brand","embeddable":true,"href":"https:\/\/shop.rettum.ee\/en\/wp-json\/wp\/v2\/product_brand?post=120524"},{"taxonomy":"product_cat","embeddable":true,"href":"https:\/\/shop.rettum.ee\/en\/wp-json\/wp\/v2\/product_cat?post=120524"},{"taxonomy":"product_tag","embeddable":true,"href":"https:\/\/shop.rettum.ee\/en\/wp-json\/wp\/v2\/product_tag?post=120524"},{"taxonomy":"pa_brand_name","embeddable":true,"href":"https:\/\/shop.rettum.ee\/en\/wp-json\/wp\/v2\/pa_brand_name?post=120524"}],"curies":[{"name":"wp","href":"https:\/\/api.w.org\/{rel}","templated":true}]}}