{"id":120531,"date":"2025-03-31T03:03:22","date_gmt":"2025-03-31T00:03:22","guid":{"rendered":"https:\/\/shop.rettum.ee\/toode\/235-40r18-gt-radial-sportactive2-95y-xl-elect-rp-daa69\/"},"modified":"2026-03-17T02:45:26","modified_gmt":"2026-03-17T00:45:26","slug":"235-40r18-gt-radial-sportactive2-95y-xl-elect-rp-daa69","status":"publish","type":"product","link":"https:\/\/shop.rettum.ee\/en\/product\/235-40r18-gt-radial-sportactive2-95y-xl-elect-rp-daa69\/","title":{"rendered":"235\/40R18 GT RADIAL SPORTACTIVE2 95Y XL Elect RP DAA69"},"content":{"rendered":"<p>235\/40R18 GT RADIAL SPORTACTIVE2 95Y XL Elect RP DAA69 on tipptasemel radiaalrehv, mis on loodud pakkuma sportlikku ja turvalist s\u00f5idukogemust ka k\u00f5ige n\u00f5udlikumatel kiiruskiirustel. See rehv on konstrueeritud 235 mm laiuse rehvi, 40-protsendilise k\u00fclgp\u00f5hja ja 18-tollise velje m\u00f5\u00f5tude p\u00f5hjal, tagades suurep\u00e4rase haarduvuse ja stabiilsuse nii kuivadel kui ka m\u00e4rgadel teedel.<\/p>\n<p>Rehvi 95Y kiirus- ja koormusindeks koos XL-t\u00e4hisega n\u00e4itavad selle v\u00f5imet kanda suuremat koormust ja pakkuda usaldusv\u00e4\u00e4rset j\u00f5udlust k\u00f5rgetel kiirustel. Elect RP DAA69 tehnoloogia annab rehvile lisav\u00e4\u00e4rtust, v\u00f5imaldades saavutada optimaalse j\u00f5udluse ja vastupidavuse igap\u00e4evastes s\u00f5iduoludes.<\/p>\n<p>Ideaalne valik neile s\u00f5iduarmastajatele ja autoentusiastidele, kes hindavad nii sportlikku disaini kui ka t\u00f6\u00f6kindlat kvaliteeti. Valides 235\/40R18 GT RADIAL SPORTACTIVE2, tagad oma s\u00f5idukile parima kaitse ja kindla haarduvuse igal teel, muutes igas s\u00f5idus\u00f5idu meeldivaks ja turvaliseks kogemuseks.<\/p>","protected":false},"excerpt":{"rendered":"<p>235\/40R18 GT RADIAL SPORTACTIVE2 95Y XL Elect RP DAA69 on tipptasemel radiaalrehv, mis on loodud pakkuma sportlikku ja turvalist s\u00f5idukogemust ka k\u00f5ige n\u00f5udlikumatel kiiruskiirustel. See rehv on konstrueeritud 235 mm laiuse rehvi, 40-protsendilise k\u00fclgp\u00f5hja ja 18-tollise velje m\u00f5\u00f5tude p\u00f5hjal, tagades suurep\u00e4rase haarduvuse ja stabiilsuse nii kuivadel kui ka m\u00e4rgadel teedel. Rehvi 95Y kiirus- ja koormusindeks [&hellip;]<\/p>\n","protected":false},"featured_media":124015,"template":"","meta":{"site-sidebar-layout":"default","site-content-layout":"","ast-site-content-layout":"","site-content-style":"default","site-sidebar-style":"default","ast-global-header-display":"","ast-banner-title-visibility":"","ast-main-header-display":"","ast-hfb-above-header-display":"","ast-hfb-below-header-display":"","ast-hfb-mobile-header-display":"","site-post-title":"","ast-breadcrumbs-content":"","ast-featured-img":"","footer-sml-layout":"","theme-transparent-header-meta":"","adv-header-id-meta":"","stick-header-meta":"","header-above-stick-meta":"","header-main-stick-meta":"","header-below-stick-meta":"","astra-migrate-meta-layouts":"default","ast-page-background-enabled":"default","ast-page-background-meta":{"desktop":{"background-color":"","background-image":"","background-repeat":"repeat","background-position":"center center","background-size":"auto","background-attachment":"scroll","background-type":"","background-media":"","overlay-type":"","overlay-color":"","overlay-opacity":"","overlay-gradient":""},"tablet":{"background-color":"","background-image":"","background-repeat":"repeat","background-position":"center center","background-size":"auto","background-attachment":"scroll","background-type":"","background-media":"","overlay-type":"","overlay-color":"","overlay-opacity":"","overlay-gradient":""},"mobile":{"background-color":"","background-image":"","background-repeat":"repeat","background-position":"center center","background-size":"auto","background-attachment":"scroll","background-type":"","background-media":"","overlay-type":"","overlay-color":"","overlay-opacity":"","overlay-gradient":""}},"ast-content-background-meta":{"desktop":{"background-color":"var(--ast-global-color-5)","background-image":"","background-repeat":"repeat","background-position":"center center","background-size":"auto","background-attachment":"scroll","background-type":"","background-media":"","overlay-type":"","overlay-color":"","overlay-opacity":"","overlay-gradient":""},"tablet":{"background-color":"var(--ast-global-color-5)","background-image":"","background-repeat":"repeat","background-position":"center center","background-size":"auto","background-attachment":"scroll","background-type":"","background-media":"","overlay-type":"","overlay-color":"","overlay-opacity":"","overlay-gradient":""},"mobile":{"background-color":"var(--ast-global-color-5)","background-image":"","background-repeat":"repeat","background-position":"center center","background-size":"auto","background-attachment":"scroll","background-type":"","background-media":"","overlay-type":"","overlay-color":"","overlay-opacity":"","overlay-gradient":""}}},"product_brand":[],"product_cat":[34225],"product_tag":[],"pa_brand_name":[34250],"class_list":{"0":"post-120531","1":"product","2":"type-product","3":"status-publish","4":"has-post-thumbnail","6":"product_cat-summer-tires-pv","7":"pa_brand_name-gt-radial-2","8":"desktop-align-left","9":"tablet-align-left","10":"mobile-align-left","12":"first","13":"outofstock","14":"taxable","15":"shipping-taxable","16":"purchasable","17":"product-type-simple"},"_links":{"self":[{"href":"https:\/\/shop.rettum.ee\/en\/wp-json\/wp\/v2\/product\/120531","targetHints":{"allow":["GET"]}}],"collection":[{"href":"https:\/\/shop.rettum.ee\/en\/wp-json\/wp\/v2\/product"}],"about":[{"href":"https:\/\/shop.rettum.ee\/en\/wp-json\/wp\/v2\/types\/product"}],"version-history":[{"count":1,"href":"https:\/\/shop.rettum.ee\/en\/wp-json\/wp\/v2\/product\/120531\/revisions"}],"predecessor-version":[{"id":125974,"href":"https:\/\/shop.rettum.ee\/en\/wp-json\/wp\/v2\/product\/120531\/revisions\/125974"}],"wp:featuredmedia":[{"embeddable":true,"href":"https:\/\/shop.rettum.ee\/en\/wp-json\/wp\/v2\/media\/124015"}],"wp:attachment":[{"href":"https:\/\/shop.rettum.ee\/en\/wp-json\/wp\/v2\/media?parent=120531"}],"wp:term":[{"taxonomy":"product_brand","embeddable":true,"href":"https:\/\/shop.rettum.ee\/en\/wp-json\/wp\/v2\/product_brand?post=120531"},{"taxonomy":"product_cat","embeddable":true,"href":"https:\/\/shop.rettum.ee\/en\/wp-json\/wp\/v2\/product_cat?post=120531"},{"taxonomy":"product_tag","embeddable":true,"href":"https:\/\/shop.rettum.ee\/en\/wp-json\/wp\/v2\/product_tag?post=120531"},{"taxonomy":"pa_brand_name","embeddable":true,"href":"https:\/\/shop.rettum.ee\/en\/wp-json\/wp\/v2\/pa_brand_name?post=120531"}],"curies":[{"name":"wp","href":"https:\/\/api.w.org\/{rel}","templated":true}]}}