{"id":120533,"date":"2025-03-31T03:03:23","date_gmt":"2025-03-31T00:03:23","guid":{"rendered":"https:\/\/shop.rettum.ee\/toode\/245-35r18-gt-radial-sportactive2-92y-xl-rp-daa69\/"},"modified":"2026-03-22T03:05:06","modified_gmt":"2026-03-22T01:05:06","slug":"245-35r18-gt-radial-sportactive2-92y-xl-rp-daa69","status":"publish","type":"product","link":"https:\/\/shop.rettum.ee\/en\/product\/245-35r18-gt-radial-sportactive2-92y-xl-rp-daa69\/","title":{"rendered":"245\/35R18 GT RADIAL SPORTACTIVE2 92Y XL RP DAA69"},"content":{"rendered":"<p>245\/35R18 GT RADIAL SPORTACTIVE2 92Y XL RP DAA69 on tipptasemel sportrehv, mis on disainitud pakkuma \u00fclimat j\u00f5udlust ning stabiilsust nii igap\u00e4evasel kui ka sportlikul s\u00f5idul. See rehviv\u00f5ti on ideaalne valik sportautodele ja j\u00f5udlusrikastele s\u00f5idukitele, kus on vaja t\u00e4pset juhitavust ning kindlat haardumist ka k\u00f5rgetel kiirustel. Rehvi m\u00f5\u00f5tmed 245\/35R18 tagavad suurep\u00e4rase kontaktpinna ning optimaalse veesagedusega reageerimise, mis omakorda parandab s\u00f5iduki man\u00f6\u00f6verdusv\u00f5imet ja ohutust erinevates s\u00f5idutingimustes.<\/p>\n<p>T\u00e4histatud 92Y kiirusindeks ja XL koormusindeks v\u00f5imaldavad rehvil taluda suuremaid j\u00f5ude ja s\u00e4ilitada oma omadusi ka intensiivses s\u00f5idus. Sportactive2 tehnoloogia toob kaasa kaasaegse rehvitehnoloogia uuendused, mis tagavad usaldusv\u00e4\u00e4rse pidurdust\u00f5hususe ning stabiilsuse nii kuival kui ka m\u00e4rgal teel. DAA69 tootmismark ja RP m\u00e4rk viitavad k\u00f5rgetele kvaliteedistandarditele ja rangedele kvaliteedikontrollile. <\/p>\n<p>Valides 245\/35R18 GT RADIAL SPORTACTIVE2, valite rehviga, mis \u00fchendab t\u00f5husa j\u00f5udluse, ohutuse ja tipptasemel tehnoloogia, tagades maksimaalse s\u00f5idur\u00f5\u00f5mu iga kurvi ja sirge vahel.<\/p>","protected":false},"excerpt":{"rendered":"<p>245\/35R18 GT RADIAL SPORTACTIVE2 92Y XL RP DAA69 on tipptasemel sportrehv, mis on disainitud pakkuma \u00fclimat j\u00f5udlust ning stabiilsust nii igap\u00e4evasel kui ka sportlikul s\u00f5idul. See rehviv\u00f5ti on ideaalne valik sportautodele ja j\u00f5udlusrikastele s\u00f5idukitele, kus on vaja t\u00e4pset juhitavust ning kindlat haardumist ka k\u00f5rgetel kiirustel. Rehvi m\u00f5\u00f5tmed 245\/35R18 tagavad suurep\u00e4rase kontaktpinna ning optimaalse veesagedusega reageerimise, [&hellip;]<\/p>\n","protected":false},"featured_media":124015,"template":"","meta":{"site-sidebar-layout":"default","site-content-layout":"","ast-site-content-layout":"","site-content-style":"default","site-sidebar-style":"default","ast-global-header-display":"","ast-banner-title-visibility":"","ast-main-header-display":"","ast-hfb-above-header-display":"","ast-hfb-below-header-display":"","ast-hfb-mobile-header-display":"","site-post-title":"","ast-breadcrumbs-content":"","ast-featured-img":"","footer-sml-layout":"","theme-transparent-header-meta":"","adv-header-id-meta":"","stick-header-meta":"","header-above-stick-meta":"","header-main-stick-meta":"","header-below-stick-meta":"","astra-migrate-meta-layouts":"default","ast-page-background-enabled":"default","ast-page-background-meta":{"desktop":{"background-color":"","background-image":"","background-repeat":"repeat","background-position":"center center","background-size":"auto","background-attachment":"scroll","background-type":"","background-media":"","overlay-type":"","overlay-color":"","overlay-opacity":"","overlay-gradient":""},"tablet":{"background-color":"","background-image":"","background-repeat":"repeat","background-position":"center center","background-size":"auto","background-attachment":"scroll","background-type":"","background-media":"","overlay-type":"","overlay-color":"","overlay-opacity":"","overlay-gradient":""},"mobile":{"background-color":"","background-image":"","background-repeat":"repeat","background-position":"center center","background-size":"auto","background-attachment":"scroll","background-type":"","background-media":"","overlay-type":"","overlay-color":"","overlay-opacity":"","overlay-gradient":""}},"ast-content-background-meta":{"desktop":{"background-color":"var(--ast-global-color-5)","background-image":"","background-repeat":"repeat","background-position":"center center","background-size":"auto","background-attachment":"scroll","background-type":"","background-media":"","overlay-type":"","overlay-color":"","overlay-opacity":"","overlay-gradient":""},"tablet":{"background-color":"var(--ast-global-color-5)","background-image":"","background-repeat":"repeat","background-position":"center center","background-size":"auto","background-attachment":"scroll","background-type":"","background-media":"","overlay-type":"","overlay-color":"","overlay-opacity":"","overlay-gradient":""},"mobile":{"background-color":"var(--ast-global-color-5)","background-image":"","background-repeat":"repeat","background-position":"center center","background-size":"auto","background-attachment":"scroll","background-type":"","background-media":"","overlay-type":"","overlay-color":"","overlay-opacity":"","overlay-gradient":""}}},"product_brand":[],"product_cat":[34225],"product_tag":[],"pa_brand_name":[34250],"class_list":{"0":"post-120533","1":"product","2":"type-product","3":"status-publish","4":"has-post-thumbnail","6":"product_cat-summer-tires-pv","7":"pa_brand_name-gt-radial-2","8":"desktop-align-left","9":"tablet-align-left","10":"mobile-align-left","12":"first","13":"outofstock","14":"taxable","15":"shipping-taxable","16":"purchasable","17":"product-type-simple"},"_links":{"self":[{"href":"https:\/\/shop.rettum.ee\/en\/wp-json\/wp\/v2\/product\/120533","targetHints":{"allow":["GET"]}}],"collection":[{"href":"https:\/\/shop.rettum.ee\/en\/wp-json\/wp\/v2\/product"}],"about":[{"href":"https:\/\/shop.rettum.ee\/en\/wp-json\/wp\/v2\/types\/product"}],"version-history":[{"count":1,"href":"https:\/\/shop.rettum.ee\/en\/wp-json\/wp\/v2\/product\/120533\/revisions"}],"predecessor-version":[{"id":125972,"href":"https:\/\/shop.rettum.ee\/en\/wp-json\/wp\/v2\/product\/120533\/revisions\/125972"}],"wp:featuredmedia":[{"embeddable":true,"href":"https:\/\/shop.rettum.ee\/en\/wp-json\/wp\/v2\/media\/124015"}],"wp:attachment":[{"href":"https:\/\/shop.rettum.ee\/en\/wp-json\/wp\/v2\/media?parent=120533"}],"wp:term":[{"taxonomy":"product_brand","embeddable":true,"href":"https:\/\/shop.rettum.ee\/en\/wp-json\/wp\/v2\/product_brand?post=120533"},{"taxonomy":"product_cat","embeddable":true,"href":"https:\/\/shop.rettum.ee\/en\/wp-json\/wp\/v2\/product_cat?post=120533"},{"taxonomy":"product_tag","embeddable":true,"href":"https:\/\/shop.rettum.ee\/en\/wp-json\/wp\/v2\/product_tag?post=120533"},{"taxonomy":"pa_brand_name","embeddable":true,"href":"https:\/\/shop.rettum.ee\/en\/wp-json\/wp\/v2\/pa_brand_name?post=120533"}],"curies":[{"name":"wp","href":"https:\/\/api.w.org\/{rel}","templated":true}]}}