{"id":120535,"date":"2025-03-31T03:03:25","date_gmt":"2025-03-31T00:03:25","guid":{"rendered":"https:\/\/shop.rettum.ee\/toode\/245-35r19-gt-radial-sportactive2-93y-xl-rp-daa69\/"},"modified":"2026-03-10T02:45:26","modified_gmt":"2026-03-10T00:45:26","slug":"245-35r19-gt-radial-sportactive2-93y-xl-rp-daa69","status":"publish","type":"product","link":"https:\/\/shop.rettum.ee\/en\/product\/245-35r19-gt-radial-sportactive2-93y-xl-rp-daa69\/","title":{"rendered":"245\/35R19 GT RADIAL SPORTACTIVE2 93Y XL RP DAA69"},"content":{"rendered":"<p>245\/35R19 GT RADIAL SPORTACTIVE2 93Y XL RP DAA69 on tipptasemel suverehv, mis on loodud pakkuma erakordset s\u00f5idukogemust ka n\u00f5udlikes kiirusoludes. See sportlik rehvimudel \u00fchendab kaasaegse radiaaltehnoloogia ja innovatiivse disaini, tagades t\u00e4pse reageerimise ning maksimaalse haarduvuse nii kuival kui m\u00e4rjal teel.<\/p>\n<p>Rehvi 93Y ja XL klassi t\u00e4hised kinnitavad selle v\u00f5imet kanda raskemaid koormusi ja s\u00e4ilitada stabiilsust k\u00f5rgetel kiirustel, muutes selle ideaalseks valikuks sportautodele ja entusiastidele, kes hindavad nii ohutust kui ka j\u00f5udlust. RP kood n\u00e4itab rehvile omase kvaliteedi ja disaini tipptaset, mis tagab t\u00e4iendava usaldusv\u00e4\u00e4rsuse igas s\u00f5idusituatsioonis.<\/p>\n<p>GT RADIAL SPORTACTIVE2 on loodud neile, kes ei tee kompromisse s\u00f5idukvaliteedi ja esteetika osas. See rehv mitte ainult ei paranda s\u00f5idumugavust, vaid t\u00f5stab ka auto stiili ja esitleb tehnoloogilist t\u00e4iuslikkust, muutes iga s\u00f5idu nauditavaks ja turvaliseks.<\/p>","protected":false},"excerpt":{"rendered":"<p>245\/35R19 GT RADIAL SPORTACTIVE2 93Y XL RP DAA69 on tipptasemel suverehv, mis on loodud pakkuma erakordset s\u00f5idukogemust ka n\u00f5udlikes kiirusoludes. See sportlik rehvimudel \u00fchendab kaasaegse radiaaltehnoloogia ja innovatiivse disaini, tagades t\u00e4pse reageerimise ning maksimaalse haarduvuse nii kuival kui m\u00e4rjal teel. Rehvi 93Y ja XL klassi t\u00e4hised kinnitavad selle v\u00f5imet kanda raskemaid koormusi ja s\u00e4ilitada stabiilsust [&hellip;]<\/p>\n","protected":false},"featured_media":124015,"template":"","meta":{"site-sidebar-layout":"default","site-content-layout":"","ast-site-content-layout":"","site-content-style":"default","site-sidebar-style":"default","ast-global-header-display":"","ast-banner-title-visibility":"","ast-main-header-display":"","ast-hfb-above-header-display":"","ast-hfb-below-header-display":"","ast-hfb-mobile-header-display":"","site-post-title":"","ast-breadcrumbs-content":"","ast-featured-img":"","footer-sml-layout":"","theme-transparent-header-meta":"","adv-header-id-meta":"","stick-header-meta":"","header-above-stick-meta":"","header-main-stick-meta":"","header-below-stick-meta":"","astra-migrate-meta-layouts":"default","ast-page-background-enabled":"default","ast-page-background-meta":{"desktop":{"background-color":"","background-image":"","background-repeat":"repeat","background-position":"center center","background-size":"auto","background-attachment":"scroll","background-type":"","background-media":"","overlay-type":"","overlay-color":"","overlay-opacity":"","overlay-gradient":""},"tablet":{"background-color":"","background-image":"","background-repeat":"repeat","background-position":"center center","background-size":"auto","background-attachment":"scroll","background-type":"","background-media":"","overlay-type":"","overlay-color":"","overlay-opacity":"","overlay-gradient":""},"mobile":{"background-color":"","background-image":"","background-repeat":"repeat","background-position":"center center","background-size":"auto","background-attachment":"scroll","background-type":"","background-media":"","overlay-type":"","overlay-color":"","overlay-opacity":"","overlay-gradient":""}},"ast-content-background-meta":{"desktop":{"background-color":"var(--ast-global-color-5)","background-image":"","background-repeat":"repeat","background-position":"center center","background-size":"auto","background-attachment":"scroll","background-type":"","background-media":"","overlay-type":"","overlay-color":"","overlay-opacity":"","overlay-gradient":""},"tablet":{"background-color":"var(--ast-global-color-5)","background-image":"","background-repeat":"repeat","background-position":"center center","background-size":"auto","background-attachment":"scroll","background-type":"","background-media":"","overlay-type":"","overlay-color":"","overlay-opacity":"","overlay-gradient":""},"mobile":{"background-color":"var(--ast-global-color-5)","background-image":"","background-repeat":"repeat","background-position":"center center","background-size":"auto","background-attachment":"scroll","background-type":"","background-media":"","overlay-type":"","overlay-color":"","overlay-opacity":"","overlay-gradient":""}}},"product_brand":[],"product_cat":[34225],"product_tag":[],"pa_brand_name":[34250],"class_list":{"0":"post-120535","1":"product","2":"type-product","3":"status-publish","4":"has-post-thumbnail","6":"product_cat-summer-tires-pv","7":"pa_brand_name-gt-radial-2","8":"desktop-align-left","9":"tablet-align-left","10":"mobile-align-left","12":"first","13":"outofstock","14":"taxable","15":"shipping-taxable","16":"purchasable","17":"product-type-simple"},"_links":{"self":[{"href":"https:\/\/shop.rettum.ee\/en\/wp-json\/wp\/v2\/product\/120535","targetHints":{"allow":["GET"]}}],"collection":[{"href":"https:\/\/shop.rettum.ee\/en\/wp-json\/wp\/v2\/product"}],"about":[{"href":"https:\/\/shop.rettum.ee\/en\/wp-json\/wp\/v2\/types\/product"}],"version-history":[{"count":1,"href":"https:\/\/shop.rettum.ee\/en\/wp-json\/wp\/v2\/product\/120535\/revisions"}],"predecessor-version":[{"id":125970,"href":"https:\/\/shop.rettum.ee\/en\/wp-json\/wp\/v2\/product\/120535\/revisions\/125970"}],"wp:featuredmedia":[{"embeddable":true,"href":"https:\/\/shop.rettum.ee\/en\/wp-json\/wp\/v2\/media\/124015"}],"wp:attachment":[{"href":"https:\/\/shop.rettum.ee\/en\/wp-json\/wp\/v2\/media?parent=120535"}],"wp:term":[{"taxonomy":"product_brand","embeddable":true,"href":"https:\/\/shop.rettum.ee\/en\/wp-json\/wp\/v2\/product_brand?post=120535"},{"taxonomy":"product_cat","embeddable":true,"href":"https:\/\/shop.rettum.ee\/en\/wp-json\/wp\/v2\/product_cat?post=120535"},{"taxonomy":"product_tag","embeddable":true,"href":"https:\/\/shop.rettum.ee\/en\/wp-json\/wp\/v2\/product_tag?post=120535"},{"taxonomy":"pa_brand_name","embeddable":true,"href":"https:\/\/shop.rettum.ee\/en\/wp-json\/wp\/v2\/pa_brand_name?post=120535"}],"curies":[{"name":"wp","href":"https:\/\/api.w.org\/{rel}","templated":true}]}}