{"id":120537,"date":"2025-03-31T03:03:26","date_gmt":"2025-03-31T00:03:26","guid":{"rendered":"https:\/\/shop.rettum.ee\/toode\/255-40r19-gt-radial-sportactive2-100y-xl-elect-rp-caa69\/"},"modified":"2025-07-30T02:51:37","modified_gmt":"2025-07-29T23:51:37","slug":"255-40r19-gt-radial-sportactive2-100y-xl-elect-rp-caa69","status":"publish","type":"product","link":"https:\/\/shop.rettum.ee\/en\/product\/255-40r19-gt-radial-sportactive2-100y-xl-elect-rp-caa69\/","title":{"rendered":"255\/40R19 GT RADIAL SPORTACTIVE2 100Y XL Elect RP CAA69"},"content":{"rendered":"<p>Tutvu 255\/40R19 GT RADIAL SPORTACTIVE2 100Y XL Elect RP CAA69 rehviga \u2013 ideaalne lahendus sportlike s\u00f5idukite n\u00f5udlikule juhile. See k\u00f5rgetasemeline rehv on loodud pakkuma silmapaistvat haarduvust nii kuivatel kui niisketel teedel, tagades \u00fclimalt stabiilse ja turvalise s\u00f5idukogemuse. XL klassi koormustaluvus v\u00f5imaldab kindlustunult kanda suuremaid koormusi, s\u00e4ilitades samal ajal optimaalse turvalisuse ka ekstreemsetes s\u00f5iduoludes.<\/p>\n<p>Rehvi m\u00f5\u00f5dud 255\/40R19 annavad sellele sportliku ja d\u00fcnaamilise ilme, sobitudes suurep\u00e4raselt t\u00e4navatele ja v\u00f5istlusrajale. Kiirusindeks \u201eY\u201d garanteerib suurep\u00e4rase j\u00f5udluse k\u00f5rgetel kiirustel, v\u00f5imaldades tinata s\u00f5iduomadusi ka \u00e4\u00e4rmuslikes tingimustes. Elect RP tehnoloogia t\u00e4iendab rehvi j\u00f5udlust, pakkudes t\u00e4iendavat kindlustunnet ja vastupidavust.<\/p>\n<p>Lisa oma s\u00f5idukile uus tase ohutust ja j\u00f5udlust \u2013 vali GT RADIAL SPORTACTIVE2 100Y XL Elect RP CAA69 rehv ning tunne kindlustunnet igal kilomeetril.<\/p>","protected":false},"excerpt":{"rendered":"<p>Tutvu 255\/40R19 GT RADIAL SPORTACTIVE2 100Y XL Elect RP CAA69 rehviga \u2013 ideaalne lahendus sportlike s\u00f5idukite n\u00f5udlikule juhile. See k\u00f5rgetasemeline rehv on loodud pakkuma silmapaistvat haarduvust nii kuivatel kui niisketel teedel, tagades \u00fclimalt stabiilse ja turvalise s\u00f5idukogemuse. XL klassi koormustaluvus v\u00f5imaldab kindlustunult kanda suuremaid koormusi, s\u00e4ilitades samal ajal optimaalse turvalisuse ka ekstreemsetes s\u00f5iduoludes. Rehvi m\u00f5\u00f5dud [&hellip;]<\/p>\n","protected":false},"featured_media":124015,"template":"","meta":{"site-sidebar-layout":"default","site-content-layout":"","ast-site-content-layout":"","site-content-style":"default","site-sidebar-style":"default","ast-global-header-display":"","ast-banner-title-visibility":"","ast-main-header-display":"","ast-hfb-above-header-display":"","ast-hfb-below-header-display":"","ast-hfb-mobile-header-display":"","site-post-title":"","ast-breadcrumbs-content":"","ast-featured-img":"","footer-sml-layout":"","theme-transparent-header-meta":"","adv-header-id-meta":"","stick-header-meta":"","header-above-stick-meta":"","header-main-stick-meta":"","header-below-stick-meta":"","astra-migrate-meta-layouts":"default","ast-page-background-enabled":"default","ast-page-background-meta":{"desktop":{"background-color":"","background-image":"","background-repeat":"repeat","background-position":"center center","background-size":"auto","background-attachment":"scroll","background-type":"","background-media":"","overlay-type":"","overlay-color":"","overlay-opacity":"","overlay-gradient":""},"tablet":{"background-color":"","background-image":"","background-repeat":"repeat","background-position":"center center","background-size":"auto","background-attachment":"scroll","background-type":"","background-media":"","overlay-type":"","overlay-color":"","overlay-opacity":"","overlay-gradient":""},"mobile":{"background-color":"","background-image":"","background-repeat":"repeat","background-position":"center center","background-size":"auto","background-attachment":"scroll","background-type":"","background-media":"","overlay-type":"","overlay-color":"","overlay-opacity":"","overlay-gradient":""}},"ast-content-background-meta":{"desktop":{"background-color":"var(--ast-global-color-5)","background-image":"","background-repeat":"repeat","background-position":"center center","background-size":"auto","background-attachment":"scroll","background-type":"","background-media":"","overlay-type":"","overlay-color":"","overlay-opacity":"","overlay-gradient":""},"tablet":{"background-color":"var(--ast-global-color-5)","background-image":"","background-repeat":"repeat","background-position":"center center","background-size":"auto","background-attachment":"scroll","background-type":"","background-media":"","overlay-type":"","overlay-color":"","overlay-opacity":"","overlay-gradient":""},"mobile":{"background-color":"var(--ast-global-color-5)","background-image":"","background-repeat":"repeat","background-position":"center center","background-size":"auto","background-attachment":"scroll","background-type":"","background-media":"","overlay-type":"","overlay-color":"","overlay-opacity":"","overlay-gradient":""}}},"product_brand":[],"product_cat":[34225],"product_tag":[],"pa_brand_name":[34250],"class_list":{"0":"post-120537","1":"product","2":"type-product","3":"status-publish","4":"has-post-thumbnail","6":"product_cat-summer-tires-pv","7":"pa_brand_name-gt-radial-2","8":"desktop-align-left","9":"tablet-align-left","10":"mobile-align-left","12":"first","13":"outofstock","14":"taxable","15":"shipping-taxable","16":"purchasable","17":"product-type-simple"},"_links":{"self":[{"href":"https:\/\/shop.rettum.ee\/en\/wp-json\/wp\/v2\/product\/120537","targetHints":{"allow":["GET"]}}],"collection":[{"href":"https:\/\/shop.rettum.ee\/en\/wp-json\/wp\/v2\/product"}],"about":[{"href":"https:\/\/shop.rettum.ee\/en\/wp-json\/wp\/v2\/types\/product"}],"version-history":[{"count":1,"href":"https:\/\/shop.rettum.ee\/en\/wp-json\/wp\/v2\/product\/120537\/revisions"}],"predecessor-version":[{"id":125969,"href":"https:\/\/shop.rettum.ee\/en\/wp-json\/wp\/v2\/product\/120537\/revisions\/125969"}],"wp:featuredmedia":[{"embeddable":true,"href":"https:\/\/shop.rettum.ee\/en\/wp-json\/wp\/v2\/media\/124015"}],"wp:attachment":[{"href":"https:\/\/shop.rettum.ee\/en\/wp-json\/wp\/v2\/media?parent=120537"}],"wp:term":[{"taxonomy":"product_brand","embeddable":true,"href":"https:\/\/shop.rettum.ee\/en\/wp-json\/wp\/v2\/product_brand?post=120537"},{"taxonomy":"product_cat","embeddable":true,"href":"https:\/\/shop.rettum.ee\/en\/wp-json\/wp\/v2\/product_cat?post=120537"},{"taxonomy":"product_tag","embeddable":true,"href":"https:\/\/shop.rettum.ee\/en\/wp-json\/wp\/v2\/product_tag?post=120537"},{"taxonomy":"pa_brand_name","embeddable":true,"href":"https:\/\/shop.rettum.ee\/en\/wp-json\/wp\/v2\/pa_brand_name?post=120537"}],"curies":[{"name":"wp","href":"https:\/\/api.w.org\/{rel}","templated":true}]}}