{"id":120538,"date":"2025-03-31T03:03:27","date_gmt":"2025-03-31T00:03:27","guid":{"rendered":"https:\/\/shop.rettum.ee\/toode\/255-45r19-giti-gitisport-s2-104y-xl-elect-rp-bab72\/"},"modified":"2025-07-30T02:51:37","modified_gmt":"2025-07-29T23:51:37","slug":"255-45r19-giti-gitisport-s2-104y-xl-elect-rp-bab72","status":"publish","type":"product","link":"https:\/\/shop.rettum.ee\/en\/product\/255-45r19-giti-gitisport-s2-104y-xl-elect-rp-bab72\/","title":{"rendered":"255\/45R19 GITI GITISPORT S2 104Y XL Elect RP BAB72"},"content":{"rendered":"<p>GITI GITISPORT S2 rehv on loodud tipptasemel tehnoloogia ja sportliku disaini \u00fchendamisel, pakkudes erakordset s\u00f5idustabiilsust ja turvalisust. M\u00f5\u00f5tmetega 255\/45R19 on see ideaalne valik juhile, kes n\u00f5uab k\u00f5rget j\u00f5udlust ning kindlat haardumist nii kuivadel kui ka m\u00e4rgadel teedel. XL versioon tagab suurenenud koormuskindluse, v\u00f5imaldades rehvile suuremat vastupidavust ja t\u00f6\u00f6kindlust ka n\u00f5udlikes tingimustes. <\/p>\n<p>Rehvi 104Y kiirusindeks ja Elect RP tehnoloogia tagavad maksimaalse juhitavuse ning stabiilsuse ka k\u00f5rgetel kiirustel. BAB72 mudeli kood viitab innovatiivsetele disainilahendustele, mis optimeerivad mustrit ja parandavad lepistikku, pakkudes seel\u00e4bi \u00fclimat s\u00f5idumugavust ja ohutust. <\/p>\n<p>GITI GITISPORT S2 sobib suurep\u00e4raselt neile, kes otsivad sportlikku ja vastupidavat rehvikut, mis suudab pakkuda k\u00f5rgtehnoloogilist j\u00f5udlust igas s\u00f5idutingimuses. Valides selle rehviku, investeerite oma s\u00f5idum\u00f5nusse ja turvalisusesse.<\/p>","protected":false},"excerpt":{"rendered":"<p>GITI GITISPORT S2 rehv on loodud tipptasemel tehnoloogia ja sportliku disaini \u00fchendamisel, pakkudes erakordset s\u00f5idustabiilsust ja turvalisust. M\u00f5\u00f5tmetega 255\/45R19 on see ideaalne valik juhile, kes n\u00f5uab k\u00f5rget j\u00f5udlust ning kindlat haardumist nii kuivadel kui ka m\u00e4rgadel teedel. XL versioon tagab suurenenud koormuskindluse, v\u00f5imaldades rehvile suuremat vastupidavust ja t\u00f6\u00f6kindlust ka n\u00f5udlikes tingimustes. Rehvi 104Y kiirusindeks ja [&hellip;]<\/p>\n","protected":false},"featured_media":124014,"template":"","meta":{"site-sidebar-layout":"default","site-content-layout":"","ast-site-content-layout":"","site-content-style":"default","site-sidebar-style":"default","ast-global-header-display":"","ast-banner-title-visibility":"","ast-main-header-display":"","ast-hfb-above-header-display":"","ast-hfb-below-header-display":"","ast-hfb-mobile-header-display":"","site-post-title":"","ast-breadcrumbs-content":"","ast-featured-img":"","footer-sml-layout":"","theme-transparent-header-meta":"","adv-header-id-meta":"","stick-header-meta":"","header-above-stick-meta":"","header-main-stick-meta":"","header-below-stick-meta":"","astra-migrate-meta-layouts":"default","ast-page-background-enabled":"default","ast-page-background-meta":{"desktop":{"background-color":"","background-image":"","background-repeat":"repeat","background-position":"center center","background-size":"auto","background-attachment":"scroll","background-type":"","background-media":"","overlay-type":"","overlay-color":"","overlay-opacity":"","overlay-gradient":""},"tablet":{"background-color":"","background-image":"","background-repeat":"repeat","background-position":"center center","background-size":"auto","background-attachment":"scroll","background-type":"","background-media":"","overlay-type":"","overlay-color":"","overlay-opacity":"","overlay-gradient":""},"mobile":{"background-color":"","background-image":"","background-repeat":"repeat","background-position":"center center","background-size":"auto","background-attachment":"scroll","background-type":"","background-media":"","overlay-type":"","overlay-color":"","overlay-opacity":"","overlay-gradient":""}},"ast-content-background-meta":{"desktop":{"background-color":"var(--ast-global-color-5)","background-image":"","background-repeat":"repeat","background-position":"center center","background-size":"auto","background-attachment":"scroll","background-type":"","background-media":"","overlay-type":"","overlay-color":"","overlay-opacity":"","overlay-gradient":""},"tablet":{"background-color":"var(--ast-global-color-5)","background-image":"","background-repeat":"repeat","background-position":"center center","background-size":"auto","background-attachment":"scroll","background-type":"","background-media":"","overlay-type":"","overlay-color":"","overlay-opacity":"","overlay-gradient":""},"mobile":{"background-color":"var(--ast-global-color-5)","background-image":"","background-repeat":"repeat","background-position":"center center","background-size":"auto","background-attachment":"scroll","background-type":"","background-media":"","overlay-type":"","overlay-color":"","overlay-opacity":"","overlay-gradient":""}}},"product_brand":[],"product_cat":[34225],"product_tag":[],"pa_brand_name":[18153],"class_list":{"0":"post-120538","1":"product","2":"type-product","3":"status-publish","4":"has-post-thumbnail","6":"product_cat-summer-tires-pv","7":"pa_brand_name-giti","8":"desktop-align-left","9":"tablet-align-left","10":"mobile-align-left","12":"first","13":"outofstock","14":"taxable","15":"shipping-taxable","16":"purchasable","17":"product-type-simple"},"_links":{"self":[{"href":"https:\/\/shop.rettum.ee\/en\/wp-json\/wp\/v2\/product\/120538","targetHints":{"allow":["GET"]}}],"collection":[{"href":"https:\/\/shop.rettum.ee\/en\/wp-json\/wp\/v2\/product"}],"about":[{"href":"https:\/\/shop.rettum.ee\/en\/wp-json\/wp\/v2\/types\/product"}],"version-history":[{"count":1,"href":"https:\/\/shop.rettum.ee\/en\/wp-json\/wp\/v2\/product\/120538\/revisions"}],"predecessor-version":[{"id":125967,"href":"https:\/\/shop.rettum.ee\/en\/wp-json\/wp\/v2\/product\/120538\/revisions\/125967"}],"wp:featuredmedia":[{"embeddable":true,"href":"https:\/\/shop.rettum.ee\/en\/wp-json\/wp\/v2\/media\/124014"}],"wp:attachment":[{"href":"https:\/\/shop.rettum.ee\/en\/wp-json\/wp\/v2\/media?parent=120538"}],"wp:term":[{"taxonomy":"product_brand","embeddable":true,"href":"https:\/\/shop.rettum.ee\/en\/wp-json\/wp\/v2\/product_brand?post=120538"},{"taxonomy":"product_cat","embeddable":true,"href":"https:\/\/shop.rettum.ee\/en\/wp-json\/wp\/v2\/product_cat?post=120538"},{"taxonomy":"product_tag","embeddable":true,"href":"https:\/\/shop.rettum.ee\/en\/wp-json\/wp\/v2\/product_tag?post=120538"},{"taxonomy":"pa_brand_name","embeddable":true,"href":"https:\/\/shop.rettum.ee\/en\/wp-json\/wp\/v2\/pa_brand_name?post=120538"}],"curies":[{"name":"wp","href":"https:\/\/api.w.org\/{rel}","templated":true}]}}