{"id":120539,"date":"2025-03-31T03:03:28","date_gmt":"2025-03-31T00:03:28","guid":{"rendered":"https:\/\/shop.rettum.ee\/toode\/245-35r20-giti-gitisport-s2-95y-xl-rp-daa69\/"},"modified":"2026-03-28T02:50:45","modified_gmt":"2026-03-28T00:50:45","slug":"245-35r20-giti-gitisport-s2-95y-xl-rp-daa69","status":"publish","type":"product","link":"https:\/\/shop.rettum.ee\/en\/product\/245-35r20-giti-gitisport-s2-95y-xl-rp-daa69\/","title":{"rendered":"245\/35R20 GITI GITISPORT S2 95Y XL RP DAA69"},"content":{"rendered":"<p>GITI GITISPORT S2 245\/35R20 on disainitud pakkuma sportlikku j\u00f5udlust ja k\u00f5rget ohutust erinevates s\u00f5idutingimustes. Selle rehvim\u00f5\u00f5tmed tagavad suurep\u00e4rase kontakti teepinnaga, v\u00f5imaldades kindlat ja stabiilset s\u00f5itu nii kuivadel kui ka m\u00e4rgadel teedel. Kiirusindeks Y v\u00f5imaldab rehvile k\u00f5rge kiirusv\u00f5ime, samas kui tugevdatud XL konstruktsioon toob lisakoormustaluvuse, sobides nii j\u00f5udluseks kui ka igap\u00e4evaseks s\u00f5iduks.<\/p>\n<p>GITI rehv tugineb kaasaegsetele tehnoloogiatele, pakkudes maksimaalset haarduvust ja reaktiivsust kriitilistes olukordades. M\u00e4rgised ja selged disainielemendid tagavad \u00fchtlase j\u00f5udjaotuse ning t\u00e4pse juhitavuse, muutes selle ideaalseks valikuks sportautode ja teiste j\u00f5udlust n\u00f5udvate s\u00f5idukite omanikele. Tootekood DAA69 kinnitab selle rehvide tipptasemel kvaliteedi ja rangete tootmisstandardite j\u00e4rgimise.<\/p>","protected":false},"excerpt":{"rendered":"<p>GITI GITISPORT S2 245\/35R20 on disainitud pakkuma sportlikku j\u00f5udlust ja k\u00f5rget ohutust erinevates s\u00f5idutingimustes. Selle rehvim\u00f5\u00f5tmed tagavad suurep\u00e4rase kontakti teepinnaga, v\u00f5imaldades kindlat ja stabiilset s\u00f5itu nii kuivadel kui ka m\u00e4rgadel teedel. Kiirusindeks Y v\u00f5imaldab rehvile k\u00f5rge kiirusv\u00f5ime, samas kui tugevdatud XL konstruktsioon toob lisakoormustaluvuse, sobides nii j\u00f5udluseks kui ka igap\u00e4evaseks s\u00f5iduks. GITI rehv tugineb kaasaegsetele [&hellip;]<\/p>\n","protected":false},"featured_media":124014,"template":"","meta":{"site-sidebar-layout":"default","site-content-layout":"","ast-site-content-layout":"","site-content-style":"default","site-sidebar-style":"default","ast-global-header-display":"","ast-banner-title-visibility":"","ast-main-header-display":"","ast-hfb-above-header-display":"","ast-hfb-below-header-display":"","ast-hfb-mobile-header-display":"","site-post-title":"","ast-breadcrumbs-content":"","ast-featured-img":"","footer-sml-layout":"","theme-transparent-header-meta":"","adv-header-id-meta":"","stick-header-meta":"","header-above-stick-meta":"","header-main-stick-meta":"","header-below-stick-meta":"","astra-migrate-meta-layouts":"default","ast-page-background-enabled":"default","ast-page-background-meta":{"desktop":{"background-color":"","background-image":"","background-repeat":"repeat","background-position":"center center","background-size":"auto","background-attachment":"scroll","background-type":"","background-media":"","overlay-type":"","overlay-color":"","overlay-opacity":"","overlay-gradient":""},"tablet":{"background-color":"","background-image":"","background-repeat":"repeat","background-position":"center center","background-size":"auto","background-attachment":"scroll","background-type":"","background-media":"","overlay-type":"","overlay-color":"","overlay-opacity":"","overlay-gradient":""},"mobile":{"background-color":"","background-image":"","background-repeat":"repeat","background-position":"center center","background-size":"auto","background-attachment":"scroll","background-type":"","background-media":"","overlay-type":"","overlay-color":"","overlay-opacity":"","overlay-gradient":""}},"ast-content-background-meta":{"desktop":{"background-color":"var(--ast-global-color-5)","background-image":"","background-repeat":"repeat","background-position":"center center","background-size":"auto","background-attachment":"scroll","background-type":"","background-media":"","overlay-type":"","overlay-color":"","overlay-opacity":"","overlay-gradient":""},"tablet":{"background-color":"var(--ast-global-color-5)","background-image":"","background-repeat":"repeat","background-position":"center center","background-size":"auto","background-attachment":"scroll","background-type":"","background-media":"","overlay-type":"","overlay-color":"","overlay-opacity":"","overlay-gradient":""},"mobile":{"background-color":"var(--ast-global-color-5)","background-image":"","background-repeat":"repeat","background-position":"center center","background-size":"auto","background-attachment":"scroll","background-type":"","background-media":"","overlay-type":"","overlay-color":"","overlay-opacity":"","overlay-gradient":""}}},"product_brand":[],"product_cat":[34225],"product_tag":[],"pa_brand_name":[18153],"class_list":{"0":"post-120539","1":"product","2":"type-product","3":"status-publish","4":"has-post-thumbnail","6":"product_cat-summer-tires-pv","7":"pa_brand_name-giti","8":"desktop-align-left","9":"tablet-align-left","10":"mobile-align-left","12":"first","13":"instock","14":"taxable","15":"shipping-taxable","16":"purchasable","17":"product-type-simple"},"_links":{"self":[{"href":"https:\/\/shop.rettum.ee\/en\/wp-json\/wp\/v2\/product\/120539","targetHints":{"allow":["GET"]}}],"collection":[{"href":"https:\/\/shop.rettum.ee\/en\/wp-json\/wp\/v2\/product"}],"about":[{"href":"https:\/\/shop.rettum.ee\/en\/wp-json\/wp\/v2\/types\/product"}],"version-history":[{"count":1,"href":"https:\/\/shop.rettum.ee\/en\/wp-json\/wp\/v2\/product\/120539\/revisions"}],"predecessor-version":[{"id":125965,"href":"https:\/\/shop.rettum.ee\/en\/wp-json\/wp\/v2\/product\/120539\/revisions\/125965"}],"wp:featuredmedia":[{"embeddable":true,"href":"https:\/\/shop.rettum.ee\/en\/wp-json\/wp\/v2\/media\/124014"}],"wp:attachment":[{"href":"https:\/\/shop.rettum.ee\/en\/wp-json\/wp\/v2\/media?parent=120539"}],"wp:term":[{"taxonomy":"product_brand","embeddable":true,"href":"https:\/\/shop.rettum.ee\/en\/wp-json\/wp\/v2\/product_brand?post=120539"},{"taxonomy":"product_cat","embeddable":true,"href":"https:\/\/shop.rettum.ee\/en\/wp-json\/wp\/v2\/product_cat?post=120539"},{"taxonomy":"product_tag","embeddable":true,"href":"https:\/\/shop.rettum.ee\/en\/wp-json\/wp\/v2\/product_tag?post=120539"},{"taxonomy":"pa_brand_name","embeddable":true,"href":"https:\/\/shop.rettum.ee\/en\/wp-json\/wp\/v2\/pa_brand_name?post=120539"}],"curies":[{"name":"wp","href":"https:\/\/api.w.org\/{rel}","templated":true}]}}