{"id":120540,"date":"2025-03-31T03:03:28","date_gmt":"2025-03-31T00:03:28","guid":{"rendered":"https:\/\/shop.rettum.ee\/toode\/275-30r20-giti-gitisport-s2-97y-xl-elect-rp-cab72\/"},"modified":"2026-03-28T02:50:45","modified_gmt":"2026-03-28T00:50:45","slug":"275-30r20-giti-gitisport-s2-97y-xl-elect-rp-cab72","status":"publish","type":"product","link":"https:\/\/shop.rettum.ee\/en\/product\/275-30r20-giti-gitisport-s2-97y-xl-elect-rp-cab72\/","title":{"rendered":"275\/30R20 GITI GITISPORT S2 97Y XL Elect RP CAB72"},"content":{"rendered":"<p>275\/30R20 GITI GITISPORT S2 97Y XL Elect RP CAB72 on tipptasemel j\u00f5udlusrehvid, mis on loodud sportlikele s\u00f5idukitele ja kogenud autojuhtidele. Rehvi m\u00f5\u00f5tmed \u2013 275 mm laius, 30% profiil ning 20-tolline velg \u2013 tagavad suurep\u00e4rase stabiilsuse ja maksimaalse veoj\u00f5udluse ka k\u00f5rgetel kiirustel. 97 koormusindeks ja Y kiirusindeks annavad kindlustunde, et rehvid suudavad toime tulla nii suure kiirusega s\u00f5idutingimustes kui ka n\u00f5udlike koormustega.<\/p>\n<p>XL konstruktsioon ja kaasaegne Elect tehnoloogia pakuvad suuremat lisakoormust ja t\u00f6\u00f6tavad optimaalselt, s\u00e4\u00e4stes s\u00f5iduki k\u00fctuses\u00e4\u00e4stlikkust. Rehvi disain on hoolikalt arendatud pakkuma treenitud reaktsioonikiirust ja t\u00e4pset juhitavust erinevatel teedel, muutes s\u00f5idu nauditavaks ja turvaliseks.<\/p>\n<p>GITI GITISPORT S2 \u2013 ideaalne valik neile, kes hindavad sportlikku v\u00e4ljan\u00e4gemist ja usaldusv\u00e4\u00e4rset j\u00f5udlust. Sobib ideaalselt kaasaegsetele mootoris\u00f5idukitele, pakkudes kindlat ja stabiilset s\u00f5idukogemust nii kurvides kui sirgetel teedel.<\/p>","protected":false},"excerpt":{"rendered":"<p>275\/30R20 GITI GITISPORT S2 97Y XL Elect RP CAB72 on tipptasemel j\u00f5udlusrehvid, mis on loodud sportlikele s\u00f5idukitele ja kogenud autojuhtidele. Rehvi m\u00f5\u00f5tmed \u2013 275 mm laius, 30% profiil ning 20-tolline velg \u2013 tagavad suurep\u00e4rase stabiilsuse ja maksimaalse veoj\u00f5udluse ka k\u00f5rgetel kiirustel. 97 koormusindeks ja Y kiirusindeks annavad kindlustunde, et rehvid suudavad toime tulla nii suure [&hellip;]<\/p>\n","protected":false},"featured_media":124014,"template":"","meta":{"site-sidebar-layout":"default","site-content-layout":"","ast-site-content-layout":"","site-content-style":"default","site-sidebar-style":"default","ast-global-header-display":"","ast-banner-title-visibility":"","ast-main-header-display":"","ast-hfb-above-header-display":"","ast-hfb-below-header-display":"","ast-hfb-mobile-header-display":"","site-post-title":"","ast-breadcrumbs-content":"","ast-featured-img":"","footer-sml-layout":"","theme-transparent-header-meta":"","adv-header-id-meta":"","stick-header-meta":"","header-above-stick-meta":"","header-main-stick-meta":"","header-below-stick-meta":"","astra-migrate-meta-layouts":"default","ast-page-background-enabled":"default","ast-page-background-meta":{"desktop":{"background-color":"","background-image":"","background-repeat":"repeat","background-position":"center center","background-size":"auto","background-attachment":"scroll","background-type":"","background-media":"","overlay-type":"","overlay-color":"","overlay-opacity":"","overlay-gradient":""},"tablet":{"background-color":"","background-image":"","background-repeat":"repeat","background-position":"center center","background-size":"auto","background-attachment":"scroll","background-type":"","background-media":"","overlay-type":"","overlay-color":"","overlay-opacity":"","overlay-gradient":""},"mobile":{"background-color":"","background-image":"","background-repeat":"repeat","background-position":"center center","background-size":"auto","background-attachment":"scroll","background-type":"","background-media":"","overlay-type":"","overlay-color":"","overlay-opacity":"","overlay-gradient":""}},"ast-content-background-meta":{"desktop":{"background-color":"var(--ast-global-color-5)","background-image":"","background-repeat":"repeat","background-position":"center center","background-size":"auto","background-attachment":"scroll","background-type":"","background-media":"","overlay-type":"","overlay-color":"","overlay-opacity":"","overlay-gradient":""},"tablet":{"background-color":"var(--ast-global-color-5)","background-image":"","background-repeat":"repeat","background-position":"center center","background-size":"auto","background-attachment":"scroll","background-type":"","background-media":"","overlay-type":"","overlay-color":"","overlay-opacity":"","overlay-gradient":""},"mobile":{"background-color":"var(--ast-global-color-5)","background-image":"","background-repeat":"repeat","background-position":"center center","background-size":"auto","background-attachment":"scroll","background-type":"","background-media":"","overlay-type":"","overlay-color":"","overlay-opacity":"","overlay-gradient":""}}},"product_brand":[],"product_cat":[34225],"product_tag":[],"pa_brand_name":[18153],"class_list":{"0":"post-120540","1":"product","2":"type-product","3":"status-publish","4":"has-post-thumbnail","6":"product_cat-summer-tires-pv","7":"pa_brand_name-giti","8":"desktop-align-left","9":"tablet-align-left","10":"mobile-align-left","12":"first","13":"instock","14":"taxable","15":"shipping-taxable","16":"purchasable","17":"product-type-simple"},"_links":{"self":[{"href":"https:\/\/shop.rettum.ee\/en\/wp-json\/wp\/v2\/product\/120540","targetHints":{"allow":["GET"]}}],"collection":[{"href":"https:\/\/shop.rettum.ee\/en\/wp-json\/wp\/v2\/product"}],"about":[{"href":"https:\/\/shop.rettum.ee\/en\/wp-json\/wp\/v2\/types\/product"}],"version-history":[{"count":1,"href":"https:\/\/shop.rettum.ee\/en\/wp-json\/wp\/v2\/product\/120540\/revisions"}],"predecessor-version":[{"id":125966,"href":"https:\/\/shop.rettum.ee\/en\/wp-json\/wp\/v2\/product\/120540\/revisions\/125966"}],"wp:featuredmedia":[{"embeddable":true,"href":"https:\/\/shop.rettum.ee\/en\/wp-json\/wp\/v2\/media\/124014"}],"wp:attachment":[{"href":"https:\/\/shop.rettum.ee\/en\/wp-json\/wp\/v2\/media?parent=120540"}],"wp:term":[{"taxonomy":"product_brand","embeddable":true,"href":"https:\/\/shop.rettum.ee\/en\/wp-json\/wp\/v2\/product_brand?post=120540"},{"taxonomy":"product_cat","embeddable":true,"href":"https:\/\/shop.rettum.ee\/en\/wp-json\/wp\/v2\/product_cat?post=120540"},{"taxonomy":"product_tag","embeddable":true,"href":"https:\/\/shop.rettum.ee\/en\/wp-json\/wp\/v2\/product_tag?post=120540"},{"taxonomy":"pa_brand_name","embeddable":true,"href":"https:\/\/shop.rettum.ee\/en\/wp-json\/wp\/v2\/pa_brand_name?post=120540"}],"curies":[{"name":"wp","href":"https:\/\/api.w.org\/{rel}","templated":true}]}}