{"id":120543,"date":"2025-03-31T03:03:31","date_gmt":"2025-03-31T00:03:31","guid":{"rendered":"https:\/\/shop.rettum.ee\/toode\/275-35r21-giti-gitisport-s2-103y-xl-elect-rp-cab72\/"},"modified":"2026-03-22T03:05:07","modified_gmt":"2026-03-22T01:05:07","slug":"275-35r21-giti-gitisport-s2-103y-xl-elect-rp-cab72","status":"publish","type":"product","link":"https:\/\/shop.rettum.ee\/en\/product\/275-35r21-giti-gitisport-s2-103y-xl-elect-rp-cab72\/","title":{"rendered":"275\/35R21 GITI GITISPORT S2 103Y XL Elect RP CAB72"},"content":{"rendered":"<p>275\/35R21 GITI GITISPORT S2 103Y XL Elect RP CAB72 on disainitud kogenud s\u00f5idunautlejatele ja k\u00f5rge j\u00f5udlusega s\u00f5idukitele, kes hindavad \u00fclimat stabiilsust ja reageerimiskiirust. Selle rehviga on tagatud erakordne haarduvus nii kuival kui niisel teel, v\u00f5imaldades enesekindlat s\u00f5itu igas olukorras.<\/p>\n<p>Rehvi spetsifikatsioonid \u2013 nagu 103Y kiirusklass ja XL koormuskindlus \u2013 n\u00e4itavad, et tegemist on v\u00e4ljapaistva j\u00f5udlusega tootega, mis sobib n\u00f5udlikele s\u00f5idutingimustele. Innovatiivne Elect tehnoloogia aitab optimeerida veeretakistust, parandades seel\u00e4bi k\u00fctuses\u00e4\u00e4stlikkust ja pakkudes s\u00f5idu ajal sujuvamat kogemust. RP viitab rehvile, mis tagab kiire ja t\u00e4pse reageerimise kokkup\u00f5rkehetkedel, v\u00f5imaldades ohutumat s\u00f5itu.<\/p>\n<p>Lisaks eelistele, mida pakub selle tehnoloogia ja disain, garanteerib CAB72 s\u00fcsteem suurep\u00e4rase kokkupandavuse, mille tulemusel kaitstakse rehvi servasid ja tagatakse pikem t\u00f6\u00f6iga. GITI GITISPORT S2 275\/35R21 on ideaalne valik neile, kes otsivad spordirehvi, mis \u00fchendab tipptasemel j\u00f5udluse, ohutuse ja innovatsiooni \u2013 k\u00f5ik see \u00fches kaasaegses ja usaldusv\u00e4\u00e4rses tootmises.<\/p>","protected":false},"excerpt":{"rendered":"<p>275\/35R21 GITI GITISPORT S2 103Y XL Elect RP CAB72 on disainitud kogenud s\u00f5idunautlejatele ja k\u00f5rge j\u00f5udlusega s\u00f5idukitele, kes hindavad \u00fclimat stabiilsust ja reageerimiskiirust. Selle rehviga on tagatud erakordne haarduvus nii kuival kui niisel teel, v\u00f5imaldades enesekindlat s\u00f5itu igas olukorras. Rehvi spetsifikatsioonid \u2013 nagu 103Y kiirusklass ja XL koormuskindlus \u2013 n\u00e4itavad, et tegemist on v\u00e4ljapaistva j\u00f5udlusega [&hellip;]<\/p>\n","protected":false},"featured_media":124014,"template":"","meta":{"site-sidebar-layout":"default","site-content-layout":"","ast-site-content-layout":"","site-content-style":"default","site-sidebar-style":"default","ast-global-header-display":"","ast-banner-title-visibility":"","ast-main-header-display":"","ast-hfb-above-header-display":"","ast-hfb-below-header-display":"","ast-hfb-mobile-header-display":"","site-post-title":"","ast-breadcrumbs-content":"","ast-featured-img":"","footer-sml-layout":"","theme-transparent-header-meta":"","adv-header-id-meta":"","stick-header-meta":"","header-above-stick-meta":"","header-main-stick-meta":"","header-below-stick-meta":"","astra-migrate-meta-layouts":"default","ast-page-background-enabled":"default","ast-page-background-meta":{"desktop":{"background-color":"","background-image":"","background-repeat":"repeat","background-position":"center center","background-size":"auto","background-attachment":"scroll","background-type":"","background-media":"","overlay-type":"","overlay-color":"","overlay-opacity":"","overlay-gradient":""},"tablet":{"background-color":"","background-image":"","background-repeat":"repeat","background-position":"center center","background-size":"auto","background-attachment":"scroll","background-type":"","background-media":"","overlay-type":"","overlay-color":"","overlay-opacity":"","overlay-gradient":""},"mobile":{"background-color":"","background-image":"","background-repeat":"repeat","background-position":"center center","background-size":"auto","background-attachment":"scroll","background-type":"","background-media":"","overlay-type":"","overlay-color":"","overlay-opacity":"","overlay-gradient":""}},"ast-content-background-meta":{"desktop":{"background-color":"var(--ast-global-color-5)","background-image":"","background-repeat":"repeat","background-position":"center center","background-size":"auto","background-attachment":"scroll","background-type":"","background-media":"","overlay-type":"","overlay-color":"","overlay-opacity":"","overlay-gradient":""},"tablet":{"background-color":"var(--ast-global-color-5)","background-image":"","background-repeat":"repeat","background-position":"center center","background-size":"auto","background-attachment":"scroll","background-type":"","background-media":"","overlay-type":"","overlay-color":"","overlay-opacity":"","overlay-gradient":""},"mobile":{"background-color":"var(--ast-global-color-5)","background-image":"","background-repeat":"repeat","background-position":"center center","background-size":"auto","background-attachment":"scroll","background-type":"","background-media":"","overlay-type":"","overlay-color":"","overlay-opacity":"","overlay-gradient":""}}},"product_brand":[],"product_cat":[34225],"product_tag":[],"pa_brand_name":[18153],"class_list":{"0":"post-120543","1":"product","2":"type-product","3":"status-publish","4":"has-post-thumbnail","6":"product_cat-summer-tires-pv","7":"pa_brand_name-giti","8":"desktop-align-left","9":"tablet-align-left","10":"mobile-align-left","12":"first","13":"outofstock","14":"taxable","15":"shipping-taxable","16":"purchasable","17":"product-type-simple"},"_links":{"self":[{"href":"https:\/\/shop.rettum.ee\/en\/wp-json\/wp\/v2\/product\/120543","targetHints":{"allow":["GET"]}}],"collection":[{"href":"https:\/\/shop.rettum.ee\/en\/wp-json\/wp\/v2\/product"}],"about":[{"href":"https:\/\/shop.rettum.ee\/en\/wp-json\/wp\/v2\/types\/product"}],"version-history":[{"count":1,"href":"https:\/\/shop.rettum.ee\/en\/wp-json\/wp\/v2\/product\/120543\/revisions"}],"predecessor-version":[{"id":125961,"href":"https:\/\/shop.rettum.ee\/en\/wp-json\/wp\/v2\/product\/120543\/revisions\/125961"}],"wp:featuredmedia":[{"embeddable":true,"href":"https:\/\/shop.rettum.ee\/en\/wp-json\/wp\/v2\/media\/124014"}],"wp:attachment":[{"href":"https:\/\/shop.rettum.ee\/en\/wp-json\/wp\/v2\/media?parent=120543"}],"wp:term":[{"taxonomy":"product_brand","embeddable":true,"href":"https:\/\/shop.rettum.ee\/en\/wp-json\/wp\/v2\/product_brand?post=120543"},{"taxonomy":"product_cat","embeddable":true,"href":"https:\/\/shop.rettum.ee\/en\/wp-json\/wp\/v2\/product_cat?post=120543"},{"taxonomy":"product_tag","embeddable":true,"href":"https:\/\/shop.rettum.ee\/en\/wp-json\/wp\/v2\/product_tag?post=120543"},{"taxonomy":"pa_brand_name","embeddable":true,"href":"https:\/\/shop.rettum.ee\/en\/wp-json\/wp\/v2\/pa_brand_name?post=120543"}],"curies":[{"name":"wp","href":"https:\/\/api.w.org\/{rel}","templated":true}]}}