{"id":120546,"date":"2025-03-31T03:03:33","date_gmt":"2025-03-31T00:03:33","guid":{"rendered":"https:\/\/shop.rettum.ee\/toode\/235-75r15-gripmax-inception-a-t-109t-xl-rwl-ccb72-3pmsf-ms\/"},"modified":"2026-03-22T03:05:08","modified_gmt":"2026-03-22T01:05:08","slug":"235-75r15-gripmax-inception-a-t-109t-xl-rwl-ccb72-3pmsf-ms","status":"publish","type":"product","link":"https:\/\/shop.rettum.ee\/en\/product\/235-75r15-gripmax-inception-a-t-109t-xl-rwl-ccb72-3pmsf-ms\/","title":{"rendered":"235\/75R15 GRIPMAX INCEPTION A\/T 109T XL RWL CCB72 3PMSF M+S"},"content":{"rendered":"<p>235\/75R15 GRIPMAX INCEPTION A\/T on mitmek\u00fclgne maastikurehv, mis tagab stabiilse ja turvalise s\u00f5idu igas olukorras. Rehvi A\/T disain tagab suurep\u00e4rase haarduvuse nii maanteel kui ka n\u00f5udlikemates maastikutingimustes, pakkudes kindlat veoj\u00f5udu ja hea man\u00f6\u00f6verdusv\u00f5imet. XL-kantavus v\u00f5imaldab s\u00f5idukit, millel on suur koormus ja intensiivne kasutus, t\u00f6\u00f6kindlalt toetada, samas kui 109T rehv vastab rangetele kiirus- ja ohutusstandarditele.<\/p>\n<p>GRIPMAX INCEPTION A\/T-lt leiate ka RWL tehnoloogiat, mis s\u00e4ilitab s\u00f5iduohutuse ootamatute kahjustuste korral, v\u00f5imaldades s\u00f5idukil siiski j\u00e4tkata teekonda. CCB72 ja 3PMSF m\u00e4rgistused t\u00f5endavad rehvi sobivust ka karmimates ilmastikutingimustes, sealhulgas lumisel ja m\u00e4rjal teel \u2013 M+S s\u00fcmbol kinnitab lisaturvalisust mudaoludes.<\/p>\n<p>See rehv on ideaalne valik nii igap\u00e4evaseks s\u00f5iduks kui ka seikluslikeks maastikutuurideks, pakkudes optimaalse kombinatsiooni vastupidavusest, j\u00f5udlusest ja mitmek\u00fclgsusest Eesti muutlikes ilmastikutingimustes.<\/p>","protected":false},"excerpt":{"rendered":"<p>235\/75R15 GRIPMAX INCEPTION A\/T on mitmek\u00fclgne maastikurehv, mis tagab stabiilse ja turvalise s\u00f5idu igas olukorras. Rehvi A\/T disain tagab suurep\u00e4rase haarduvuse nii maanteel kui ka n\u00f5udlikemates maastikutingimustes, pakkudes kindlat veoj\u00f5udu ja hea man\u00f6\u00f6verdusv\u00f5imet. XL-kantavus v\u00f5imaldab s\u00f5idukit, millel on suur koormus ja intensiivne kasutus, t\u00f6\u00f6kindlalt toetada, samas kui 109T rehv vastab rangetele kiirus- ja ohutusstandarditele. GRIPMAX [&hellip;]<\/p>\n","protected":false},"featured_media":124012,"template":"","meta":{"site-sidebar-layout":"default","site-content-layout":"","ast-site-content-layout":"","site-content-style":"default","site-sidebar-style":"default","ast-global-header-display":"","ast-banner-title-visibility":"","ast-main-header-display":"","ast-hfb-above-header-display":"","ast-hfb-below-header-display":"","ast-hfb-mobile-header-display":"","site-post-title":"","ast-breadcrumbs-content":"","ast-featured-img":"","footer-sml-layout":"","theme-transparent-header-meta":"","adv-header-id-meta":"","stick-header-meta":"","header-above-stick-meta":"","header-main-stick-meta":"","header-below-stick-meta":"","astra-migrate-meta-layouts":"default","ast-page-background-enabled":"default","ast-page-background-meta":{"desktop":{"background-color":"","background-image":"","background-repeat":"repeat","background-position":"center center","background-size":"auto","background-attachment":"scroll","background-type":"","background-media":"","overlay-type":"","overlay-color":"","overlay-opacity":"","overlay-gradient":""},"tablet":{"background-color":"","background-image":"","background-repeat":"repeat","background-position":"center center","background-size":"auto","background-attachment":"scroll","background-type":"","background-media":"","overlay-type":"","overlay-color":"","overlay-opacity":"","overlay-gradient":""},"mobile":{"background-color":"","background-image":"","background-repeat":"repeat","background-position":"center center","background-size":"auto","background-attachment":"scroll","background-type":"","background-media":"","overlay-type":"","overlay-color":"","overlay-opacity":"","overlay-gradient":""}},"ast-content-background-meta":{"desktop":{"background-color":"var(--ast-global-color-5)","background-image":"","background-repeat":"repeat","background-position":"center center","background-size":"auto","background-attachment":"scroll","background-type":"","background-media":"","overlay-type":"","overlay-color":"","overlay-opacity":"","overlay-gradient":""},"tablet":{"background-color":"var(--ast-global-color-5)","background-image":"","background-repeat":"repeat","background-position":"center center","background-size":"auto","background-attachment":"scroll","background-type":"","background-media":"","overlay-type":"","overlay-color":"","overlay-opacity":"","overlay-gradient":""},"mobile":{"background-color":"var(--ast-global-color-5)","background-image":"","background-repeat":"repeat","background-position":"center center","background-size":"auto","background-attachment":"scroll","background-type":"","background-media":"","overlay-type":"","overlay-color":"","overlay-opacity":"","overlay-gradient":""}}},"product_brand":[],"product_cat":[34225],"product_tag":[],"pa_brand_name":[17816],"class_list":{"0":"post-120546","1":"product","2":"type-product","3":"status-publish","4":"has-post-thumbnail","6":"product_cat-summer-tires-pv","7":"pa_brand_name-gripmax","8":"desktop-align-left","9":"tablet-align-left","10":"mobile-align-left","12":"first","13":"outofstock","14":"taxable","15":"shipping-taxable","16":"purchasable","17":"product-type-simple"},"_links":{"self":[{"href":"https:\/\/shop.rettum.ee\/en\/wp-json\/wp\/v2\/product\/120546","targetHints":{"allow":["GET"]}}],"collection":[{"href":"https:\/\/shop.rettum.ee\/en\/wp-json\/wp\/v2\/product"}],"about":[{"href":"https:\/\/shop.rettum.ee\/en\/wp-json\/wp\/v2\/types\/product"}],"version-history":[{"count":1,"href":"https:\/\/shop.rettum.ee\/en\/wp-json\/wp\/v2\/product\/120546\/revisions"}],"predecessor-version":[{"id":125958,"href":"https:\/\/shop.rettum.ee\/en\/wp-json\/wp\/v2\/product\/120546\/revisions\/125958"}],"wp:featuredmedia":[{"embeddable":true,"href":"https:\/\/shop.rettum.ee\/en\/wp-json\/wp\/v2\/media\/124012"}],"wp:attachment":[{"href":"https:\/\/shop.rettum.ee\/en\/wp-json\/wp\/v2\/media?parent=120546"}],"wp:term":[{"taxonomy":"product_brand","embeddable":true,"href":"https:\/\/shop.rettum.ee\/en\/wp-json\/wp\/v2\/product_brand?post=120546"},{"taxonomy":"product_cat","embeddable":true,"href":"https:\/\/shop.rettum.ee\/en\/wp-json\/wp\/v2\/product_cat?post=120546"},{"taxonomy":"product_tag","embeddable":true,"href":"https:\/\/shop.rettum.ee\/en\/wp-json\/wp\/v2\/product_tag?post=120546"},{"taxonomy":"pa_brand_name","embeddable":true,"href":"https:\/\/shop.rettum.ee\/en\/wp-json\/wp\/v2\/pa_brand_name?post=120546"}],"curies":[{"name":"wp","href":"https:\/\/api.w.org\/{rel}","templated":true}]}}