{"id":120547,"date":"2025-03-31T03:03:33","date_gmt":"2025-03-31T00:03:33","guid":{"rendered":"https:\/\/shop.rettum.ee\/toode\/215-70r16-gt-radial-savero-suv-100h-dcb70-ms-2\/"},"modified":"2026-03-28T02:50:45","modified_gmt":"2026-03-28T00:50:45","slug":"215-70r16-gt-radial-savero-suv-100h-dcb70-ms-2","status":"publish","type":"product","link":"https:\/\/shop.rettum.ee\/en\/product\/215-70r16-gt-radial-savero-suv-100h-dcb70-ms-2\/","title":{"rendered":"215\/70R16 GT RADIAL SAVERO SUV 100H DCB70 M+S"},"content":{"rendered":"<p>215\/70R16 GT RADIAL SAVERO SUV 100H DCB70 M+S on mitmek\u00fclgne radiaalrehv, mis on loodud t\u00e4nap\u00e4evastele SUV-dele, pakkudes suurep\u00e4raseid s\u00f5iduomadusi igas olukorras. Selle rehvi m\u00f5\u00f5dud ja konstruktsioon tagavad tugeva haardumise nii maanteel kui ka n\u00f5udlikemates tingimustes. M+S m\u00e4rgisega mudade ja luminepidamise v\u00f5imekust r\u00f5hutatakse disain, mis on ideaalne talvistel teedel ja raskemal maastikul s\u00f5iduks.<\/p>\n<p>Rehvi 100H klass on usaldusv\u00e4\u00e4rne ja sobib nii igap\u00e4evaseks s\u00f5iduks kui ka pikemateks teekondadeks, tagades stabiilsuse ja turvalisuse ka k\u00f5rgematel kiirustel. DCB70 viitab t\u00e4psele tehnilisele lahendusele, mis toetab rehvi vastupidavust ja efektiivsust. <\/p>\n<p>Savero SUV rehvid on loodud t\u00e4iendama s\u00f5idukite j\u00f5udlust ja pakkuma s\u00f5idumugavust ka k\u00f5ige n\u00f5udlikumates olukordades. See rehv \u00fchendab endas vastupidavuse, turvalisuse ja innovatsiooni, sobides ideaalselt neile, kes hindavad usaldusv\u00e4\u00e4rsust ja kvaliteeti igas s\u00f5idutingimuses.<\/p>","protected":false},"excerpt":{"rendered":"<p>215\/70R16 GT RADIAL SAVERO SUV 100H DCB70 M+S on mitmek\u00fclgne radiaalrehv, mis on loodud t\u00e4nap\u00e4evastele SUV-dele, pakkudes suurep\u00e4raseid s\u00f5iduomadusi igas olukorras. Selle rehvi m\u00f5\u00f5dud ja konstruktsioon tagavad tugeva haardumise nii maanteel kui ka n\u00f5udlikemates tingimustes. M+S m\u00e4rgisega mudade ja luminepidamise v\u00f5imekust r\u00f5hutatakse disain, mis on ideaalne talvistel teedel ja raskemal maastikul s\u00f5iduks. Rehvi 100H klass [&hellip;]<\/p>\n","protected":false},"featured_media":124008,"template":"","meta":{"site-sidebar-layout":"default","site-content-layout":"","ast-site-content-layout":"","site-content-style":"default","site-sidebar-style":"default","ast-global-header-display":"","ast-banner-title-visibility":"","ast-main-header-display":"","ast-hfb-above-header-display":"","ast-hfb-below-header-display":"","ast-hfb-mobile-header-display":"","site-post-title":"","ast-breadcrumbs-content":"","ast-featured-img":"","footer-sml-layout":"","theme-transparent-header-meta":"","adv-header-id-meta":"","stick-header-meta":"","header-above-stick-meta":"","header-main-stick-meta":"","header-below-stick-meta":"","astra-migrate-meta-layouts":"default","ast-page-background-enabled":"default","ast-page-background-meta":{"desktop":{"background-color":"","background-image":"","background-repeat":"repeat","background-position":"center center","background-size":"auto","background-attachment":"scroll","background-type":"","background-media":"","overlay-type":"","overlay-color":"","overlay-opacity":"","overlay-gradient":""},"tablet":{"background-color":"","background-image":"","background-repeat":"repeat","background-position":"center center","background-size":"auto","background-attachment":"scroll","background-type":"","background-media":"","overlay-type":"","overlay-color":"","overlay-opacity":"","overlay-gradient":""},"mobile":{"background-color":"","background-image":"","background-repeat":"repeat","background-position":"center center","background-size":"auto","background-attachment":"scroll","background-type":"","background-media":"","overlay-type":"","overlay-color":"","overlay-opacity":"","overlay-gradient":""}},"ast-content-background-meta":{"desktop":{"background-color":"var(--ast-global-color-5)","background-image":"","background-repeat":"repeat","background-position":"center center","background-size":"auto","background-attachment":"scroll","background-type":"","background-media":"","overlay-type":"","overlay-color":"","overlay-opacity":"","overlay-gradient":""},"tablet":{"background-color":"var(--ast-global-color-5)","background-image":"","background-repeat":"repeat","background-position":"center center","background-size":"auto","background-attachment":"scroll","background-type":"","background-media":"","overlay-type":"","overlay-color":"","overlay-opacity":"","overlay-gradient":""},"mobile":{"background-color":"var(--ast-global-color-5)","background-image":"","background-repeat":"repeat","background-position":"center center","background-size":"auto","background-attachment":"scroll","background-type":"","background-media":"","overlay-type":"","overlay-color":"","overlay-opacity":"","overlay-gradient":""}}},"product_brand":[],"product_cat":[34225],"product_tag":[],"pa_brand_name":[34250],"class_list":{"0":"post-120547","1":"product","2":"type-product","3":"status-publish","4":"has-post-thumbnail","6":"product_cat-summer-tires-pv","7":"pa_brand_name-gt-radial-2","8":"desktop-align-left","9":"tablet-align-left","10":"mobile-align-left","12":"first","13":"instock","14":"taxable","15":"shipping-taxable","16":"purchasable","17":"product-type-simple"},"_links":{"self":[{"href":"https:\/\/shop.rettum.ee\/en\/wp-json\/wp\/v2\/product\/120547","targetHints":{"allow":["GET"]}}],"collection":[{"href":"https:\/\/shop.rettum.ee\/en\/wp-json\/wp\/v2\/product"}],"about":[{"href":"https:\/\/shop.rettum.ee\/en\/wp-json\/wp\/v2\/types\/product"}],"version-history":[{"count":2,"href":"https:\/\/shop.rettum.ee\/en\/wp-json\/wp\/v2\/product\/120547\/revisions"}],"predecessor-version":[{"id":125991,"href":"https:\/\/shop.rettum.ee\/en\/wp-json\/wp\/v2\/product\/120547\/revisions\/125991"}],"wp:featuredmedia":[{"embeddable":true,"href":"https:\/\/shop.rettum.ee\/en\/wp-json\/wp\/v2\/media\/124008"}],"wp:attachment":[{"href":"https:\/\/shop.rettum.ee\/en\/wp-json\/wp\/v2\/media?parent=120547"}],"wp:term":[{"taxonomy":"product_brand","embeddable":true,"href":"https:\/\/shop.rettum.ee\/en\/wp-json\/wp\/v2\/product_brand?post=120547"},{"taxonomy":"product_cat","embeddable":true,"href":"https:\/\/shop.rettum.ee\/en\/wp-json\/wp\/v2\/product_cat?post=120547"},{"taxonomy":"product_tag","embeddable":true,"href":"https:\/\/shop.rettum.ee\/en\/wp-json\/wp\/v2\/product_tag?post=120547"},{"taxonomy":"pa_brand_name","embeddable":true,"href":"https:\/\/shop.rettum.ee\/en\/wp-json\/wp\/v2\/pa_brand_name?post=120547"}],"curies":[{"name":"wp","href":"https:\/\/api.w.org\/{rel}","templated":true}]}}