{"id":120550,"date":"2025-03-31T03:03:35","date_gmt":"2025-03-31T00:03:35","guid":{"rendered":"https:\/\/shop.rettum.ee\/toode\/245-65r17-gt-radial-savero-suv-111h-ccb72-ms\/"},"modified":"2026-03-22T03:05:09","modified_gmt":"2026-03-22T01:05:09","slug":"245-65r17-gt-radial-savero-suv-111h-ccb72-ms","status":"publish","type":"product","link":"https:\/\/shop.rettum.ee\/en\/product\/245-65r17-gt-radial-savero-suv-111h-ccb72-ms\/","title":{"rendered":"245\/65R17 GT RADIAL SAVERO SUV 111H CCB72 M+S"},"content":{"rendered":"<p>Tutvustame rehvi 245\/65R17 GT RADIAL SAVERO SUV 111H CCB72 M+S \u2013 parimat valikut n\u00f5udlikele maastikel s\u00f5itjatele. See k\u00f5rgtehnoloogiline rehvi mudel on spetsiaalselt disainitud SUV-dele, pakkudes erakordset haarduvust ja stabiilsust nii kuivadel kui ka m\u00e4rgadel teedel. Radiaalkehaga konstruktsioon tagab suurep\u00e4rase kontaktpinna, mis aitab v\u00e4hendada veeretakistust ning parandada k\u00fctuses\u00e4\u00e4stlikkust.<\/p>\n<p>M+S m\u00e4rgis kinnitab rehvi v\u00f5imet toime tulla n\u00f5rkade ja lumeliste tingimustega, v\u00f5imaldades turvalist s\u00f5itu igas olukorras. Kiirusindeks H n\u00e4itab, et rehvi on testitud kuni 210 km\/h kiirusel, pakkudes usaldusv\u00e4\u00e4rset sooritusv\u00f5imet ka kiiretel s\u00f5itudel. Load-indeks 111 tagab piisava koormustaluvuse, mis on oluline suuremate s\u00f5idukite ja raskemate koormate puhul.<\/p>\n<p>GT RADIAL SAVERO SUV rehvid \u00fchendavad innovatsiooni ja praktilisuse, pakkudes s\u00f5idukijuhtidele turvalisust, mugavust ja efektiivset sooritust igal teekonnal. Valitseb teeoludest s\u00f5ltumata, on see rehvi lahendus ideaalne neile, kes hindavad kvaliteeti ja usaldusv\u00e4\u00e4rsust igap\u00e4evaselt.<\/p>","protected":false},"excerpt":{"rendered":"<p>Tutvustame rehvi 245\/65R17 GT RADIAL SAVERO SUV 111H CCB72 M+S \u2013 parimat valikut n\u00f5udlikele maastikel s\u00f5itjatele. See k\u00f5rgtehnoloogiline rehvi mudel on spetsiaalselt disainitud SUV-dele, pakkudes erakordset haarduvust ja stabiilsust nii kuivadel kui ka m\u00e4rgadel teedel. Radiaalkehaga konstruktsioon tagab suurep\u00e4rase kontaktpinna, mis aitab v\u00e4hendada veeretakistust ning parandada k\u00fctuses\u00e4\u00e4stlikkust. M+S m\u00e4rgis kinnitab rehvi v\u00f5imet toime tulla n\u00f5rkade [&hellip;]<\/p>\n","protected":false},"featured_media":124008,"template":"","meta":{"site-sidebar-layout":"default","site-content-layout":"","ast-site-content-layout":"","site-content-style":"default","site-sidebar-style":"default","ast-global-header-display":"","ast-banner-title-visibility":"","ast-main-header-display":"","ast-hfb-above-header-display":"","ast-hfb-below-header-display":"","ast-hfb-mobile-header-display":"","site-post-title":"","ast-breadcrumbs-content":"","ast-featured-img":"","footer-sml-layout":"","theme-transparent-header-meta":"","adv-header-id-meta":"","stick-header-meta":"","header-above-stick-meta":"","header-main-stick-meta":"","header-below-stick-meta":"","astra-migrate-meta-layouts":"default","ast-page-background-enabled":"default","ast-page-background-meta":{"desktop":{"background-color":"","background-image":"","background-repeat":"repeat","background-position":"center center","background-size":"auto","background-attachment":"scroll","background-type":"","background-media":"","overlay-type":"","overlay-color":"","overlay-opacity":"","overlay-gradient":""},"tablet":{"background-color":"","background-image":"","background-repeat":"repeat","background-position":"center center","background-size":"auto","background-attachment":"scroll","background-type":"","background-media":"","overlay-type":"","overlay-color":"","overlay-opacity":"","overlay-gradient":""},"mobile":{"background-color":"","background-image":"","background-repeat":"repeat","background-position":"center center","background-size":"auto","background-attachment":"scroll","background-type":"","background-media":"","overlay-type":"","overlay-color":"","overlay-opacity":"","overlay-gradient":""}},"ast-content-background-meta":{"desktop":{"background-color":"var(--ast-global-color-5)","background-image":"","background-repeat":"repeat","background-position":"center center","background-size":"auto","background-attachment":"scroll","background-type":"","background-media":"","overlay-type":"","overlay-color":"","overlay-opacity":"","overlay-gradient":""},"tablet":{"background-color":"var(--ast-global-color-5)","background-image":"","background-repeat":"repeat","background-position":"center center","background-size":"auto","background-attachment":"scroll","background-type":"","background-media":"","overlay-type":"","overlay-color":"","overlay-opacity":"","overlay-gradient":""},"mobile":{"background-color":"var(--ast-global-color-5)","background-image":"","background-repeat":"repeat","background-position":"center center","background-size":"auto","background-attachment":"scroll","background-type":"","background-media":"","overlay-type":"","overlay-color":"","overlay-opacity":"","overlay-gradient":""}}},"product_brand":[],"product_cat":[34225],"product_tag":[],"pa_brand_name":[34250],"class_list":{"0":"post-120550","1":"product","2":"type-product","3":"status-publish","4":"has-post-thumbnail","6":"product_cat-summer-tires-pv","7":"pa_brand_name-gt-radial-2","8":"desktop-align-left","9":"tablet-align-left","10":"mobile-align-left","12":"first","13":"outofstock","14":"taxable","15":"shipping-taxable","16":"purchasable","17":"product-type-simple"},"_links":{"self":[{"href":"https:\/\/shop.rettum.ee\/en\/wp-json\/wp\/v2\/product\/120550","targetHints":{"allow":["GET"]}}],"collection":[{"href":"https:\/\/shop.rettum.ee\/en\/wp-json\/wp\/v2\/product"}],"about":[{"href":"https:\/\/shop.rettum.ee\/en\/wp-json\/wp\/v2\/types\/product"}],"version-history":[{"count":1,"href":"https:\/\/shop.rettum.ee\/en\/wp-json\/wp\/v2\/product\/120550\/revisions"}],"predecessor-version":[{"id":125954,"href":"https:\/\/shop.rettum.ee\/en\/wp-json\/wp\/v2\/product\/120550\/revisions\/125954"}],"wp:featuredmedia":[{"embeddable":true,"href":"https:\/\/shop.rettum.ee\/en\/wp-json\/wp\/v2\/media\/124008"}],"wp:attachment":[{"href":"https:\/\/shop.rettum.ee\/en\/wp-json\/wp\/v2\/media?parent=120550"}],"wp:term":[{"taxonomy":"product_brand","embeddable":true,"href":"https:\/\/shop.rettum.ee\/en\/wp-json\/wp\/v2\/product_brand?post=120550"},{"taxonomy":"product_cat","embeddable":true,"href":"https:\/\/shop.rettum.ee\/en\/wp-json\/wp\/v2\/product_cat?post=120550"},{"taxonomy":"product_tag","embeddable":true,"href":"https:\/\/shop.rettum.ee\/en\/wp-json\/wp\/v2\/product_tag?post=120550"},{"taxonomy":"pa_brand_name","embeddable":true,"href":"https:\/\/shop.rettum.ee\/en\/wp-json\/wp\/v2\/pa_brand_name?post=120550"}],"curies":[{"name":"wp","href":"https:\/\/api.w.org\/{rel}","templated":true}]}}