{"id":120553,"date":"2025-03-31T03:03:37","date_gmt":"2025-03-31T00:03:37","guid":{"rendered":"https:\/\/shop.rettum.ee\/toode\/255-55r18-giti-gitisynergy-h2-105t-aab71\/"},"modified":"2026-03-29T02:45:31","modified_gmt":"2026-03-29T00:45:31","slug":"255-55r18-giti-gitisynergy-h2-105t-aab71","status":"publish","type":"product","link":"https:\/\/shop.rettum.ee\/en\/product\/255-55r18-giti-gitisynergy-h2-105t-aab71\/","title":{"rendered":"255\/55R18 GITI GITISYNERGY H2 105T AAB71"},"content":{"rendered":"<p>GITI GITISYNERGY H2 105T AAB71 on kaasaegne rehvimudel, mis vastab k\u00f5rgetele sooritusv\u00f5ime ja ohutuse standarditele. Sellel rehvil on m\u00f5\u00f5tmed 255\/55R18, mis tagavad ideaalse sobivuse paljudele s\u00f5idukitele, pakkudes optimeeritud teer\u00f5\u00f5mu ja stabiilsust igas s\u00f5iduolukorras. Kandeindeks 105 ja kiirusklass T annavad kindluse, et rehvil hoitakse ka k\u00f5ige n\u00f5udlikumates olukordades, v\u00f5imaldades s\u00f5idukitel saavutada parima v\u00f5imaliku k\u00e4sitsemise nii igal kiirusel kui ka erinevates teeoludes.<\/p>\n<p>GITI tehnoloogilised uuendused tagavad suurep\u00e4rase haarduvuse nii kuival kui ka m\u00e4rjal pinnal, v\u00e4hendades pidurdusteekonda ja parandades s\u00f5idumugavust. Lisaks paneb selle mudeli disain t\u00e4helepanu p\u00f6\u00f6rama ja on loodud pakkuma pikaajalist vastupidavust ning k\u00fctuses\u00e4\u00e4stlikkust, mis teeb sellest ideaalse valiku nii igap\u00e4evaseks s\u00f5iduks kui ka pikemateks reisideks.<\/p>\n<p>Valides GITISYNERGY H2 rehvi, investeerid tipptasemel ohutusse, komforti ja innovatsiooni \u2013 k\u00f5ik see \u00fches modernses ja usaldusv\u00e4\u00e4rses paketis.<\/p>","protected":false},"excerpt":{"rendered":"<p>GITI GITISYNERGY H2 105T AAB71 on kaasaegne rehvimudel, mis vastab k\u00f5rgetele sooritusv\u00f5ime ja ohutuse standarditele. Sellel rehvil on m\u00f5\u00f5tmed 255\/55R18, mis tagavad ideaalse sobivuse paljudele s\u00f5idukitele, pakkudes optimeeritud teer\u00f5\u00f5mu ja stabiilsust igas s\u00f5iduolukorras. Kandeindeks 105 ja kiirusklass T annavad kindluse, et rehvil hoitakse ka k\u00f5ige n\u00f5udlikumates olukordades, v\u00f5imaldades s\u00f5idukitel saavutada parima v\u00f5imaliku k\u00e4sitsemise nii igal [&hellip;]<\/p>\n","protected":false},"featured_media":124009,"template":"","meta":{"site-sidebar-layout":"default","site-content-layout":"","ast-site-content-layout":"","site-content-style":"default","site-sidebar-style":"default","ast-global-header-display":"","ast-banner-title-visibility":"","ast-main-header-display":"","ast-hfb-above-header-display":"","ast-hfb-below-header-display":"","ast-hfb-mobile-header-display":"","site-post-title":"","ast-breadcrumbs-content":"","ast-featured-img":"","footer-sml-layout":"","theme-transparent-header-meta":"","adv-header-id-meta":"","stick-header-meta":"","header-above-stick-meta":"","header-main-stick-meta":"","header-below-stick-meta":"","astra-migrate-meta-layouts":"default","ast-page-background-enabled":"default","ast-page-background-meta":{"desktop":{"background-color":"","background-image":"","background-repeat":"repeat","background-position":"center center","background-size":"auto","background-attachment":"scroll","background-type":"","background-media":"","overlay-type":"","overlay-color":"","overlay-opacity":"","overlay-gradient":""},"tablet":{"background-color":"","background-image":"","background-repeat":"repeat","background-position":"center center","background-size":"auto","background-attachment":"scroll","background-type":"","background-media":"","overlay-type":"","overlay-color":"","overlay-opacity":"","overlay-gradient":""},"mobile":{"background-color":"","background-image":"","background-repeat":"repeat","background-position":"center center","background-size":"auto","background-attachment":"scroll","background-type":"","background-media":"","overlay-type":"","overlay-color":"","overlay-opacity":"","overlay-gradient":""}},"ast-content-background-meta":{"desktop":{"background-color":"var(--ast-global-color-5)","background-image":"","background-repeat":"repeat","background-position":"center center","background-size":"auto","background-attachment":"scroll","background-type":"","background-media":"","overlay-type":"","overlay-color":"","overlay-opacity":"","overlay-gradient":""},"tablet":{"background-color":"var(--ast-global-color-5)","background-image":"","background-repeat":"repeat","background-position":"center center","background-size":"auto","background-attachment":"scroll","background-type":"","background-media":"","overlay-type":"","overlay-color":"","overlay-opacity":"","overlay-gradient":""},"mobile":{"background-color":"var(--ast-global-color-5)","background-image":"","background-repeat":"repeat","background-position":"center center","background-size":"auto","background-attachment":"scroll","background-type":"","background-media":"","overlay-type":"","overlay-color":"","overlay-opacity":"","overlay-gradient":""}}},"product_brand":[],"product_cat":[34225],"product_tag":[],"pa_brand_name":[18153],"class_list":{"0":"post-120553","1":"product","2":"type-product","3":"status-publish","4":"has-post-thumbnail","6":"product_cat-summer-tires-pv","7":"pa_brand_name-giti","8":"desktop-align-left","9":"tablet-align-left","10":"mobile-align-left","12":"first","13":"instock","14":"taxable","15":"shipping-taxable","16":"purchasable","17":"product-type-simple"},"_links":{"self":[{"href":"https:\/\/shop.rettum.ee\/en\/wp-json\/wp\/v2\/product\/120553","targetHints":{"allow":["GET"]}}],"collection":[{"href":"https:\/\/shop.rettum.ee\/en\/wp-json\/wp\/v2\/product"}],"about":[{"href":"https:\/\/shop.rettum.ee\/en\/wp-json\/wp\/v2\/types\/product"}],"version-history":[{"count":1,"href":"https:\/\/shop.rettum.ee\/en\/wp-json\/wp\/v2\/product\/120553\/revisions"}],"predecessor-version":[{"id":125951,"href":"https:\/\/shop.rettum.ee\/en\/wp-json\/wp\/v2\/product\/120553\/revisions\/125951"}],"wp:featuredmedia":[{"embeddable":true,"href":"https:\/\/shop.rettum.ee\/en\/wp-json\/wp\/v2\/media\/124009"}],"wp:attachment":[{"href":"https:\/\/shop.rettum.ee\/en\/wp-json\/wp\/v2\/media?parent=120553"}],"wp:term":[{"taxonomy":"product_brand","embeddable":true,"href":"https:\/\/shop.rettum.ee\/en\/wp-json\/wp\/v2\/product_brand?post=120553"},{"taxonomy":"product_cat","embeddable":true,"href":"https:\/\/shop.rettum.ee\/en\/wp-json\/wp\/v2\/product_cat?post=120553"},{"taxonomy":"product_tag","embeddable":true,"href":"https:\/\/shop.rettum.ee\/en\/wp-json\/wp\/v2\/product_tag?post=120553"},{"taxonomy":"pa_brand_name","embeddable":true,"href":"https:\/\/shop.rettum.ee\/en\/wp-json\/wp\/v2\/pa_brand_name?post=120553"}],"curies":[{"name":"wp","href":"https:\/\/api.w.org\/{rel}","templated":true}]}}