{"id":120554,"date":"2025-03-31T03:03:38","date_gmt":"2025-03-31T00:03:38","guid":{"rendered":"https:\/\/shop.rettum.ee\/toode\/255-60r18-gt-radial-sportactive2-suv-112v-xl-baa69\/"},"modified":"2026-03-28T02:50:46","modified_gmt":"2026-03-28T00:50:46","slug":"255-60r18-gt-radial-sportactive2-suv-112v-xl-baa69","status":"publish","type":"product","link":"https:\/\/shop.rettum.ee\/en\/product\/255-60r18-gt-radial-sportactive2-suv-112v-xl-baa69\/","title":{"rendered":"255\/60R18 GT RADIAL SPORTACTIVE2 SUV 112V XL BAA69"},"content":{"rendered":"<p>Tutvustame 255\/60R18 GT RADIAL SPORTACTIVE2 SUV rehvi \u2013 uus Dot Year 2024 mudel, mis on loodud pakkuma suurep\u00e4rast sooritust ja turvalisust igas s\u00f5idutingimuses. Rehv on varustatud 18-tolline diameeter, 255 mm laiuse ja 60% k\u00fclgpaneeli suhtega, mis tagab stabiilse s\u00f5idu ja t\u00e4pse kontrolli nii linnas kui kiirete maanteede juures. <\/p>\n<p>112-kandeindeks ja XL-tugevus kindlustavad, et rehv talub k\u00f5rgemaid koormusi, pakkudes samal ajal turvalist ja usaldusv\u00e4\u00e4rset s\u00f5idukogemust. Radiaalne konstruktsioon tagab \u00fchtlase kulumise ja pikema t\u00f6\u00f6ea, muutes rehvi sobivaks igap\u00e4evasteks s\u00f5itudeks. <\/p>\n<p>Lisaks on SportACTIVE2 honnitud tipptasemel tehnoloogiaga, mida toetavad A-klassi m\u00e4rgaste ja v\u00e4hima m\u00fcra tase (69 dB) ning B-klassi k\u00fctuses\u00e4\u00e4stlikkus. M\u00e4rgadel teedel saad nautida kindlat haardumist t\u00e4nu rehvile, mis omab parimaid omadusi m\u00e4rja pinna haardumisel (A hinnang).<\/p>\n<p>Vali GT RADIAL SPORTACTIVE2 SUV rehv ning naudi sportlikku disaini, k\u00f5rget kvaliteeti ja turvalisust igal teekonnal.<\/p>","protected":false},"excerpt":{"rendered":"<p>Tutvustame 255\/60R18 GT RADIAL SPORTACTIVE2 SUV rehvi \u2013 uus Dot Year 2024 mudel, mis on loodud pakkuma suurep\u00e4rast sooritust ja turvalisust igas s\u00f5idutingimuses. Rehv on varustatud 18-tolline diameeter, 255 mm laiuse ja 60% k\u00fclgpaneeli suhtega, mis tagab stabiilse s\u00f5idu ja t\u00e4pse kontrolli nii linnas kui kiirete maanteede juures. 112-kandeindeks ja XL-tugevus kindlustavad, et rehv talub [&hellip;]<\/p>\n","protected":false},"featured_media":124006,"template":"","meta":{"site-sidebar-layout":"default","site-content-layout":"","ast-site-content-layout":"","site-content-style":"default","site-sidebar-style":"default","ast-global-header-display":"","ast-banner-title-visibility":"","ast-main-header-display":"","ast-hfb-above-header-display":"","ast-hfb-below-header-display":"","ast-hfb-mobile-header-display":"","site-post-title":"","ast-breadcrumbs-content":"","ast-featured-img":"","footer-sml-layout":"","theme-transparent-header-meta":"","adv-header-id-meta":"","stick-header-meta":"","header-above-stick-meta":"","header-main-stick-meta":"","header-below-stick-meta":"","astra-migrate-meta-layouts":"default","ast-page-background-enabled":"default","ast-page-background-meta":{"desktop":{"background-color":"","background-image":"","background-repeat":"repeat","background-position":"center center","background-size":"auto","background-attachment":"scroll","background-type":"","background-media":"","overlay-type":"","overlay-color":"","overlay-opacity":"","overlay-gradient":""},"tablet":{"background-color":"","background-image":"","background-repeat":"repeat","background-position":"center center","background-size":"auto","background-attachment":"scroll","background-type":"","background-media":"","overlay-type":"","overlay-color":"","overlay-opacity":"","overlay-gradient":""},"mobile":{"background-color":"","background-image":"","background-repeat":"repeat","background-position":"center center","background-size":"auto","background-attachment":"scroll","background-type":"","background-media":"","overlay-type":"","overlay-color":"","overlay-opacity":"","overlay-gradient":""}},"ast-content-background-meta":{"desktop":{"background-color":"var(--ast-global-color-5)","background-image":"","background-repeat":"repeat","background-position":"center center","background-size":"auto","background-attachment":"scroll","background-type":"","background-media":"","overlay-type":"","overlay-color":"","overlay-opacity":"","overlay-gradient":""},"tablet":{"background-color":"var(--ast-global-color-5)","background-image":"","background-repeat":"repeat","background-position":"center center","background-size":"auto","background-attachment":"scroll","background-type":"","background-media":"","overlay-type":"","overlay-color":"","overlay-opacity":"","overlay-gradient":""},"mobile":{"background-color":"var(--ast-global-color-5)","background-image":"","background-repeat":"repeat","background-position":"center center","background-size":"auto","background-attachment":"scroll","background-type":"","background-media":"","overlay-type":"","overlay-color":"","overlay-opacity":"","overlay-gradient":""}}},"product_brand":[],"product_cat":[34225],"product_tag":[],"pa_brand_name":[34250],"class_list":{"0":"post-120554","1":"product","2":"type-product","3":"status-publish","4":"has-post-thumbnail","6":"product_cat-summer-tires-pv","7":"pa_brand_name-gt-radial-2","8":"desktop-align-left","9":"tablet-align-left","10":"mobile-align-left","12":"first","13":"instock","14":"taxable","15":"shipping-taxable","16":"purchasable","17":"product-type-simple"},"_links":{"self":[{"href":"https:\/\/shop.rettum.ee\/en\/wp-json\/wp\/v2\/product\/120554","targetHints":{"allow":["GET"]}}],"collection":[{"href":"https:\/\/shop.rettum.ee\/en\/wp-json\/wp\/v2\/product"}],"about":[{"href":"https:\/\/shop.rettum.ee\/en\/wp-json\/wp\/v2\/types\/product"}],"version-history":[{"count":1,"href":"https:\/\/shop.rettum.ee\/en\/wp-json\/wp\/v2\/product\/120554\/revisions"}],"predecessor-version":[{"id":125949,"href":"https:\/\/shop.rettum.ee\/en\/wp-json\/wp\/v2\/product\/120554\/revisions\/125949"}],"wp:featuredmedia":[{"embeddable":true,"href":"https:\/\/shop.rettum.ee\/en\/wp-json\/wp\/v2\/media\/124006"}],"wp:attachment":[{"href":"https:\/\/shop.rettum.ee\/en\/wp-json\/wp\/v2\/media?parent=120554"}],"wp:term":[{"taxonomy":"product_brand","embeddable":true,"href":"https:\/\/shop.rettum.ee\/en\/wp-json\/wp\/v2\/product_brand?post=120554"},{"taxonomy":"product_cat","embeddable":true,"href":"https:\/\/shop.rettum.ee\/en\/wp-json\/wp\/v2\/product_cat?post=120554"},{"taxonomy":"product_tag","embeddable":true,"href":"https:\/\/shop.rettum.ee\/en\/wp-json\/wp\/v2\/product_tag?post=120554"},{"taxonomy":"pa_brand_name","embeddable":true,"href":"https:\/\/shop.rettum.ee\/en\/wp-json\/wp\/v2\/pa_brand_name?post=120554"}],"curies":[{"name":"wp","href":"https:\/\/api.w.org\/{rel}","templated":true}]}}