{"id":120555,"date":"2025-03-31T03:03:39","date_gmt":"2025-03-31T00:03:39","guid":{"rendered":"https:\/\/shop.rettum.ee\/toode\/265-60r18-gt-radial-savero-suv-110h-ccb72-ms\/"},"modified":"2026-03-26T02:45:32","modified_gmt":"2026-03-26T00:45:32","slug":"265-60r18-gt-radial-savero-suv-110h-ccb72-ms","status":"publish","type":"product","link":"https:\/\/shop.rettum.ee\/en\/product\/265-60r18-gt-radial-savero-suv-110h-ccb72-ms\/","title":{"rendered":"265\/60R18 GT RADIAL SAVERO SUV 110H CCB72 M+S"},"content":{"rendered":"<p>265\/60R18 GT RADIAL SAVERO SUV 110H CCB72 M+S on spetsiaalselt nelikveolistele ja maastikus\u00f5iduks m\u00f5eldud rehvid, mis \u00fchendavad tipptasemel tehnoloogia ja usaldusv\u00e4\u00e4rse j\u00f5udluse. Rehvi m\u00f5\u00f5tmed tagavad suurep\u00e4rase kontaktala ning stabiilsuse nii igap\u00e4evasel s\u00f5idul kui ka keerulistes teeoludes. M+S (mud and snow) m\u00e4rgistus kinnitab selle sobivust nii mutaalse maastiku kui talvise libeduse vastu, pakkudes kindlat haardumist ja ohutust k\u00f5ikjal. <\/p>\n<p>Rehvi 110H koormusindeks ja kiirusindeks H tagavad piisava lastikandev\u00f5ime ja juhitavuse, ilma et ohutelu v\u00f5i s\u00f5idumugavus kannataks. GT RADIAL tehnoloogia kasutamine aitab v\u00e4hendada veeretakistust ning parandab k\u00fctuses\u00e4\u00e4stlikkust, muutes selle rehvi loodus\u00f5prade ja \u00f6konoomsete s\u00f5iduv\u00e4ljakutsete jaoks ideaaliks valikuks. SAVERO SUV mudel sobib suurep\u00e4raselt nii igap\u00e4evaseks kasutamiseks kui ka seikluslikeks s\u00f5itudeks, pakkudes stabiilsust ja turvalist man\u00f6\u00f6verdamist erinevates ilmastikutingimustes.<\/p>","protected":false},"excerpt":{"rendered":"<p>265\/60R18 GT RADIAL SAVERO SUV 110H CCB72 M+S on spetsiaalselt nelikveolistele ja maastikus\u00f5iduks m\u00f5eldud rehvid, mis \u00fchendavad tipptasemel tehnoloogia ja usaldusv\u00e4\u00e4rse j\u00f5udluse. Rehvi m\u00f5\u00f5tmed tagavad suurep\u00e4rase kontaktala ning stabiilsuse nii igap\u00e4evasel s\u00f5idul kui ka keerulistes teeoludes. M+S (mud and snow) m\u00e4rgistus kinnitab selle sobivust nii mutaalse maastiku kui talvise libeduse vastu, pakkudes kindlat haardumist ja [&hellip;]<\/p>\n","protected":false},"featured_media":124008,"template":"","meta":{"site-sidebar-layout":"default","site-content-layout":"","ast-site-content-layout":"","site-content-style":"default","site-sidebar-style":"default","ast-global-header-display":"","ast-banner-title-visibility":"","ast-main-header-display":"","ast-hfb-above-header-display":"","ast-hfb-below-header-display":"","ast-hfb-mobile-header-display":"","site-post-title":"","ast-breadcrumbs-content":"","ast-featured-img":"","footer-sml-layout":"","theme-transparent-header-meta":"","adv-header-id-meta":"","stick-header-meta":"","header-above-stick-meta":"","header-main-stick-meta":"","header-below-stick-meta":"","astra-migrate-meta-layouts":"default","ast-page-background-enabled":"default","ast-page-background-meta":{"desktop":{"background-color":"","background-image":"","background-repeat":"repeat","background-position":"center center","background-size":"auto","background-attachment":"scroll","background-type":"","background-media":"","overlay-type":"","overlay-color":"","overlay-opacity":"","overlay-gradient":""},"tablet":{"background-color":"","background-image":"","background-repeat":"repeat","background-position":"center center","background-size":"auto","background-attachment":"scroll","background-type":"","background-media":"","overlay-type":"","overlay-color":"","overlay-opacity":"","overlay-gradient":""},"mobile":{"background-color":"","background-image":"","background-repeat":"repeat","background-position":"center center","background-size":"auto","background-attachment":"scroll","background-type":"","background-media":"","overlay-type":"","overlay-color":"","overlay-opacity":"","overlay-gradient":""}},"ast-content-background-meta":{"desktop":{"background-color":"var(--ast-global-color-5)","background-image":"","background-repeat":"repeat","background-position":"center center","background-size":"auto","background-attachment":"scroll","background-type":"","background-media":"","overlay-type":"","overlay-color":"","overlay-opacity":"","overlay-gradient":""},"tablet":{"background-color":"var(--ast-global-color-5)","background-image":"","background-repeat":"repeat","background-position":"center center","background-size":"auto","background-attachment":"scroll","background-type":"","background-media":"","overlay-type":"","overlay-color":"","overlay-opacity":"","overlay-gradient":""},"mobile":{"background-color":"var(--ast-global-color-5)","background-image":"","background-repeat":"repeat","background-position":"center center","background-size":"auto","background-attachment":"scroll","background-type":"","background-media":"","overlay-type":"","overlay-color":"","overlay-opacity":"","overlay-gradient":""}}},"product_brand":[],"product_cat":[34225],"product_tag":[],"pa_brand_name":[34250],"class_list":{"0":"post-120555","1":"product","2":"type-product","3":"status-publish","4":"has-post-thumbnail","6":"product_cat-summer-tires-pv","7":"pa_brand_name-gt-radial-2","8":"desktop-align-left","9":"tablet-align-left","10":"mobile-align-left","12":"first","13":"outofstock","14":"taxable","15":"shipping-taxable","16":"purchasable","17":"product-type-simple"},"_links":{"self":[{"href":"https:\/\/shop.rettum.ee\/en\/wp-json\/wp\/v2\/product\/120555","targetHints":{"allow":["GET"]}}],"collection":[{"href":"https:\/\/shop.rettum.ee\/en\/wp-json\/wp\/v2\/product"}],"about":[{"href":"https:\/\/shop.rettum.ee\/en\/wp-json\/wp\/v2\/types\/product"}],"version-history":[{"count":1,"href":"https:\/\/shop.rettum.ee\/en\/wp-json\/wp\/v2\/product\/120555\/revisions"}],"predecessor-version":[{"id":125948,"href":"https:\/\/shop.rettum.ee\/en\/wp-json\/wp\/v2\/product\/120555\/revisions\/125948"}],"wp:featuredmedia":[{"embeddable":true,"href":"https:\/\/shop.rettum.ee\/en\/wp-json\/wp\/v2\/media\/124008"}],"wp:attachment":[{"href":"https:\/\/shop.rettum.ee\/en\/wp-json\/wp\/v2\/media?parent=120555"}],"wp:term":[{"taxonomy":"product_brand","embeddable":true,"href":"https:\/\/shop.rettum.ee\/en\/wp-json\/wp\/v2\/product_brand?post=120555"},{"taxonomy":"product_cat","embeddable":true,"href":"https:\/\/shop.rettum.ee\/en\/wp-json\/wp\/v2\/product_cat?post=120555"},{"taxonomy":"product_tag","embeddable":true,"href":"https:\/\/shop.rettum.ee\/en\/wp-json\/wp\/v2\/product_tag?post=120555"},{"taxonomy":"pa_brand_name","embeddable":true,"href":"https:\/\/shop.rettum.ee\/en\/wp-json\/wp\/v2\/pa_brand_name?post=120555"}],"curies":[{"name":"wp","href":"https:\/\/api.w.org\/{rel}","templated":true}]}}