{"id":120558,"date":"2025-03-31T03:03:41","date_gmt":"2025-03-31T00:03:41","guid":{"rendered":"https:\/\/shop.rettum.ee\/toode\/255-55r19-gt-radial-sportactive2-suv-111y-xl-elect-rp-baa69\/"},"modified":"2026-03-22T03:05:10","modified_gmt":"2026-03-22T01:05:10","slug":"255-55r19-gt-radial-sportactive2-suv-111y-xl-elect-rp-baa69","status":"publish","type":"product","link":"https:\/\/shop.rettum.ee\/en\/product\/255-55r19-gt-radial-sportactive2-suv-111y-xl-elect-rp-baa69\/","title":{"rendered":"255\/55R19 GT RADIAL SPORTACTIVE2 SUV 111Y XL Elect RP BAA69"},"content":{"rendered":"<p>Tutvu uue GT RADIAL SPORTACTIVE2 SUV rehvivalikuga, mis on loodud n\u00f5udlikele s\u00f5idutingimustele. Rehv m\u00f5\u00f5tidega 255\/55R19 tagab suurep\u00e4rase stabiilsuse ja t\u00e4pse juhitavuse nii kuivadel kui m\u00e4rgadel teedel. XL-kategooria ja 111Y koormusindeks v\u00f5imaldavad suuremat lisakoormust ja j\u00f5udlust, pakkudes seel\u00e4bi t\u00e4iendavat turvalisust igas olukorras. Sportactive2 disain keskendub optimaalsele haardumisele ning energiat\u00f5husale s\u00f5idule, muutes selle ideaalseks valikuks SUV omanikele, kes ootavad oma s\u00f5idukilt maksimaalset j\u00f5udlust ja t\u00f6\u00f6kindlust.<\/p>\n<p>Rehv on konstrueeritud kaasaegsete tehnoloogiate abil, tagades parema k\u00fctuses\u00e4\u00e4stu ja pikendades rehvide kasutusiga. Elect RP tehnoloogiline lahendus lisab t\u00e4iendava j\u00f5udluse ning kindluse, mis muudab selle rehvi konkurentsiv\u00f5imeliseks valikuks nii linnas kui maastikul s\u00f5ites. Sisemine kood BAA69 t\u00e4histab kvaliteeti ja usaldusv\u00e4\u00e4rsust, mida GT RADIAL br\u00e4nd on tuntud pakkujana. Valides GT RADIAL SPORTACTIVE2 SUV rehvi, investeerid ohutusse, innovatsiooni ja tipptasemel s\u00f5idukogemusse.<\/p>","protected":false},"excerpt":{"rendered":"<p>Tutvu uue GT RADIAL SPORTACTIVE2 SUV rehvivalikuga, mis on loodud n\u00f5udlikele s\u00f5idutingimustele. Rehv m\u00f5\u00f5tidega 255\/55R19 tagab suurep\u00e4rase stabiilsuse ja t\u00e4pse juhitavuse nii kuivadel kui m\u00e4rgadel teedel. XL-kategooria ja 111Y koormusindeks v\u00f5imaldavad suuremat lisakoormust ja j\u00f5udlust, pakkudes seel\u00e4bi t\u00e4iendavat turvalisust igas olukorras. Sportactive2 disain keskendub optimaalsele haardumisele ning energiat\u00f5husale s\u00f5idule, muutes selle ideaalseks valikuks SUV omanikele, [&hellip;]<\/p>\n","protected":false},"featured_media":124006,"template":"","meta":{"site-sidebar-layout":"default","site-content-layout":"","ast-site-content-layout":"","site-content-style":"default","site-sidebar-style":"default","ast-global-header-display":"","ast-banner-title-visibility":"","ast-main-header-display":"","ast-hfb-above-header-display":"","ast-hfb-below-header-display":"","ast-hfb-mobile-header-display":"","site-post-title":"","ast-breadcrumbs-content":"","ast-featured-img":"","footer-sml-layout":"","theme-transparent-header-meta":"","adv-header-id-meta":"","stick-header-meta":"","header-above-stick-meta":"","header-main-stick-meta":"","header-below-stick-meta":"","astra-migrate-meta-layouts":"default","ast-page-background-enabled":"default","ast-page-background-meta":{"desktop":{"background-color":"","background-image":"","background-repeat":"repeat","background-position":"center center","background-size":"auto","background-attachment":"scroll","background-type":"","background-media":"","overlay-type":"","overlay-color":"","overlay-opacity":"","overlay-gradient":""},"tablet":{"background-color":"","background-image":"","background-repeat":"repeat","background-position":"center center","background-size":"auto","background-attachment":"scroll","background-type":"","background-media":"","overlay-type":"","overlay-color":"","overlay-opacity":"","overlay-gradient":""},"mobile":{"background-color":"","background-image":"","background-repeat":"repeat","background-position":"center center","background-size":"auto","background-attachment":"scroll","background-type":"","background-media":"","overlay-type":"","overlay-color":"","overlay-opacity":"","overlay-gradient":""}},"ast-content-background-meta":{"desktop":{"background-color":"var(--ast-global-color-5)","background-image":"","background-repeat":"repeat","background-position":"center center","background-size":"auto","background-attachment":"scroll","background-type":"","background-media":"","overlay-type":"","overlay-color":"","overlay-opacity":"","overlay-gradient":""},"tablet":{"background-color":"var(--ast-global-color-5)","background-image":"","background-repeat":"repeat","background-position":"center center","background-size":"auto","background-attachment":"scroll","background-type":"","background-media":"","overlay-type":"","overlay-color":"","overlay-opacity":"","overlay-gradient":""},"mobile":{"background-color":"var(--ast-global-color-5)","background-image":"","background-repeat":"repeat","background-position":"center center","background-size":"auto","background-attachment":"scroll","background-type":"","background-media":"","overlay-type":"","overlay-color":"","overlay-opacity":"","overlay-gradient":""}}},"product_brand":[],"product_cat":[34225],"product_tag":[],"pa_brand_name":[34250],"class_list":{"0":"post-120558","1":"product","2":"type-product","3":"status-publish","4":"has-post-thumbnail","6":"product_cat-summer-tires-pv","7":"pa_brand_name-gt-radial-2","8":"desktop-align-left","9":"tablet-align-left","10":"mobile-align-left","12":"first","13":"outofstock","14":"taxable","15":"shipping-taxable","16":"purchasable","17":"product-type-simple"},"_links":{"self":[{"href":"https:\/\/shop.rettum.ee\/en\/wp-json\/wp\/v2\/product\/120558","targetHints":{"allow":["GET"]}}],"collection":[{"href":"https:\/\/shop.rettum.ee\/en\/wp-json\/wp\/v2\/product"}],"about":[{"href":"https:\/\/shop.rettum.ee\/en\/wp-json\/wp\/v2\/types\/product"}],"version-history":[{"count":1,"href":"https:\/\/shop.rettum.ee\/en\/wp-json\/wp\/v2\/product\/120558\/revisions"}],"predecessor-version":[{"id":125946,"href":"https:\/\/shop.rettum.ee\/en\/wp-json\/wp\/v2\/product\/120558\/revisions\/125946"}],"wp:featuredmedia":[{"embeddable":true,"href":"https:\/\/shop.rettum.ee\/en\/wp-json\/wp\/v2\/media\/124006"}],"wp:attachment":[{"href":"https:\/\/shop.rettum.ee\/en\/wp-json\/wp\/v2\/media?parent=120558"}],"wp:term":[{"taxonomy":"product_brand","embeddable":true,"href":"https:\/\/shop.rettum.ee\/en\/wp-json\/wp\/v2\/product_brand?post=120558"},{"taxonomy":"product_cat","embeddable":true,"href":"https:\/\/shop.rettum.ee\/en\/wp-json\/wp\/v2\/product_cat?post=120558"},{"taxonomy":"product_tag","embeddable":true,"href":"https:\/\/shop.rettum.ee\/en\/wp-json\/wp\/v2\/product_tag?post=120558"},{"taxonomy":"pa_brand_name","embeddable":true,"href":"https:\/\/shop.rettum.ee\/en\/wp-json\/wp\/v2\/pa_brand_name?post=120558"}],"curies":[{"name":"wp","href":"https:\/\/api.w.org\/{rel}","templated":true}]}}