{"id":120560,"date":"2025-03-31T03:03:43","date_gmt":"2025-03-31T00:03:43","guid":{"rendered":"https:\/\/shop.rettum.ee\/toode\/275-50r21-gripmax-suregrip-pro-sport-113y-xl-rp-cab73\/"},"modified":"2026-03-22T03:05:11","modified_gmt":"2026-03-22T01:05:11","slug":"275-50r21-gripmax-suregrip-pro-sport-113y-xl-rp-cab73","status":"publish","type":"product","link":"https:\/\/shop.rettum.ee\/en\/product\/275-50r21-gripmax-suregrip-pro-sport-113y-xl-rp-cab73\/","title":{"rendered":"275\/50R21 GRIPMAX SUREGRIP PRO SPORT 113Y XL RP CAB73"},"content":{"rendered":"<p>275\/50R21 GRIPMAX SUREGRIP PRO SPORT 113Y XL RP CAB73 on tipptasemel rehv, mis on loodud pakkuma maksimaalset haarduvust ja ohutut s\u00f5idukogemust. Selle innovatiivse disaini ja spetsiaalselt v\u00e4lja t\u00f6\u00f6tatud mustriga rehvlahendus tagab suurep\u00e4rase pidamise nii kuivadel kui m\u00e4rgadel teedel, v\u00f5imaldades s\u00f5ita kindlalt ja stabiilselt ka suurematel kiirustel.<\/p>\n<p>Rehvi m\u00f5\u00f5tmed ja XL klassifikatsioon t\u00e4hendavad, et see sobib ideaalselt n\u00f5udlikele sportlikele s\u00f5idukitele, pakkudes t\u00e4iendavat kandev\u00f5imet ning usaldusv\u00e4\u00e4rsust erinevates s\u00f5idutingimustes. 113Y kiirusindeks kinnitab rehvile ultraspetsiifilist v\u00f5imet s\u00e4ilitada optimaalsed j\u00f5udlusomadused ka k\u00f5rgetel kiirustel, muutes selle sobivaks nii igap\u00e4evaseks s\u00f5iduks kui ka adrenaliinirohketeks n\u00f5utud kiiruslugudeks.<\/p>\n<p>Valides GRIPMAX SUREGRIP PRO SPORT rehvi, tagad endale \u00fclimalt turvalise ja sportliku s\u00f5idukogemuse, kus kvaliteet, sooritusv\u00f5ime ja esteetika p\u00f5imuvad t\u00e4iuslikuks tervikuks.<\/p>","protected":false},"excerpt":{"rendered":"<p>275\/50R21 GRIPMAX SUREGRIP PRO SPORT 113Y XL RP CAB73 on tipptasemel rehv, mis on loodud pakkuma maksimaalset haarduvust ja ohutut s\u00f5idukogemust. Selle innovatiivse disaini ja spetsiaalselt v\u00e4lja t\u00f6\u00f6tatud mustriga rehvlahendus tagab suurep\u00e4rase pidamise nii kuivadel kui m\u00e4rgadel teedel, v\u00f5imaldades s\u00f5ita kindlalt ja stabiilselt ka suurematel kiirustel. Rehvi m\u00f5\u00f5tmed ja XL klassifikatsioon t\u00e4hendavad, et see sobib [&hellip;]<\/p>\n","protected":false},"featured_media":124002,"template":"","meta":{"site-sidebar-layout":"default","site-content-layout":"","ast-site-content-layout":"","site-content-style":"default","site-sidebar-style":"default","ast-global-header-display":"","ast-banner-title-visibility":"","ast-main-header-display":"","ast-hfb-above-header-display":"","ast-hfb-below-header-display":"","ast-hfb-mobile-header-display":"","site-post-title":"","ast-breadcrumbs-content":"","ast-featured-img":"","footer-sml-layout":"","theme-transparent-header-meta":"","adv-header-id-meta":"","stick-header-meta":"","header-above-stick-meta":"","header-main-stick-meta":"","header-below-stick-meta":"","astra-migrate-meta-layouts":"default","ast-page-background-enabled":"default","ast-page-background-meta":{"desktop":{"background-color":"","background-image":"","background-repeat":"repeat","background-position":"center center","background-size":"auto","background-attachment":"scroll","background-type":"","background-media":"","overlay-type":"","overlay-color":"","overlay-opacity":"","overlay-gradient":""},"tablet":{"background-color":"","background-image":"","background-repeat":"repeat","background-position":"center center","background-size":"auto","background-attachment":"scroll","background-type":"","background-media":"","overlay-type":"","overlay-color":"","overlay-opacity":"","overlay-gradient":""},"mobile":{"background-color":"","background-image":"","background-repeat":"repeat","background-position":"center center","background-size":"auto","background-attachment":"scroll","background-type":"","background-media":"","overlay-type":"","overlay-color":"","overlay-opacity":"","overlay-gradient":""}},"ast-content-background-meta":{"desktop":{"background-color":"var(--ast-global-color-5)","background-image":"","background-repeat":"repeat","background-position":"center center","background-size":"auto","background-attachment":"scroll","background-type":"","background-media":"","overlay-type":"","overlay-color":"","overlay-opacity":"","overlay-gradient":""},"tablet":{"background-color":"var(--ast-global-color-5)","background-image":"","background-repeat":"repeat","background-position":"center center","background-size":"auto","background-attachment":"scroll","background-type":"","background-media":"","overlay-type":"","overlay-color":"","overlay-opacity":"","overlay-gradient":""},"mobile":{"background-color":"var(--ast-global-color-5)","background-image":"","background-repeat":"repeat","background-position":"center center","background-size":"auto","background-attachment":"scroll","background-type":"","background-media":"","overlay-type":"","overlay-color":"","overlay-opacity":"","overlay-gradient":""}}},"product_brand":[],"product_cat":[34225],"product_tag":[],"pa_brand_name":[17816],"class_list":{"0":"post-120560","1":"product","2":"type-product","3":"status-publish","4":"has-post-thumbnail","6":"product_cat-summer-tires-pv","7":"pa_brand_name-gripmax","8":"desktop-align-left","9":"tablet-align-left","10":"mobile-align-left","12":"first","13":"outofstock","14":"taxable","15":"shipping-taxable","16":"purchasable","17":"product-type-simple"},"_links":{"self":[{"href":"https:\/\/shop.rettum.ee\/en\/wp-json\/wp\/v2\/product\/120560","targetHints":{"allow":["GET"]}}],"collection":[{"href":"https:\/\/shop.rettum.ee\/en\/wp-json\/wp\/v2\/product"}],"about":[{"href":"https:\/\/shop.rettum.ee\/en\/wp-json\/wp\/v2\/types\/product"}],"version-history":[{"count":1,"href":"https:\/\/shop.rettum.ee\/en\/wp-json\/wp\/v2\/product\/120560\/revisions"}],"predecessor-version":[{"id":125942,"href":"https:\/\/shop.rettum.ee\/en\/wp-json\/wp\/v2\/product\/120560\/revisions\/125942"}],"wp:featuredmedia":[{"embeddable":true,"href":"https:\/\/shop.rettum.ee\/en\/wp-json\/wp\/v2\/media\/124002"}],"wp:attachment":[{"href":"https:\/\/shop.rettum.ee\/en\/wp-json\/wp\/v2\/media?parent=120560"}],"wp:term":[{"taxonomy":"product_brand","embeddable":true,"href":"https:\/\/shop.rettum.ee\/en\/wp-json\/wp\/v2\/product_brand?post=120560"},{"taxonomy":"product_cat","embeddable":true,"href":"https:\/\/shop.rettum.ee\/en\/wp-json\/wp\/v2\/product_cat?post=120560"},{"taxonomy":"product_tag","embeddable":true,"href":"https:\/\/shop.rettum.ee\/en\/wp-json\/wp\/v2\/product_tag?post=120560"},{"taxonomy":"pa_brand_name","embeddable":true,"href":"https:\/\/shop.rettum.ee\/en\/wp-json\/wp\/v2\/pa_brand_name?post=120560"}],"curies":[{"name":"wp","href":"https:\/\/api.w.org\/{rel}","templated":true}]}}