{"id":120567,"date":"2025-03-31T03:03:48","date_gmt":"2025-03-31T00:03:48","guid":{"rendered":"https:\/\/shop.rettum.ee\/toode\/175-80r13c-nankang-cw-25-97-95q-ccb72\/"},"modified":"2026-03-22T03:05:13","modified_gmt":"2026-03-22T01:05:13","slug":"175-80r13c-nankang-cw-25-97-95q-ccb72","status":"publish","type":"product","link":"https:\/\/shop.rettum.ee\/en\/product\/175-80r13c-nankang-cw-25-97-95q-ccb72\/","title":{"rendered":"175\/80R13C NANKANG CW-25 97\/95Q CCB72"},"content":{"rendered":"<p>175\/80R13C NANKANG CW-25 rehvid on loodud pakkuma stabiilset ja usaldusv\u00e4\u00e4rset s\u00f5idukogemust nii linnat\u00e4navatel kui raskematel t\u00f6\u00f6tingimustel. Need rehvid on disainitud tagamaks suurep\u00e4rase juhitavuse ja optimaalne haarduvuse erinevatel teeoludel. Rehvi suurus 175\/80R13C tagab ideaalse sobivuse kergetele kommerts- ja eraautodele, pakkudes tasakaalustatud s\u00f5idumugavust ja k\u00fctuses\u00e4\u00e4stlikkust.<\/p>\n<p>CW-25 tehnoloogia ja kvaliteetne tootmisprotsess annavad rehvidele kindla raamistiku, mis talub v\u00e4ljakutseid ning pikaaegset kasutamist. Koormusn\u00e4itajad 97\/95 ja Q kiirusklassi reiting tagavad, et rehvid suudavad toime tulla k\u00f5rgemate koormustega ning lubavad maksimaalset ohutust kuni 160 km\/h kiiruseni. Kood CCB72 viitab hoolikalt kontrollitud kvaliteedistandarditele ja modernsele tootmismetoodikale, mida saab usaldada igasuguse s\u00f5idutingimuse korral.<\/p>\n<p>NANKANG CW-25 rehvid on ideaalne valik neile, kes otsivad turvalisust, vastupidavust ja head j\u00f5udlust \u00fches kompaktse lahenduses. V\u00f5tke oma s\u00f5iduk varustatud rehvidega, mis toetavad nii teie t\u00f6\u00f6 efektiivsust kui ka igap\u00e4evast s\u00f5idumugavust.<\/p>","protected":false},"excerpt":{"rendered":"<p>175\/80R13C NANKANG CW-25 rehvid on loodud pakkuma stabiilset ja usaldusv\u00e4\u00e4rset s\u00f5idukogemust nii linnat\u00e4navatel kui raskematel t\u00f6\u00f6tingimustel. Need rehvid on disainitud tagamaks suurep\u00e4rase juhitavuse ja optimaalne haarduvuse erinevatel teeoludel. Rehvi suurus 175\/80R13C tagab ideaalse sobivuse kergetele kommerts- ja eraautodele, pakkudes tasakaalustatud s\u00f5idumugavust ja k\u00fctuses\u00e4\u00e4stlikkust. CW-25 tehnoloogia ja kvaliteetne tootmisprotsess annavad rehvidele kindla raamistiku, mis talub v\u00e4ljakutseid [&hellip;]<\/p>\n","protected":false},"featured_media":123998,"template":"","meta":{"site-sidebar-layout":"default","site-content-layout":"","ast-site-content-layout":"","site-content-style":"default","site-sidebar-style":"default","ast-global-header-display":"","ast-banner-title-visibility":"","ast-main-header-display":"","ast-hfb-above-header-display":"","ast-hfb-below-header-display":"","ast-hfb-mobile-header-display":"","site-post-title":"","ast-breadcrumbs-content":"","ast-featured-img":"","footer-sml-layout":"","theme-transparent-header-meta":"","adv-header-id-meta":"","stick-header-meta":"","header-above-stick-meta":"","header-main-stick-meta":"","header-below-stick-meta":"","astra-migrate-meta-layouts":"default","ast-page-background-enabled":"default","ast-page-background-meta":{"desktop":{"background-color":"","background-image":"","background-repeat":"repeat","background-position":"center center","background-size":"auto","background-attachment":"scroll","background-type":"","background-media":"","overlay-type":"","overlay-color":"","overlay-opacity":"","overlay-gradient":""},"tablet":{"background-color":"","background-image":"","background-repeat":"repeat","background-position":"center center","background-size":"auto","background-attachment":"scroll","background-type":"","background-media":"","overlay-type":"","overlay-color":"","overlay-opacity":"","overlay-gradient":""},"mobile":{"background-color":"","background-image":"","background-repeat":"repeat","background-position":"center center","background-size":"auto","background-attachment":"scroll","background-type":"","background-media":"","overlay-type":"","overlay-color":"","overlay-opacity":"","overlay-gradient":""}},"ast-content-background-meta":{"desktop":{"background-color":"var(--ast-global-color-5)","background-image":"","background-repeat":"repeat","background-position":"center center","background-size":"auto","background-attachment":"scroll","background-type":"","background-media":"","overlay-type":"","overlay-color":"","overlay-opacity":"","overlay-gradient":""},"tablet":{"background-color":"var(--ast-global-color-5)","background-image":"","background-repeat":"repeat","background-position":"center center","background-size":"auto","background-attachment":"scroll","background-type":"","background-media":"","overlay-type":"","overlay-color":"","overlay-opacity":"","overlay-gradient":""},"mobile":{"background-color":"var(--ast-global-color-5)","background-image":"","background-repeat":"repeat","background-position":"center center","background-size":"auto","background-attachment":"scroll","background-type":"","background-media":"","overlay-type":"","overlay-color":"","overlay-opacity":"","overlay-gradient":""}}},"product_brand":[],"product_cat":[34226],"product_tag":[],"pa_brand_name":[22146],"class_list":{"0":"post-120567","1":"product","2":"type-product","3":"status-publish","4":"has-post-thumbnail","6":"product_cat-summer-light-truck","7":"pa_brand_name-nankang","8":"desktop-align-left","9":"tablet-align-left","10":"mobile-align-left","12":"first","13":"outofstock","14":"taxable","15":"shipping-taxable","16":"purchasable","17":"product-type-simple"},"_links":{"self":[{"href":"https:\/\/shop.rettum.ee\/en\/wp-json\/wp\/v2\/product\/120567","targetHints":{"allow":["GET"]}}],"collection":[{"href":"https:\/\/shop.rettum.ee\/en\/wp-json\/wp\/v2\/product"}],"about":[{"href":"https:\/\/shop.rettum.ee\/en\/wp-json\/wp\/v2\/types\/product"}],"version-history":[{"count":1,"href":"https:\/\/shop.rettum.ee\/en\/wp-json\/wp\/v2\/product\/120567\/revisions"}],"predecessor-version":[{"id":125936,"href":"https:\/\/shop.rettum.ee\/en\/wp-json\/wp\/v2\/product\/120567\/revisions\/125936"}],"wp:featuredmedia":[{"embeddable":true,"href":"https:\/\/shop.rettum.ee\/en\/wp-json\/wp\/v2\/media\/123998"}],"wp:attachment":[{"href":"https:\/\/shop.rettum.ee\/en\/wp-json\/wp\/v2\/media?parent=120567"}],"wp:term":[{"taxonomy":"product_brand","embeddable":true,"href":"https:\/\/shop.rettum.ee\/en\/wp-json\/wp\/v2\/product_brand?post=120567"},{"taxonomy":"product_cat","embeddable":true,"href":"https:\/\/shop.rettum.ee\/en\/wp-json\/wp\/v2\/product_cat?post=120567"},{"taxonomy":"product_tag","embeddable":true,"href":"https:\/\/shop.rettum.ee\/en\/wp-json\/wp\/v2\/product_tag?post=120567"},{"taxonomy":"pa_brand_name","embeddable":true,"href":"https:\/\/shop.rettum.ee\/en\/wp-json\/wp\/v2\/pa_brand_name?post=120567"}],"curies":[{"name":"wp","href":"https:\/\/api.w.org\/{rel}","templated":true}]}}