{"id":120573,"date":"2025-03-31T03:03:53","date_gmt":"2025-03-31T00:03:53","guid":{"rendered":"https:\/\/shop.rettum.ee\/toode\/295-60r225-paltread-cold-retread-p41-3pmsf-drive-winter-michelin-casing\/"},"modified":"2026-03-22T03:05:16","modified_gmt":"2026-03-22T01:05:16","slug":"295-60r225-paltread-cold-retread-p41-3pmsf-drive-winter-michelin-casing","status":"publish","type":"product","link":"https:\/\/shop.rettum.ee\/en\/product\/295-60r225-paltread-cold-retread-p41-3pmsf-drive-winter-michelin-casing\/","title":{"rendered":"295\/60R22,5 Paltread Cold Retread P41 3PMSF Drive WINTER (Michelin casing)"},"content":{"rendered":"<p>295\/60R22,5 Paltread Cold Retread P41 3PMSF Drive WINTER on Michelin&#8217;i kestilt valmistatud rehvid, mis on loodud tagamaks usaldusv\u00e4\u00e4rset ja turvalist s\u00f5idu- ning transpordikogemust ka k\u00f5ige n\u00f5udlikumates talvetingimustes. Tootel on vastavus 3PMSF s\u00fcmboliga, mis kinnitab suurep\u00e4raseid lume- ja j\u00e4\u00e4halduri omadusi ning tagab maksimaalse haardumise k\u00fclmal teel. <\/p>\n<p>Spetsiaalselt v\u00e4lja t\u00f6\u00f6tatud rehviprofiil ja k\u00fclmremonditehnoloogia v\u00f5imaldavad \u00fchtlast kulumist ning pikendavad rehvi t\u00f6\u00f6iga, pakkudes samal ajal stabiilsust ja energias\u00e4\u00e4stu ka karmides ilmastikutingimustes. Rehvi tugev ja vastupidav kujundus sobib ideaalselt suuremahuliste transpordiveokite ja raskete s\u00f5idukite n\u00f5udmistele, kindlustades t\u00f6\u00f6kindla soorituse ka k\u00f5ige keerukamates tingimustes.<\/p>\n<p>See rehvi mudel on ideaalne valik ettev\u00f5tetele, kes otsivad kvaliteeti ja usaldusv\u00e4\u00e4rsust talvisteks s\u00f5itudeks, pakkudes maksimaalset turvalisust ning tegutsedes t\u00f5husalt ka k\u00f5ige karmimates keskkondades.<\/p>","protected":false},"excerpt":{"rendered":"<p>295\/60R22,5 Paltread Cold Retread P41 3PMSF Drive WINTER on Michelin&#8217;i kestilt valmistatud rehvid, mis on loodud tagamaks usaldusv\u00e4\u00e4rset ja turvalist s\u00f5idu- ning transpordikogemust ka k\u00f5ige n\u00f5udlikumates talvetingimustes. Tootel on vastavus 3PMSF s\u00fcmboliga, mis kinnitab suurep\u00e4raseid lume- ja j\u00e4\u00e4halduri omadusi ning tagab maksimaalse haardumise k\u00fclmal teel. Spetsiaalselt v\u00e4lja t\u00f6\u00f6tatud rehviprofiil ja k\u00fclmremonditehnoloogia v\u00f5imaldavad \u00fchtlast kulumist ning [&hellip;]<\/p>\n","protected":false},"featured_media":123993,"template":"","meta":{"site-sidebar-layout":"default","site-content-layout":"","ast-site-content-layout":"","site-content-style":"default","site-sidebar-style":"default","ast-global-header-display":"","ast-banner-title-visibility":"","ast-main-header-display":"","ast-hfb-above-header-display":"","ast-hfb-below-header-display":"","ast-hfb-mobile-header-display":"","site-post-title":"","ast-breadcrumbs-content":"","ast-featured-img":"","footer-sml-layout":"","theme-transparent-header-meta":"","adv-header-id-meta":"","stick-header-meta":"","header-above-stick-meta":"","header-main-stick-meta":"","header-below-stick-meta":"","astra-migrate-meta-layouts":"default","ast-page-background-enabled":"default","ast-page-background-meta":{"desktop":{"background-color":"","background-image":"","background-repeat":"repeat","background-position":"center center","background-size":"auto","background-attachment":"scroll","background-type":"","background-media":"","overlay-type":"","overlay-color":"","overlay-opacity":"","overlay-gradient":""},"tablet":{"background-color":"","background-image":"","background-repeat":"repeat","background-position":"center center","background-size":"auto","background-attachment":"scroll","background-type":"","background-media":"","overlay-type":"","overlay-color":"","overlay-opacity":"","overlay-gradient":""},"mobile":{"background-color":"","background-image":"","background-repeat":"repeat","background-position":"center center","background-size":"auto","background-attachment":"scroll","background-type":"","background-media":"","overlay-type":"","overlay-color":"","overlay-opacity":"","overlay-gradient":""}},"ast-content-background-meta":{"desktop":{"background-color":"var(--ast-global-color-5)","background-image":"","background-repeat":"repeat","background-position":"center center","background-size":"auto","background-attachment":"scroll","background-type":"","background-media":"","overlay-type":"","overlay-color":"","overlay-opacity":"","overlay-gradient":""},"tablet":{"background-color":"var(--ast-global-color-5)","background-image":"","background-repeat":"repeat","background-position":"center center","background-size":"auto","background-attachment":"scroll","background-type":"","background-media":"","overlay-type":"","overlay-color":"","overlay-opacity":"","overlay-gradient":""},"mobile":{"background-color":"var(--ast-global-color-5)","background-image":"","background-repeat":"repeat","background-position":"center center","background-size":"auto","background-attachment":"scroll","background-type":"","background-media":"","overlay-type":"","overlay-color":"","overlay-opacity":"","overlay-gradient":""}}},"product_brand":[],"product_cat":[29028],"product_tag":[],"pa_brand_name":[36866],"class_list":{"0":"post-120573","1":"product","2":"type-product","3":"status-publish","4":"has-post-thumbnail","6":"product_cat-truck-tires-retreaded","7":"pa_brand_name-paltread-cold-retread","8":"desktop-align-left","9":"tablet-align-left","10":"mobile-align-left","12":"first","13":"outofstock","14":"taxable","15":"shipping-taxable","16":"purchasable","17":"product-type-simple"},"_links":{"self":[{"href":"https:\/\/shop.rettum.ee\/en\/wp-json\/wp\/v2\/product\/120573","targetHints":{"allow":["GET"]}}],"collection":[{"href":"https:\/\/shop.rettum.ee\/en\/wp-json\/wp\/v2\/product"}],"about":[{"href":"https:\/\/shop.rettum.ee\/en\/wp-json\/wp\/v2\/types\/product"}],"version-history":[{"count":1,"href":"https:\/\/shop.rettum.ee\/en\/wp-json\/wp\/v2\/product\/120573\/revisions"}],"predecessor-version":[{"id":125931,"href":"https:\/\/shop.rettum.ee\/en\/wp-json\/wp\/v2\/product\/120573\/revisions\/125931"}],"wp:featuredmedia":[{"embeddable":true,"href":"https:\/\/shop.rettum.ee\/en\/wp-json\/wp\/v2\/media\/123993"}],"wp:attachment":[{"href":"https:\/\/shop.rettum.ee\/en\/wp-json\/wp\/v2\/media?parent=120573"}],"wp:term":[{"taxonomy":"product_brand","embeddable":true,"href":"https:\/\/shop.rettum.ee\/en\/wp-json\/wp\/v2\/product_brand?post=120573"},{"taxonomy":"product_cat","embeddable":true,"href":"https:\/\/shop.rettum.ee\/en\/wp-json\/wp\/v2\/product_cat?post=120573"},{"taxonomy":"product_tag","embeddable":true,"href":"https:\/\/shop.rettum.ee\/en\/wp-json\/wp\/v2\/product_tag?post=120573"},{"taxonomy":"pa_brand_name","embeddable":true,"href":"https:\/\/shop.rettum.ee\/en\/wp-json\/wp\/v2\/pa_brand_name?post=120573"}],"curies":[{"name":"wp","href":"https:\/\/api.w.org\/{rel}","templated":true}]}}