{"id":120575,"date":"2025-03-31T03:03:55","date_gmt":"2025-03-31T00:03:55","guid":{"rendered":"https:\/\/shop.rettum.ee\/toode\/315-80r225-paltread-cold-retread-p41-3pmsf-drive-winter-pirelli-casing\/"},"modified":"2026-03-22T03:05:16","modified_gmt":"2026-03-22T01:05:16","slug":"315-80r225-paltread-cold-retread-p41-3pmsf-drive-winter-pirelli-casing","status":"publish","type":"product","link":"https:\/\/shop.rettum.ee\/en\/product\/315-80r225-paltread-cold-retread-p41-3pmsf-drive-winter-pirelli-casing\/","title":{"rendered":"315\/80R22,5 Paltread Cold Retread P41 3PMSF Drive WINTER (Pirelli casing)"},"content":{"rendered":"<p>315\/80R22,5 Paltread Cold Retread P41 3PMSF Drive WINTER (Pirelli karkass) on usaldusv\u00e4\u00e4rne talverehv, mis tagab suurep\u00e4rase haarduvuse ja ohutuse ka k\u00f5ige karmimates talveoludes. Selle renoveeritud mustri disain ja Pirelli kvaliteedikarkass loovad tugeva kombinatsiooni, pakkudes \u00fclimat j\u00f5udlust ilmastikutingimustes, kus lumet ja j\u00e4\u00e4d on. 3PMSF m\u00e4rgistus kinnitab rehvi v\u00f5imekust l\u00e4bi kiskuva m\u00e4etipp-s\u00fcmbooli mitmekordset l\u00e4bivuse ja talviste katsumuste k\u00e4igus.<\/p>\n<p>Selle 315\/80R22,5 m\u00f5\u00f5du ja spetsiaalselt disainitud puhastatud mustri t\u00f5ttu saavutatakse parim pidamine ning suurep\u00e4rane veeret\u00f5husus, v\u00e4hendades k\u00fctusekulu ja tagades s\u00f5iduki stabiilsuse ka libedatel teedel. Cold Retread tehnoloogia teeb rehvi s\u00e4\u00e4stlikumaks ja keskkonnas\u00f5bralikumaks valikuks, pikendades rehvi kasutusea ilma kompromissideta j\u00f5udluse osas.<\/p>\n<p>V\u00e4rske ja tugev disain sobib ideaalselt rasketele s\u00f5idukitele ning tagab turvalise s\u00f5idu ka k\u00f5ige n\u00f5udlikumates talveoludes, pakkudes usaldusv\u00e4\u00e4rset lahendust nii t\u00f6\u00f6ellu kui ka igap\u00e4evasteks s\u00f5itudeks.<\/p>","protected":false},"excerpt":{"rendered":"<p>315\/80R22,5 Paltread Cold Retread P41 3PMSF Drive WINTER (Pirelli karkass) on usaldusv\u00e4\u00e4rne talverehv, mis tagab suurep\u00e4rase haarduvuse ja ohutuse ka k\u00f5ige karmimates talveoludes. Selle renoveeritud mustri disain ja Pirelli kvaliteedikarkass loovad tugeva kombinatsiooni, pakkudes \u00fclimat j\u00f5udlust ilmastikutingimustes, kus lumet ja j\u00e4\u00e4d on. 3PMSF m\u00e4rgistus kinnitab rehvi v\u00f5imekust l\u00e4bi kiskuva m\u00e4etipp-s\u00fcmbooli mitmekordset l\u00e4bivuse ja talviste katsumuste [&hellip;]<\/p>\n","protected":false},"featured_media":123993,"template":"","meta":{"site-sidebar-layout":"default","site-content-layout":"","ast-site-content-layout":"","site-content-style":"default","site-sidebar-style":"default","ast-global-header-display":"","ast-banner-title-visibility":"","ast-main-header-display":"","ast-hfb-above-header-display":"","ast-hfb-below-header-display":"","ast-hfb-mobile-header-display":"","site-post-title":"","ast-breadcrumbs-content":"","ast-featured-img":"","footer-sml-layout":"","theme-transparent-header-meta":"","adv-header-id-meta":"","stick-header-meta":"","header-above-stick-meta":"","header-main-stick-meta":"","header-below-stick-meta":"","astra-migrate-meta-layouts":"default","ast-page-background-enabled":"default","ast-page-background-meta":{"desktop":{"background-color":"","background-image":"","background-repeat":"repeat","background-position":"center center","background-size":"auto","background-attachment":"scroll","background-type":"","background-media":"","overlay-type":"","overlay-color":"","overlay-opacity":"","overlay-gradient":""},"tablet":{"background-color":"","background-image":"","background-repeat":"repeat","background-position":"center center","background-size":"auto","background-attachment":"scroll","background-type":"","background-media":"","overlay-type":"","overlay-color":"","overlay-opacity":"","overlay-gradient":""},"mobile":{"background-color":"","background-image":"","background-repeat":"repeat","background-position":"center center","background-size":"auto","background-attachment":"scroll","background-type":"","background-media":"","overlay-type":"","overlay-color":"","overlay-opacity":"","overlay-gradient":""}},"ast-content-background-meta":{"desktop":{"background-color":"var(--ast-global-color-5)","background-image":"","background-repeat":"repeat","background-position":"center center","background-size":"auto","background-attachment":"scroll","background-type":"","background-media":"","overlay-type":"","overlay-color":"","overlay-opacity":"","overlay-gradient":""},"tablet":{"background-color":"var(--ast-global-color-5)","background-image":"","background-repeat":"repeat","background-position":"center center","background-size":"auto","background-attachment":"scroll","background-type":"","background-media":"","overlay-type":"","overlay-color":"","overlay-opacity":"","overlay-gradient":""},"mobile":{"background-color":"var(--ast-global-color-5)","background-image":"","background-repeat":"repeat","background-position":"center center","background-size":"auto","background-attachment":"scroll","background-type":"","background-media":"","overlay-type":"","overlay-color":"","overlay-opacity":"","overlay-gradient":""}}},"product_brand":[],"product_cat":[29028],"product_tag":[],"pa_brand_name":[36866],"class_list":{"0":"post-120575","1":"product","2":"type-product","3":"status-publish","4":"has-post-thumbnail","6":"product_cat-truck-tires-retreaded","7":"pa_brand_name-paltread-cold-retread","8":"desktop-align-left","9":"tablet-align-left","10":"mobile-align-left","12":"first","13":"outofstock","14":"taxable","15":"shipping-taxable","16":"purchasable","17":"product-type-simple"},"_links":{"self":[{"href":"https:\/\/shop.rettum.ee\/en\/wp-json\/wp\/v2\/product\/120575","targetHints":{"allow":["GET"]}}],"collection":[{"href":"https:\/\/shop.rettum.ee\/en\/wp-json\/wp\/v2\/product"}],"about":[{"href":"https:\/\/shop.rettum.ee\/en\/wp-json\/wp\/v2\/types\/product"}],"version-history":[{"count":1,"href":"https:\/\/shop.rettum.ee\/en\/wp-json\/wp\/v2\/product\/120575\/revisions"}],"predecessor-version":[{"id":125928,"href":"https:\/\/shop.rettum.ee\/en\/wp-json\/wp\/v2\/product\/120575\/revisions\/125928"}],"wp:featuredmedia":[{"embeddable":true,"href":"https:\/\/shop.rettum.ee\/en\/wp-json\/wp\/v2\/media\/123993"}],"wp:attachment":[{"href":"https:\/\/shop.rettum.ee\/en\/wp-json\/wp\/v2\/media?parent=120575"}],"wp:term":[{"taxonomy":"product_brand","embeddable":true,"href":"https:\/\/shop.rettum.ee\/en\/wp-json\/wp\/v2\/product_brand?post=120575"},{"taxonomy":"product_cat","embeddable":true,"href":"https:\/\/shop.rettum.ee\/en\/wp-json\/wp\/v2\/product_cat?post=120575"},{"taxonomy":"product_tag","embeddable":true,"href":"https:\/\/shop.rettum.ee\/en\/wp-json\/wp\/v2\/product_tag?post=120575"},{"taxonomy":"pa_brand_name","embeddable":true,"href":"https:\/\/shop.rettum.ee\/en\/wp-json\/wp\/v2\/pa_brand_name?post=120575"}],"curies":[{"name":"wp","href":"https:\/\/api.w.org\/{rel}","templated":true}]}}