{"id":120576,"date":"2025-03-31T03:03:55","date_gmt":"2025-03-31T00:03:55","guid":{"rendered":"https:\/\/shop.rettum.ee\/toode\/315-80r225-paltread-cold-retread-p41-3pmsf-drive-winter-hankook-casing\/"},"modified":"2025-09-18T02:45:47","modified_gmt":"2025-09-17T23:45:47","slug":"315-80r225-paltread-cold-retread-p41-3pmsf-drive-winter-hankook-casing","status":"publish","type":"product","link":"https:\/\/shop.rettum.ee\/en\/product\/315-80r225-paltread-cold-retread-p41-3pmsf-drive-winter-hankook-casing\/","title":{"rendered":"315\/80R22,5 Paltread Cold Retread P41 3PMSF Drive WINTER (Hankook casing)"},"content":{"rendered":"<p>315\/80R22,5 Paltread Cold Retread P41 3PMSF Drive WINTER on k\u00f5rgtehnoloogiline talverehv, mis tagab maksimaalse ohutuse ja suurep\u00e4rase s\u00f5idukogemuse karmides talveoludes. Selle rehvi valmistamisel kasutatud Hankook kere toob kaasa usaldusv\u00e4\u00e4rsuse ja pika eluea, samas kui k\u00fclm retread tehnoloogia tagab sujuva ja kvaliteetse t\u00f6\u00f6tluse isegi madalatel temperatuuridel.<\/p>\n<p>3PMSF m\u00e4rgis kinnitab rehvi v\u00e4ljapaistvat j\u00f5udlust lumistel ja libedatel teedel, pakkudes kindlat haarduvust ja stabiilsust raskete s\u00f5idukite ning kommertsautode jaoks. Optimeeritud mustriga disain aitab v\u00e4hendada vee akvaaplaningut, mis on eriti oluline intensiivsetes s\u00f5idutingimustes. <\/p>\n<p>See rehvimudel on loodud pakkuma kiiret reageerimist ja enesekindlat pidamist k\u00f5ikjal, kus talvised teed v\u00f5ivad muutuda etteaimamatuks. Investeeri kvaliteeti ja ohutusse, valides 315\/80R22,5 Paltread Cold Retread P41 3PMSF Drive WINTER \u2013 ideaalne lahendus n\u00f5udlikele s\u00f5idutingimustele ning efektiivseks ja turvaliseks talvehooajaks.<\/p>","protected":false},"excerpt":{"rendered":"<p>315\/80R22,5 Paltread Cold Retread P41 3PMSF Drive WINTER on k\u00f5rgtehnoloogiline talverehv, mis tagab maksimaalse ohutuse ja suurep\u00e4rase s\u00f5idukogemuse karmides talveoludes. Selle rehvi valmistamisel kasutatud Hankook kere toob kaasa usaldusv\u00e4\u00e4rsuse ja pika eluea, samas kui k\u00fclm retread tehnoloogia tagab sujuva ja kvaliteetse t\u00f6\u00f6tluse isegi madalatel temperatuuridel. 3PMSF m\u00e4rgis kinnitab rehvi v\u00e4ljapaistvat j\u00f5udlust lumistel ja libedatel teedel, [&hellip;]<\/p>\n","protected":false},"featured_media":123993,"template":"","meta":{"site-sidebar-layout":"default","site-content-layout":"","ast-site-content-layout":"","site-content-style":"default","site-sidebar-style":"default","ast-global-header-display":"","ast-banner-title-visibility":"","ast-main-header-display":"","ast-hfb-above-header-display":"","ast-hfb-below-header-display":"","ast-hfb-mobile-header-display":"","site-post-title":"","ast-breadcrumbs-content":"","ast-featured-img":"","footer-sml-layout":"","theme-transparent-header-meta":"","adv-header-id-meta":"","stick-header-meta":"","header-above-stick-meta":"","header-main-stick-meta":"","header-below-stick-meta":"","astra-migrate-meta-layouts":"default","ast-page-background-enabled":"default","ast-page-background-meta":{"desktop":{"background-color":"","background-image":"","background-repeat":"repeat","background-position":"center center","background-size":"auto","background-attachment":"scroll","background-type":"","background-media":"","overlay-type":"","overlay-color":"","overlay-opacity":"","overlay-gradient":""},"tablet":{"background-color":"","background-image":"","background-repeat":"repeat","background-position":"center center","background-size":"auto","background-attachment":"scroll","background-type":"","background-media":"","overlay-type":"","overlay-color":"","overlay-opacity":"","overlay-gradient":""},"mobile":{"background-color":"","background-image":"","background-repeat":"repeat","background-position":"center center","background-size":"auto","background-attachment":"scroll","background-type":"","background-media":"","overlay-type":"","overlay-color":"","overlay-opacity":"","overlay-gradient":""}},"ast-content-background-meta":{"desktop":{"background-color":"var(--ast-global-color-5)","background-image":"","background-repeat":"repeat","background-position":"center center","background-size":"auto","background-attachment":"scroll","background-type":"","background-media":"","overlay-type":"","overlay-color":"","overlay-opacity":"","overlay-gradient":""},"tablet":{"background-color":"var(--ast-global-color-5)","background-image":"","background-repeat":"repeat","background-position":"center center","background-size":"auto","background-attachment":"scroll","background-type":"","background-media":"","overlay-type":"","overlay-color":"","overlay-opacity":"","overlay-gradient":""},"mobile":{"background-color":"var(--ast-global-color-5)","background-image":"","background-repeat":"repeat","background-position":"center center","background-size":"auto","background-attachment":"scroll","background-type":"","background-media":"","overlay-type":"","overlay-color":"","overlay-opacity":"","overlay-gradient":""}}},"product_brand":[],"product_cat":[29028],"product_tag":[],"pa_brand_name":[36866],"class_list":{"0":"post-120576","1":"product","2":"type-product","3":"status-publish","4":"has-post-thumbnail","6":"product_cat-truck-tires-retreaded","7":"pa_brand_name-paltread-cold-retread","8":"desktop-align-left","9":"tablet-align-left","10":"mobile-align-left","12":"first","13":"outofstock","14":"taxable","15":"shipping-taxable","16":"purchasable","17":"product-type-simple"},"_links":{"self":[{"href":"https:\/\/shop.rettum.ee\/en\/wp-json\/wp\/v2\/product\/120576","targetHints":{"allow":["GET"]}}],"collection":[{"href":"https:\/\/shop.rettum.ee\/en\/wp-json\/wp\/v2\/product"}],"about":[{"href":"https:\/\/shop.rettum.ee\/en\/wp-json\/wp\/v2\/types\/product"}],"version-history":[{"count":1,"href":"https:\/\/shop.rettum.ee\/en\/wp-json\/wp\/v2\/product\/120576\/revisions"}],"predecessor-version":[{"id":125929,"href":"https:\/\/shop.rettum.ee\/en\/wp-json\/wp\/v2\/product\/120576\/revisions\/125929"}],"wp:featuredmedia":[{"embeddable":true,"href":"https:\/\/shop.rettum.ee\/en\/wp-json\/wp\/v2\/media\/123993"}],"wp:attachment":[{"href":"https:\/\/shop.rettum.ee\/en\/wp-json\/wp\/v2\/media?parent=120576"}],"wp:term":[{"taxonomy":"product_brand","embeddable":true,"href":"https:\/\/shop.rettum.ee\/en\/wp-json\/wp\/v2\/product_brand?post=120576"},{"taxonomy":"product_cat","embeddable":true,"href":"https:\/\/shop.rettum.ee\/en\/wp-json\/wp\/v2\/product_cat?post=120576"},{"taxonomy":"product_tag","embeddable":true,"href":"https:\/\/shop.rettum.ee\/en\/wp-json\/wp\/v2\/product_tag?post=120576"},{"taxonomy":"pa_brand_name","embeddable":true,"href":"https:\/\/shop.rettum.ee\/en\/wp-json\/wp\/v2\/pa_brand_name?post=120576"}],"curies":[{"name":"wp","href":"https:\/\/api.w.org\/{rel}","templated":true}]}}