{"id":120578,"date":"2025-03-31T03:03:57","date_gmt":"2025-03-31T00:03:57","guid":{"rendered":"https:\/\/shop.rettum.ee\/toode\/315-80r225-paltread-cold-retread-p41-3pmsf-drive-winter-sava-casing\/"},"modified":"2026-03-22T03:05:16","modified_gmt":"2026-03-22T01:05:16","slug":"315-80r225-paltread-cold-retread-p41-3pmsf-drive-winter-sava-casing","status":"publish","type":"product","link":"https:\/\/shop.rettum.ee\/en\/product\/315-80r225-paltread-cold-retread-p41-3pmsf-drive-winter-sava-casing\/","title":{"rendered":"315\/80R22,5 Paltread Cold Retread P41 3PMSF Drive WINTER (Sava casing)"},"content":{"rendered":"<p>315\/80R22,5 Paltread Cold Retread P41 3PMSF Drive WINTER (Sava casing) on usaldusv\u00e4\u00e4rne rehvi lahendus rasketeks talvisteks tingimusteks. See rehvivariant, mis p\u00f5hineb Sava casingul, tagab tugeva struktuuri ja pika kasutusea, v\u00f5imaldades taastada originaalsed s\u00f5iduomadused t\u00e4nu Cold Retread tehnoloogiale. Rehvi P41 mustrikujundus muudab selle ideaalseks ka k\u00f5ige n\u00f5udlikumates olukordades, pakkudes suurep\u00e4rast haarduvust ja stabiilsust niiskel, lume- ja j\u00e4\u00e4pinasealal.<\/p>\n<p>3PMSF (Three Peak Mountain Snowflake) sertifikaat on garantii rehvi sobivusele \u00e4\u00e4rmuslike talveoludega, pakkudes maksimaalset turvalisust ja kindlustunnet nii kommerts- kui eraautode juhtidele. Selline rehvivalik aitab v\u00e4hendada j\u00e4\u00e4tmete hulka ning on seel\u00e4bi ka keskkonnas\u00f5bralik lahendus. <\/p>\n<p>Optimaalne valik neile, kes hindavad j\u00f5udlust, vastupidavust ja ohutust hilis-talvel ning kogu talvehooajal. Uuenduslik kombinatsioon kvaliteetsest Sava kestist, optimaalselt kavandatud mustrist ja talvisest disainist tagab stabiilse ja turvalise s\u00f5idu igas olukorras.<br \/>\nTutvu selle rehviv\u00f5imalusega ja too oma s\u00f5idukitesse kindlustunne ka k\u00f5ige karmimates talvetingimustes!<\/p>","protected":false},"excerpt":{"rendered":"<p>315\/80R22,5 Paltread Cold Retread P41 3PMSF Drive WINTER (Sava casing) on usaldusv\u00e4\u00e4rne rehvi lahendus rasketeks talvisteks tingimusteks. See rehvivariant, mis p\u00f5hineb Sava casingul, tagab tugeva struktuuri ja pika kasutusea, v\u00f5imaldades taastada originaalsed s\u00f5iduomadused t\u00e4nu Cold Retread tehnoloogiale. Rehvi P41 mustrikujundus muudab selle ideaalseks ka k\u00f5ige n\u00f5udlikumates olukordades, pakkudes suurep\u00e4rast haarduvust ja stabiilsust niiskel, lume- ja [&hellip;]<\/p>\n","protected":false},"featured_media":123993,"template":"","meta":{"site-sidebar-layout":"default","site-content-layout":"","ast-site-content-layout":"","site-content-style":"default","site-sidebar-style":"default","ast-global-header-display":"","ast-banner-title-visibility":"","ast-main-header-display":"","ast-hfb-above-header-display":"","ast-hfb-below-header-display":"","ast-hfb-mobile-header-display":"","site-post-title":"","ast-breadcrumbs-content":"","ast-featured-img":"","footer-sml-layout":"","theme-transparent-header-meta":"","adv-header-id-meta":"","stick-header-meta":"","header-above-stick-meta":"","header-main-stick-meta":"","header-below-stick-meta":"","astra-migrate-meta-layouts":"default","ast-page-background-enabled":"default","ast-page-background-meta":{"desktop":{"background-color":"","background-image":"","background-repeat":"repeat","background-position":"center center","background-size":"auto","background-attachment":"scroll","background-type":"","background-media":"","overlay-type":"","overlay-color":"","overlay-opacity":"","overlay-gradient":""},"tablet":{"background-color":"","background-image":"","background-repeat":"repeat","background-position":"center center","background-size":"auto","background-attachment":"scroll","background-type":"","background-media":"","overlay-type":"","overlay-color":"","overlay-opacity":"","overlay-gradient":""},"mobile":{"background-color":"","background-image":"","background-repeat":"repeat","background-position":"center center","background-size":"auto","background-attachment":"scroll","background-type":"","background-media":"","overlay-type":"","overlay-color":"","overlay-opacity":"","overlay-gradient":""}},"ast-content-background-meta":{"desktop":{"background-color":"var(--ast-global-color-5)","background-image":"","background-repeat":"repeat","background-position":"center center","background-size":"auto","background-attachment":"scroll","background-type":"","background-media":"","overlay-type":"","overlay-color":"","overlay-opacity":"","overlay-gradient":""},"tablet":{"background-color":"var(--ast-global-color-5)","background-image":"","background-repeat":"repeat","background-position":"center center","background-size":"auto","background-attachment":"scroll","background-type":"","background-media":"","overlay-type":"","overlay-color":"","overlay-opacity":"","overlay-gradient":""},"mobile":{"background-color":"var(--ast-global-color-5)","background-image":"","background-repeat":"repeat","background-position":"center center","background-size":"auto","background-attachment":"scroll","background-type":"","background-media":"","overlay-type":"","overlay-color":"","overlay-opacity":"","overlay-gradient":""}}},"product_brand":[],"product_cat":[29028],"product_tag":[],"pa_brand_name":[36866],"class_list":{"0":"post-120578","1":"product","2":"type-product","3":"status-publish","4":"has-post-thumbnail","6":"product_cat-truck-tires-retreaded","7":"pa_brand_name-paltread-cold-retread","8":"desktop-align-left","9":"tablet-align-left","10":"mobile-align-left","12":"first","13":"outofstock","14":"taxable","15":"shipping-taxable","16":"purchasable","17":"product-type-simple"},"_links":{"self":[{"href":"https:\/\/shop.rettum.ee\/en\/wp-json\/wp\/v2\/product\/120578","targetHints":{"allow":["GET"]}}],"collection":[{"href":"https:\/\/shop.rettum.ee\/en\/wp-json\/wp\/v2\/product"}],"about":[{"href":"https:\/\/shop.rettum.ee\/en\/wp-json\/wp\/v2\/types\/product"}],"version-history":[{"count":1,"href":"https:\/\/shop.rettum.ee\/en\/wp-json\/wp\/v2\/product\/120578\/revisions"}],"predecessor-version":[{"id":125926,"href":"https:\/\/shop.rettum.ee\/en\/wp-json\/wp\/v2\/product\/120578\/revisions\/125926"}],"wp:featuredmedia":[{"embeddable":true,"href":"https:\/\/shop.rettum.ee\/en\/wp-json\/wp\/v2\/media\/123993"}],"wp:attachment":[{"href":"https:\/\/shop.rettum.ee\/en\/wp-json\/wp\/v2\/media?parent=120578"}],"wp:term":[{"taxonomy":"product_brand","embeddable":true,"href":"https:\/\/shop.rettum.ee\/en\/wp-json\/wp\/v2\/product_brand?post=120578"},{"taxonomy":"product_cat","embeddable":true,"href":"https:\/\/shop.rettum.ee\/en\/wp-json\/wp\/v2\/product_cat?post=120578"},{"taxonomy":"product_tag","embeddable":true,"href":"https:\/\/shop.rettum.ee\/en\/wp-json\/wp\/v2\/product_tag?post=120578"},{"taxonomy":"pa_brand_name","embeddable":true,"href":"https:\/\/shop.rettum.ee\/en\/wp-json\/wp\/v2\/pa_brand_name?post=120578"}],"curies":[{"name":"wp","href":"https:\/\/api.w.org\/{rel}","templated":true}]}}