{"id":120585,"date":"2025-03-31T03:04:01","date_gmt":"2025-03-31T00:04:01","guid":{"rendered":"https:\/\/shop.rettum.ee\/toode\/265-60r18-maxxis-at-s-at-781-114t-xl-ddb73-3pmsf-ms\/"},"modified":"2026-03-22T03:05:18","modified_gmt":"2026-03-22T01:05:18","slug":"265-60r18-maxxis-at-s-at-781-114t-xl-ddb73-3pmsf-ms","status":"publish","type":"product","link":"https:\/\/shop.rettum.ee\/en\/product\/265-60r18-maxxis-at-s-at-781-114t-xl-ddb73-3pmsf-ms\/","title":{"rendered":"265\/60R18 MAXXIS AT-S AT-781 114T XL DDB73 3PMSF M+S"},"content":{"rendered":"<p>265\/60R18 MAXXIS AT-S AT-781 rehvid pakuvad erakordset j\u00f5udlust nii kuival kui ka m\u00e4rjal teel, olles ideaalne valik autodile, mis vajavad nii maanteel kui krossimaastikul kindlat haarduvust. Rehvi m\u00f5\u00f5tmed 265\/60R18 ja tugev konstruktsioon tagavad stabiilsuse ning suurep\u00e4rase veoj\u00f5u \u00fcleminekutingimustes. 114T koormusindeks ja XL-t\u00fc\u00fcpi (Extra Load) disain teevad neist sobiva valiku raskemate s\u00f5idukite jaoks, pakkudes lisatugevust ja pikemat kasutusiga.<\/p>\n<p>Unikaalne musta disaini kood DDB73 s\u00fcmboliseerib MAXXIS-i p\u00fchendumust innovatsioonile ja kvaliteedile, tagades turvalise s\u00f5idu igas olukorras. Rehvi m\u00e4rg m\u00e4rgistus M+S ja 3PMSF m\u00e4rge (Three Peak Mountain Snowflake) kinnitavad suurep\u00e4rast j\u00f5udlust libedal, lumisel ning jooksulisel pinnal, muutes selle rehvi universaalseks lahenduseks erinevates ilmastikutingimustes.<\/p>\n<p>MAXXIS AT-S AT-781 rehvid \u00fchendavad tipptehnoloogia ja turvalisuse, pakkudes s\u00f5itjale mugavust ning enesekindlust igal teeotsingul. Ideaalne valik s\u00f5idukitele, mis hindavad silmapaistvat j\u00f5udlust ja ohutust igap\u00e4evases liikluses.<\/p>","protected":false},"excerpt":{"rendered":"<p>265\/60R18 MAXXIS AT-S AT-781 rehvid pakuvad erakordset j\u00f5udlust nii kuival kui ka m\u00e4rjal teel, olles ideaalne valik autodile, mis vajavad nii maanteel kui krossimaastikul kindlat haarduvust. Rehvi m\u00f5\u00f5tmed 265\/60R18 ja tugev konstruktsioon tagavad stabiilsuse ning suurep\u00e4rase veoj\u00f5u \u00fcleminekutingimustes. 114T koormusindeks ja XL-t\u00fc\u00fcpi (Extra Load) disain teevad neist sobiva valiku raskemate s\u00f5idukite jaoks, pakkudes lisatugevust ja [&hellip;]<\/p>\n","protected":false},"featured_media":123988,"template":"","meta":{"site-sidebar-layout":"default","site-content-layout":"","ast-site-content-layout":"","site-content-style":"default","site-sidebar-style":"default","ast-global-header-display":"","ast-banner-title-visibility":"","ast-main-header-display":"","ast-hfb-above-header-display":"","ast-hfb-below-header-display":"","ast-hfb-mobile-header-display":"","site-post-title":"","ast-breadcrumbs-content":"","ast-featured-img":"","footer-sml-layout":"","theme-transparent-header-meta":"","adv-header-id-meta":"","stick-header-meta":"","header-above-stick-meta":"","header-main-stick-meta":"","header-below-stick-meta":"","astra-migrate-meta-layouts":"default","ast-page-background-enabled":"default","ast-page-background-meta":{"desktop":{"background-color":"","background-image":"","background-repeat":"repeat","background-position":"center center","background-size":"auto","background-attachment":"scroll","background-type":"","background-media":"","overlay-type":"","overlay-color":"","overlay-opacity":"","overlay-gradient":""},"tablet":{"background-color":"","background-image":"","background-repeat":"repeat","background-position":"center center","background-size":"auto","background-attachment":"scroll","background-type":"","background-media":"","overlay-type":"","overlay-color":"","overlay-opacity":"","overlay-gradient":""},"mobile":{"background-color":"","background-image":"","background-repeat":"repeat","background-position":"center center","background-size":"auto","background-attachment":"scroll","background-type":"","background-media":"","overlay-type":"","overlay-color":"","overlay-opacity":"","overlay-gradient":""}},"ast-content-background-meta":{"desktop":{"background-color":"var(--ast-global-color-5)","background-image":"","background-repeat":"repeat","background-position":"center center","background-size":"auto","background-attachment":"scroll","background-type":"","background-media":"","overlay-type":"","overlay-color":"","overlay-opacity":"","overlay-gradient":""},"tablet":{"background-color":"var(--ast-global-color-5)","background-image":"","background-repeat":"repeat","background-position":"center center","background-size":"auto","background-attachment":"scroll","background-type":"","background-media":"","overlay-type":"","overlay-color":"","overlay-opacity":"","overlay-gradient":""},"mobile":{"background-color":"var(--ast-global-color-5)","background-image":"","background-repeat":"repeat","background-position":"center center","background-size":"auto","background-attachment":"scroll","background-type":"","background-media":"","overlay-type":"","overlay-color":"","overlay-opacity":"","overlay-gradient":""}}},"product_brand":[],"product_cat":[34225],"product_tag":[],"pa_brand_name":[17297],"class_list":{"0":"post-120585","1":"product","2":"type-product","3":"status-publish","4":"has-post-thumbnail","6":"product_cat-summer-tires-pv","7":"pa_brand_name-maxxis","8":"desktop-align-left","9":"tablet-align-left","10":"mobile-align-left","12":"first","13":"outofstock","14":"taxable","15":"shipping-taxable","16":"purchasable","17":"product-type-simple"},"_links":{"self":[{"href":"https:\/\/shop.rettum.ee\/en\/wp-json\/wp\/v2\/product\/120585","targetHints":{"allow":["GET"]}}],"collection":[{"href":"https:\/\/shop.rettum.ee\/en\/wp-json\/wp\/v2\/product"}],"about":[{"href":"https:\/\/shop.rettum.ee\/en\/wp-json\/wp\/v2\/types\/product"}],"version-history":[{"count":2,"href":"https:\/\/shop.rettum.ee\/en\/wp-json\/wp\/v2\/product\/120585\/revisions"}],"predecessor-version":[{"id":125919,"href":"https:\/\/shop.rettum.ee\/en\/wp-json\/wp\/v2\/product\/120585\/revisions\/125919"}],"wp:featuredmedia":[{"embeddable":true,"href":"https:\/\/shop.rettum.ee\/en\/wp-json\/wp\/v2\/media\/123988"}],"wp:attachment":[{"href":"https:\/\/shop.rettum.ee\/en\/wp-json\/wp\/v2\/media?parent=120585"}],"wp:term":[{"taxonomy":"product_brand","embeddable":true,"href":"https:\/\/shop.rettum.ee\/en\/wp-json\/wp\/v2\/product_brand?post=120585"},{"taxonomy":"product_cat","embeddable":true,"href":"https:\/\/shop.rettum.ee\/en\/wp-json\/wp\/v2\/product_cat?post=120585"},{"taxonomy":"product_tag","embeddable":true,"href":"https:\/\/shop.rettum.ee\/en\/wp-json\/wp\/v2\/product_tag?post=120585"},{"taxonomy":"pa_brand_name","embeddable":true,"href":"https:\/\/shop.rettum.ee\/en\/wp-json\/wp\/v2\/pa_brand_name?post=120585"}],"curies":[{"name":"wp","href":"https:\/\/api.w.org\/{rel}","templated":true}]}}