{"id":120590,"date":"2025-03-31T03:04:05","date_gmt":"2025-03-31T00:04:05","guid":{"rendered":"https:\/\/shop.rettum.ee\/toode\/175-70r14-gt-radial-icepro-3-88t-xl-rp-studdable-ddb71-3pmsf-ms\/"},"modified":"2026-03-22T03:05:18","modified_gmt":"2026-03-22T01:05:18","slug":"175-70r14-gt-radial-icepro-3-88t-xl-rp-studdable-ddb71-3pmsf-ms","status":"publish","type":"product","link":"https:\/\/shop.rettum.ee\/en\/product\/175-70r14-gt-radial-icepro-3-88t-xl-rp-studdable-ddb71-3pmsf-ms\/","title":{"rendered":"175\/70R14 GT RADIAL ICEPRO 3 88T XL RP Studdable DDB71 3PMSF M+S"},"content":{"rendered":"<p>Tutvustame 175\/70R14 GT RADIAL ICEPRO 3 rehvi \u2013 ideaalse lahenduse n\u00f5udlikele talveoludele. See k\u00f5rgtehnoloogiline rehviv\u00f5id alustab oma teekonda innovatsiooni ja ohutuse nimel, tagades suurep\u00e4rase haarduvuse nii lumel, j\u00e4\u00e4l kui ka mudas. Rehvi klassifikaator 3PMSF (Three Peak Mountain Snow Flake) kinnitab selle oskust vastu seista karmidele talveoludele, pakkudes maksimaalset turvalisust ja stabiilsust raskeks ilmaks. M\u00e4rkimisv\u00e4\u00e4rne 88T koormus- ja kiirusindeks koos XL kategooriaga tagab lisakindluse ja vastupidavuse ka intensiivsemateks s\u00f5itudeks. Lisaks v\u00f5imaldab rehvi &#8220;studdable&#8221; disain lisada traditsioonilisi naelrehve, mis suurendavad veelgi haarduvust j\u00e4isel teel. GT RADIAL ICEPRO 3 omab t\u00f5en\u00e4oliselt ka laaditud elastse koostise, mis soodustab madalat veeretamist ja energias\u00e4\u00e4stu. See rehv on usaldusv\u00e4\u00e4rne valik neile, kes hindavad ohutust, kvaliteeti ja \u00fclimat s\u00f5idumugavust ka k\u00f5ige keerulisemates talvingutingimustes.<\/p>","protected":false},"excerpt":{"rendered":"<p>Tutvustame 175\/70R14 GT RADIAL ICEPRO 3 rehvi \u2013 ideaalse lahenduse n\u00f5udlikele talveoludele. See k\u00f5rgtehnoloogiline rehviv\u00f5id alustab oma teekonda innovatsiooni ja ohutuse nimel, tagades suurep\u00e4rase haarduvuse nii lumel, j\u00e4\u00e4l kui ka mudas. Rehvi klassifikaator 3PMSF (Three Peak Mountain Snow Flake) kinnitab selle oskust vastu seista karmidele talveoludele, pakkudes maksimaalset turvalisust ja stabiilsust raskeks ilmaks. M\u00e4rkimisv\u00e4\u00e4rne 88T [&hellip;]<\/p>\n","protected":false},"featured_media":123907,"template":"","meta":{"site-sidebar-layout":"default","site-content-layout":"","ast-site-content-layout":"","site-content-style":"default","site-sidebar-style":"default","ast-global-header-display":"","ast-banner-title-visibility":"","ast-main-header-display":"","ast-hfb-above-header-display":"","ast-hfb-below-header-display":"","ast-hfb-mobile-header-display":"","site-post-title":"","ast-breadcrumbs-content":"","ast-featured-img":"","footer-sml-layout":"","theme-transparent-header-meta":"","adv-header-id-meta":"","stick-header-meta":"","header-above-stick-meta":"","header-main-stick-meta":"","header-below-stick-meta":"","astra-migrate-meta-layouts":"default","ast-page-background-enabled":"default","ast-page-background-meta":{"desktop":{"background-color":"","background-image":"","background-repeat":"repeat","background-position":"center center","background-size":"auto","background-attachment":"scroll","background-type":"","background-media":"","overlay-type":"","overlay-color":"","overlay-opacity":"","overlay-gradient":""},"tablet":{"background-color":"","background-image":"","background-repeat":"repeat","background-position":"center center","background-size":"auto","background-attachment":"scroll","background-type":"","background-media":"","overlay-type":"","overlay-color":"","overlay-opacity":"","overlay-gradient":""},"mobile":{"background-color":"","background-image":"","background-repeat":"repeat","background-position":"center center","background-size":"auto","background-attachment":"scroll","background-type":"","background-media":"","overlay-type":"","overlay-color":"","overlay-opacity":"","overlay-gradient":""}},"ast-content-background-meta":{"desktop":{"background-color":"var(--ast-global-color-5)","background-image":"","background-repeat":"repeat","background-position":"center center","background-size":"auto","background-attachment":"scroll","background-type":"","background-media":"","overlay-type":"","overlay-color":"","overlay-opacity":"","overlay-gradient":""},"tablet":{"background-color":"var(--ast-global-color-5)","background-image":"","background-repeat":"repeat","background-position":"center center","background-size":"auto","background-attachment":"scroll","background-type":"","background-media":"","overlay-type":"","overlay-color":"","overlay-opacity":"","overlay-gradient":""},"mobile":{"background-color":"var(--ast-global-color-5)","background-image":"","background-repeat":"repeat","background-position":"center center","background-size":"auto","background-attachment":"scroll","background-type":"","background-media":"","overlay-type":"","overlay-color":"","overlay-opacity":"","overlay-gradient":""}}},"product_brand":[],"product_cat":[29017],"product_tag":[],"pa_brand_name":[34250],"class_list":{"0":"post-120590","1":"product","2":"type-product","3":"status-publish","4":"has-post-thumbnail","6":"product_cat-winter-tires-studdable","7":"pa_brand_name-gt-radial-2","8":"desktop-align-left","9":"tablet-align-left","10":"mobile-align-left","12":"first","13":"outofstock","14":"taxable","15":"shipping-taxable","16":"purchasable","17":"product-type-simple"},"_links":{"self":[{"href":"https:\/\/shop.rettum.ee\/en\/wp-json\/wp\/v2\/product\/120590","targetHints":{"allow":["GET"]}}],"collection":[{"href":"https:\/\/shop.rettum.ee\/en\/wp-json\/wp\/v2\/product"}],"about":[{"href":"https:\/\/shop.rettum.ee\/en\/wp-json\/wp\/v2\/types\/product"}],"version-history":[{"count":2,"href":"https:\/\/shop.rettum.ee\/en\/wp-json\/wp\/v2\/product\/120590\/revisions"}],"predecessor-version":[{"id":125908,"href":"https:\/\/shop.rettum.ee\/en\/wp-json\/wp\/v2\/product\/120590\/revisions\/125908"}],"wp:featuredmedia":[{"embeddable":true,"href":"https:\/\/shop.rettum.ee\/en\/wp-json\/wp\/v2\/media\/123907"}],"wp:attachment":[{"href":"https:\/\/shop.rettum.ee\/en\/wp-json\/wp\/v2\/media?parent=120590"}],"wp:term":[{"taxonomy":"product_brand","embeddable":true,"href":"https:\/\/shop.rettum.ee\/en\/wp-json\/wp\/v2\/product_brand?post=120590"},{"taxonomy":"product_cat","embeddable":true,"href":"https:\/\/shop.rettum.ee\/en\/wp-json\/wp\/v2\/product_cat?post=120590"},{"taxonomy":"product_tag","embeddable":true,"href":"https:\/\/shop.rettum.ee\/en\/wp-json\/wp\/v2\/product_tag?post=120590"},{"taxonomy":"pa_brand_name","embeddable":true,"href":"https:\/\/shop.rettum.ee\/en\/wp-json\/wp\/v2\/pa_brand_name?post=120590"}],"curies":[{"name":"wp","href":"https:\/\/api.w.org\/{rel}","templated":true}]}}