{"id":120592,"date":"2025-03-31T03:04:06","date_gmt":"2025-03-31T00:04:06","guid":{"rendered":"https:\/\/shop.rettum.ee\/toode\/185-60r15-gt-radial-icepro-3-88t-xl-rp-studdable-ddb71-3pmsf-ms\/"},"modified":"2026-03-22T03:12:43","modified_gmt":"2026-03-22T01:12:43","slug":"185-60r15-gt-radial-icepro-3-88t-xl-rp-studdable-ddb71-3pmsf-ms","status":"publish","type":"product","link":"https:\/\/shop.rettum.ee\/en\/product\/185-60r15-gt-radial-icepro-3-88t-xl-rp-studdable-ddb71-3pmsf-ms\/","title":{"rendered":"185\/60R15 GT RADIAL ICEPRO 3 88T XL RP Studdable DDB71 3PMSF M+S"},"content":{"rendered":"<p>Avastage talvis\u00f5idu uus tase GT RADIAL ICEPRO 3 rehvil, mille m\u00f5\u00f5tmed on 185\/60R15 ja millel on 88T XL koormusklass. Rehvi tipptasemel tehnoloogia tagab suurep\u00e4rase haarduvuse ning t\u00f6\u00f6kindluse karmides talveoludes. M+S ja 3PMSF m\u00e4rgistused kinnitavad selle v\u00f5imekust lumel, j\u00e4\u00e4l ja mudasel pinnal, pakkudes maksimaalset turvalisust igas olukorras.<\/p>\n<p>Innovaatiline studdable disain v\u00f5imaldab lisada vajadusel studded, mis parandavad veelgi rehvi haarduvust j\u00e4istel teedel. XL-klass tagab suurema koormustaluvuse, v\u00f5imaldades rehvil s\u00e4ilitada optimaalse j\u00f5udluse ka n\u00f5udlikumates s\u00f5idutingimustes. Unikaalne DDB71 mudel on loodud pakkuma stabiilset juhitavust ning l\u00fchikesi pidurdusmatte nii kuival kui ka niiskel pinnal.<\/p>\n<p>GT RADIAL ICEPRO 3 on ideaalne valik neile, kes hindavad turvalist, kindlat ja mugavat s\u00f5itu kogu talvehooaja v\u00e4ltel. Valige see rehv ja nautige s\u00f5idu kindlust, mida ainult tipptasemel talverehvid oskavad anda.<\/p>","protected":false},"excerpt":{"rendered":"<p>Avastage talvis\u00f5idu uus tase GT RADIAL ICEPRO 3 rehvil, mille m\u00f5\u00f5tmed on 185\/60R15 ja millel on 88T XL koormusklass. Rehvi tipptasemel tehnoloogia tagab suurep\u00e4rase haarduvuse ning t\u00f6\u00f6kindluse karmides talveoludes. M+S ja 3PMSF m\u00e4rgistused kinnitavad selle v\u00f5imekust lumel, j\u00e4\u00e4l ja mudasel pinnal, pakkudes maksimaalset turvalisust igas olukorras. Innovaatiline studdable disain v\u00f5imaldab lisada vajadusel studded, mis parandavad [&hellip;]<\/p>\n","protected":false},"featured_media":123907,"template":"","meta":{"site-sidebar-layout":"default","site-content-layout":"","ast-site-content-layout":"","site-content-style":"default","site-sidebar-style":"default","ast-global-header-display":"","ast-banner-title-visibility":"","ast-main-header-display":"","ast-hfb-above-header-display":"","ast-hfb-below-header-display":"","ast-hfb-mobile-header-display":"","site-post-title":"","ast-breadcrumbs-content":"","ast-featured-img":"","footer-sml-layout":"","theme-transparent-header-meta":"","adv-header-id-meta":"","stick-header-meta":"","header-above-stick-meta":"","header-main-stick-meta":"","header-below-stick-meta":"","astra-migrate-meta-layouts":"default","ast-page-background-enabled":"default","ast-page-background-meta":{"desktop":{"background-color":"","background-image":"","background-repeat":"repeat","background-position":"center center","background-size":"auto","background-attachment":"scroll","background-type":"","background-media":"","overlay-type":"","overlay-color":"","overlay-opacity":"","overlay-gradient":""},"tablet":{"background-color":"","background-image":"","background-repeat":"repeat","background-position":"center center","background-size":"auto","background-attachment":"scroll","background-type":"","background-media":"","overlay-type":"","overlay-color":"","overlay-opacity":"","overlay-gradient":""},"mobile":{"background-color":"","background-image":"","background-repeat":"repeat","background-position":"center center","background-size":"auto","background-attachment":"scroll","background-type":"","background-media":"","overlay-type":"","overlay-color":"","overlay-opacity":"","overlay-gradient":""}},"ast-content-background-meta":{"desktop":{"background-color":"var(--ast-global-color-5)","background-image":"","background-repeat":"repeat","background-position":"center center","background-size":"auto","background-attachment":"scroll","background-type":"","background-media":"","overlay-type":"","overlay-color":"","overlay-opacity":"","overlay-gradient":""},"tablet":{"background-color":"var(--ast-global-color-5)","background-image":"","background-repeat":"repeat","background-position":"center center","background-size":"auto","background-attachment":"scroll","background-type":"","background-media":"","overlay-type":"","overlay-color":"","overlay-opacity":"","overlay-gradient":""},"mobile":{"background-color":"var(--ast-global-color-5)","background-image":"","background-repeat":"repeat","background-position":"center center","background-size":"auto","background-attachment":"scroll","background-type":"","background-media":"","overlay-type":"","overlay-color":"","overlay-opacity":"","overlay-gradient":""}}},"product_brand":[],"product_cat":[29017],"product_tag":[],"pa_brand_name":[34250],"class_list":{"0":"post-120592","1":"product","2":"type-product","3":"status-publish","4":"has-post-thumbnail","6":"product_cat-winter-tires-studdable","7":"pa_brand_name-gt-radial-2","8":"desktop-align-left","9":"tablet-align-left","10":"mobile-align-left","12":"first","13":"outofstock","14":"taxable","15":"shipping-taxable","16":"purchasable","17":"product-type-simple"},"_links":{"self":[{"href":"https:\/\/shop.rettum.ee\/en\/wp-json\/wp\/v2\/product\/120592","targetHints":{"allow":["GET"]}}],"collection":[{"href":"https:\/\/shop.rettum.ee\/en\/wp-json\/wp\/v2\/product"}],"about":[{"href":"https:\/\/shop.rettum.ee\/en\/wp-json\/wp\/v2\/types\/product"}],"version-history":[{"count":2,"href":"https:\/\/shop.rettum.ee\/en\/wp-json\/wp\/v2\/product\/120592\/revisions"}],"predecessor-version":[{"id":125906,"href":"https:\/\/shop.rettum.ee\/en\/wp-json\/wp\/v2\/product\/120592\/revisions\/125906"}],"wp:featuredmedia":[{"embeddable":true,"href":"https:\/\/shop.rettum.ee\/en\/wp-json\/wp\/v2\/media\/123907"}],"wp:attachment":[{"href":"https:\/\/shop.rettum.ee\/en\/wp-json\/wp\/v2\/media?parent=120592"}],"wp:term":[{"taxonomy":"product_brand","embeddable":true,"href":"https:\/\/shop.rettum.ee\/en\/wp-json\/wp\/v2\/product_brand?post=120592"},{"taxonomy":"product_cat","embeddable":true,"href":"https:\/\/shop.rettum.ee\/en\/wp-json\/wp\/v2\/product_cat?post=120592"},{"taxonomy":"product_tag","embeddable":true,"href":"https:\/\/shop.rettum.ee\/en\/wp-json\/wp\/v2\/product_tag?post=120592"},{"taxonomy":"pa_brand_name","embeddable":true,"href":"https:\/\/shop.rettum.ee\/en\/wp-json\/wp\/v2\/pa_brand_name?post=120592"}],"curies":[{"name":"wp","href":"https:\/\/api.w.org\/{rel}","templated":true}]}}