{"id":120595,"date":"2025-03-31T03:04:09","date_gmt":"2025-03-31T00:04:09","guid":{"rendered":"https:\/\/shop.rettum.ee\/toode\/195-65r15-gt-radial-icepro-3-95t-xl-rp-studdable-ddb72-3pmsf-ms\/"},"modified":"2026-03-22T03:12:44","modified_gmt":"2026-03-22T01:12:44","slug":"195-65r15-gt-radial-icepro-3-95t-xl-rp-studdable-ddb72-3pmsf-ms","status":"publish","type":"product","link":"https:\/\/shop.rettum.ee\/en\/product\/195-65r15-gt-radial-icepro-3-95t-xl-rp-studdable-ddb72-3pmsf-ms\/","title":{"rendered":"195\/65R15 GT RADIAL ICEPRO 3 95T XL RP Studdable DDB72 3PMSF M+S"},"content":{"rendered":"<p>Avasta uus tase talviseks s\u00f5iduks GT RADIAL ICEPRO 3 rehvil, mis on loodud kindlaks ja turvaliseks man\u00f6\u00f6verdamiseks rasketes tingimustes. Rehvi m\u00f5\u00f5tmed 195\/65R15 tagavad suurep\u00e4rase stabiilsuse ning optimaalse kontakti teega, v\u00f5imaldades sujuvat s\u00f5itu nii kuivadel kui ka m\u00e4rgadel pindadel. Laadindeks 95 ja kiirusindeks T loovad usaldusv\u00e4\u00e4rse aluse igap\u00e4evaseks kasutuseks, samas kui XL versioon ning studdable disain suurendavad haarduvust eriti lumel ja j\u00e4\u00e4del.<\/p>\n<p>Rehv on konstrueeritud vastama n\u00f5udlikele talvise s\u00f5idu standarditele \u2013 s\u00fcmbolid 3PMSF ja M+S kinnitavad, et see pakub kindlat juhitavust ning turvalisust ka k\u00f5ige karmimates tingimustes. K\u00fctusekulu reiting D ja niiske teepidavuse klass D tagavad lisaks \u00f6konoomsuse ja s\u00f5idu mugavuse. Hoolikalt v\u00e4lja t\u00f6\u00f6tatud disain ja vaikne s\u00f5idum\u00fcra (klaasiv\u00e4\u00e4rtus 72, m\u00fcra klass B) loovad meeldiva ja sujuva s\u00f5idukogemuse. Valmistatud aastas 2023, on see GT RADIAL rehv ideaalne valik neile, kes otsivad j\u00e4tkusuutlikku ja usaldusv\u00e4\u00e4rset lahendust talviseks s\u00f5iduks.<\/p>","protected":false},"excerpt":{"rendered":"<p>Avasta uus tase talviseks s\u00f5iduks GT RADIAL ICEPRO 3 rehvil, mis on loodud kindlaks ja turvaliseks man\u00f6\u00f6verdamiseks rasketes tingimustes. Rehvi m\u00f5\u00f5tmed 195\/65R15 tagavad suurep\u00e4rase stabiilsuse ning optimaalse kontakti teega, v\u00f5imaldades sujuvat s\u00f5itu nii kuivadel kui ka m\u00e4rgadel pindadel. Laadindeks 95 ja kiirusindeks T loovad usaldusv\u00e4\u00e4rse aluse igap\u00e4evaseks kasutuseks, samas kui XL versioon ning studdable disain [&hellip;]<\/p>\n","protected":false},"featured_media":123907,"template":"","meta":{"site-sidebar-layout":"default","site-content-layout":"","ast-site-content-layout":"","site-content-style":"default","site-sidebar-style":"default","ast-global-header-display":"","ast-banner-title-visibility":"","ast-main-header-display":"","ast-hfb-above-header-display":"","ast-hfb-below-header-display":"","ast-hfb-mobile-header-display":"","site-post-title":"","ast-breadcrumbs-content":"","ast-featured-img":"","footer-sml-layout":"","theme-transparent-header-meta":"","adv-header-id-meta":"","stick-header-meta":"","header-above-stick-meta":"","header-main-stick-meta":"","header-below-stick-meta":"","astra-migrate-meta-layouts":"default","ast-page-background-enabled":"default","ast-page-background-meta":{"desktop":{"background-color":"","background-image":"","background-repeat":"repeat","background-position":"center center","background-size":"auto","background-attachment":"scroll","background-type":"","background-media":"","overlay-type":"","overlay-color":"","overlay-opacity":"","overlay-gradient":""},"tablet":{"background-color":"","background-image":"","background-repeat":"repeat","background-position":"center center","background-size":"auto","background-attachment":"scroll","background-type":"","background-media":"","overlay-type":"","overlay-color":"","overlay-opacity":"","overlay-gradient":""},"mobile":{"background-color":"","background-image":"","background-repeat":"repeat","background-position":"center center","background-size":"auto","background-attachment":"scroll","background-type":"","background-media":"","overlay-type":"","overlay-color":"","overlay-opacity":"","overlay-gradient":""}},"ast-content-background-meta":{"desktop":{"background-color":"var(--ast-global-color-5)","background-image":"","background-repeat":"repeat","background-position":"center center","background-size":"auto","background-attachment":"scroll","background-type":"","background-media":"","overlay-type":"","overlay-color":"","overlay-opacity":"","overlay-gradient":""},"tablet":{"background-color":"var(--ast-global-color-5)","background-image":"","background-repeat":"repeat","background-position":"center center","background-size":"auto","background-attachment":"scroll","background-type":"","background-media":"","overlay-type":"","overlay-color":"","overlay-opacity":"","overlay-gradient":""},"mobile":{"background-color":"var(--ast-global-color-5)","background-image":"","background-repeat":"repeat","background-position":"center center","background-size":"auto","background-attachment":"scroll","background-type":"","background-media":"","overlay-type":"","overlay-color":"","overlay-opacity":"","overlay-gradient":""}}},"product_brand":[],"product_cat":[29017],"product_tag":[],"pa_brand_name":[34250],"class_list":{"0":"post-120595","1":"product","2":"type-product","3":"status-publish","4":"has-post-thumbnail","6":"product_cat-winter-tires-studdable","7":"pa_brand_name-gt-radial-2","8":"desktop-align-left","9":"tablet-align-left","10":"mobile-align-left","12":"first","13":"outofstock","14":"taxable","15":"shipping-taxable","16":"purchasable","17":"product-type-simple"},"_links":{"self":[{"href":"https:\/\/shop.rettum.ee\/en\/wp-json\/wp\/v2\/product\/120595","targetHints":{"allow":["GET"]}}],"collection":[{"href":"https:\/\/shop.rettum.ee\/en\/wp-json\/wp\/v2\/product"}],"about":[{"href":"https:\/\/shop.rettum.ee\/en\/wp-json\/wp\/v2\/types\/product"}],"version-history":[{"count":2,"href":"https:\/\/shop.rettum.ee\/en\/wp-json\/wp\/v2\/product\/120595\/revisions"}],"predecessor-version":[{"id":125898,"href":"https:\/\/shop.rettum.ee\/en\/wp-json\/wp\/v2\/product\/120595\/revisions\/125898"}],"wp:featuredmedia":[{"embeddable":true,"href":"https:\/\/shop.rettum.ee\/en\/wp-json\/wp\/v2\/media\/123907"}],"wp:attachment":[{"href":"https:\/\/shop.rettum.ee\/en\/wp-json\/wp\/v2\/media?parent=120595"}],"wp:term":[{"taxonomy":"product_brand","embeddable":true,"href":"https:\/\/shop.rettum.ee\/en\/wp-json\/wp\/v2\/product_brand?post=120595"},{"taxonomy":"product_cat","embeddable":true,"href":"https:\/\/shop.rettum.ee\/en\/wp-json\/wp\/v2\/product_cat?post=120595"},{"taxonomy":"product_tag","embeddable":true,"href":"https:\/\/shop.rettum.ee\/en\/wp-json\/wp\/v2\/product_tag?post=120595"},{"taxonomy":"pa_brand_name","embeddable":true,"href":"https:\/\/shop.rettum.ee\/en\/wp-json\/wp\/v2\/pa_brand_name?post=120595"}],"curies":[{"name":"wp","href":"https:\/\/api.w.org\/{rel}","templated":true}]}}