{"id":120596,"date":"2025-03-31T03:04:09","date_gmt":"2025-03-31T00:04:09","guid":{"rendered":"https:\/\/shop.rettum.ee\/toode\/205-60r16-gt-radial-icepro-3-96t-xl-rp-studdable-ddb72-3pmsf-ms\/"},"modified":"2026-03-22T03:05:18","modified_gmt":"2026-03-22T01:05:18","slug":"205-60r16-gt-radial-icepro-3-96t-xl-rp-studdable-ddb72-3pmsf-ms","status":"publish","type":"product","link":"https:\/\/shop.rettum.ee\/en\/product\/205-60r16-gt-radial-icepro-3-96t-xl-rp-studdable-ddb72-3pmsf-ms\/","title":{"rendered":"205\/60R16 GT RADIAL ICEPRO 3 96T XL RP Studdable DDB72 3PMSF M+S"},"content":{"rendered":"<p>205\/60R16 GT RADIAL ICEPRO 3 96T XL RP Studdable DDB72 3PMSF M+S on k\u00f5rgetasemeline talverehv, mis on loodud karmides talvinguoludes. Selle premium-klassi disain ja tehnoloogia tagavad suurep\u00e4rase haarduvuse niisketel, lumistel ja j\u00e4istel teedel. Levitades \u00fchtlast kontakti, v\u00f5imaldab see rehv sujuvat ja kindlat s\u00f5idukogemust ka k\u00f5ige n\u00f5udlikumates tingimustes.<\/p>\n<p>XL-konstruktsioon tagab t\u00e4iendava kandev\u00f5ime, v\u00f5imaldades autol v\u00f5tta vastu suuremaid r\u00f5hke ja koormusi. Rehvi studdable (naelvardumine) variant annab v\u00f5imaluse lisada vajalikke naelu, parandades veelgi j\u00f5udlust lumistel ja j\u00e4istel teedel, samas s\u00e4ilitades tipptasemel juhitavuse. 3PMSF (kolm s\u00fcmbolit m\u00e4ssinud lumega s\u00f5idul) ja M+S (mud ja snow) m\u00e4rgistused kinnitavad selle universaalsust ning usaldusv\u00e4\u00e4rsust talvises s\u00f5iduolukorras.<\/p>\n<p>GT RADIAL ICEPRO 3 -sari on v\u00e4lja t\u00f6\u00f6tatud, et pakkuda maksimaalset turvalisust ja stabiilsust ning on ideaalne valik Eesti karmide talveolude tarbeks. T\u00f5hus disain ja k\u00f5rgtehnoloogiline profiil tagavad, et iga s\u00f5it on sujuv, kindel ja turvaline.<\/p>","protected":false},"excerpt":{"rendered":"<p>205\/60R16 GT RADIAL ICEPRO 3 96T XL RP Studdable DDB72 3PMSF M+S on k\u00f5rgetasemeline talverehv, mis on loodud karmides talvinguoludes. Selle premium-klassi disain ja tehnoloogia tagavad suurep\u00e4rase haarduvuse niisketel, lumistel ja j\u00e4istel teedel. Levitades \u00fchtlast kontakti, v\u00f5imaldab see rehv sujuvat ja kindlat s\u00f5idukogemust ka k\u00f5ige n\u00f5udlikumates tingimustes. XL-konstruktsioon tagab t\u00e4iendava kandev\u00f5ime, v\u00f5imaldades autol v\u00f5tta vastu [&hellip;]<\/p>\n","protected":false},"featured_media":123907,"template":"","meta":{"site-sidebar-layout":"default","site-content-layout":"","ast-site-content-layout":"","site-content-style":"default","site-sidebar-style":"default","ast-global-header-display":"","ast-banner-title-visibility":"","ast-main-header-display":"","ast-hfb-above-header-display":"","ast-hfb-below-header-display":"","ast-hfb-mobile-header-display":"","site-post-title":"","ast-breadcrumbs-content":"","ast-featured-img":"","footer-sml-layout":"","theme-transparent-header-meta":"","adv-header-id-meta":"","stick-header-meta":"","header-above-stick-meta":"","header-main-stick-meta":"","header-below-stick-meta":"","astra-migrate-meta-layouts":"default","ast-page-background-enabled":"default","ast-page-background-meta":{"desktop":{"background-color":"","background-image":"","background-repeat":"repeat","background-position":"center center","background-size":"auto","background-attachment":"scroll","background-type":"","background-media":"","overlay-type":"","overlay-color":"","overlay-opacity":"","overlay-gradient":""},"tablet":{"background-color":"","background-image":"","background-repeat":"repeat","background-position":"center center","background-size":"auto","background-attachment":"scroll","background-type":"","background-media":"","overlay-type":"","overlay-color":"","overlay-opacity":"","overlay-gradient":""},"mobile":{"background-color":"","background-image":"","background-repeat":"repeat","background-position":"center center","background-size":"auto","background-attachment":"scroll","background-type":"","background-media":"","overlay-type":"","overlay-color":"","overlay-opacity":"","overlay-gradient":""}},"ast-content-background-meta":{"desktop":{"background-color":"var(--ast-global-color-5)","background-image":"","background-repeat":"repeat","background-position":"center center","background-size":"auto","background-attachment":"scroll","background-type":"","background-media":"","overlay-type":"","overlay-color":"","overlay-opacity":"","overlay-gradient":""},"tablet":{"background-color":"var(--ast-global-color-5)","background-image":"","background-repeat":"repeat","background-position":"center center","background-size":"auto","background-attachment":"scroll","background-type":"","background-media":"","overlay-type":"","overlay-color":"","overlay-opacity":"","overlay-gradient":""},"mobile":{"background-color":"var(--ast-global-color-5)","background-image":"","background-repeat":"repeat","background-position":"center center","background-size":"auto","background-attachment":"scroll","background-type":"","background-media":"","overlay-type":"","overlay-color":"","overlay-opacity":"","overlay-gradient":""}}},"product_brand":[],"product_cat":[29017],"product_tag":[],"pa_brand_name":[34250],"class_list":{"0":"post-120596","1":"product","2":"type-product","3":"status-publish","4":"has-post-thumbnail","6":"product_cat-winter-tires-studdable","7":"pa_brand_name-gt-radial-2","8":"desktop-align-left","9":"tablet-align-left","10":"mobile-align-left","12":"first","13":"outofstock","14":"taxable","15":"shipping-taxable","16":"purchasable","17":"product-type-simple"},"_links":{"self":[{"href":"https:\/\/shop.rettum.ee\/en\/wp-json\/wp\/v2\/product\/120596","targetHints":{"allow":["GET"]}}],"collection":[{"href":"https:\/\/shop.rettum.ee\/en\/wp-json\/wp\/v2\/product"}],"about":[{"href":"https:\/\/shop.rettum.ee\/en\/wp-json\/wp\/v2\/types\/product"}],"version-history":[{"count":2,"href":"https:\/\/shop.rettum.ee\/en\/wp-json\/wp\/v2\/product\/120596\/revisions"}],"predecessor-version":[{"id":125899,"href":"https:\/\/shop.rettum.ee\/en\/wp-json\/wp\/v2\/product\/120596\/revisions\/125899"}],"wp:featuredmedia":[{"embeddable":true,"href":"https:\/\/shop.rettum.ee\/en\/wp-json\/wp\/v2\/media\/123907"}],"wp:attachment":[{"href":"https:\/\/shop.rettum.ee\/en\/wp-json\/wp\/v2\/media?parent=120596"}],"wp:term":[{"taxonomy":"product_brand","embeddable":true,"href":"https:\/\/shop.rettum.ee\/en\/wp-json\/wp\/v2\/product_brand?post=120596"},{"taxonomy":"product_cat","embeddable":true,"href":"https:\/\/shop.rettum.ee\/en\/wp-json\/wp\/v2\/product_cat?post=120596"},{"taxonomy":"product_tag","embeddable":true,"href":"https:\/\/shop.rettum.ee\/en\/wp-json\/wp\/v2\/product_tag?post=120596"},{"taxonomy":"pa_brand_name","embeddable":true,"href":"https:\/\/shop.rettum.ee\/en\/wp-json\/wp\/v2\/pa_brand_name?post=120596"}],"curies":[{"name":"wp","href":"https:\/\/api.w.org\/{rel}","templated":true}]}}