{"id":120597,"date":"2025-03-31T03:04:10","date_gmt":"2025-03-31T00:04:10","guid":{"rendered":"https:\/\/shop.rettum.ee\/toode\/205-65r16-gt-radial-icepro-3-95t-rp-studdable-ddb72-3pmsf-ms\/"},"modified":"2026-03-22T03:05:18","modified_gmt":"2026-03-22T01:05:18","slug":"205-65r16-gt-radial-icepro-3-95t-rp-studdable-ddb72-3pmsf-ms","status":"publish","type":"product","link":"https:\/\/shop.rettum.ee\/en\/product\/205-65r16-gt-radial-icepro-3-95t-rp-studdable-ddb72-3pmsf-ms\/","title":{"rendered":"205\/65R16 GT RADIAL ICEPRO 3 95T RP Studdable DDB72 3PMSF M+S"},"content":{"rendered":"<p>205\/65R16 GT RADIAL ICEPRO 3 95T RP Studdable DDB72 3PMSF M+S on suurep\u00e4rane rehvivaliant neile, kes otsivad usaldusv\u00e4\u00e4rset ja mitmek\u00fclgset lahendust karmidele talveoludele. Selle rehvi m\u00e4rgistused 3PMSF ja M+S kinnitavad, et tegemist on t\u00f5estatud j\u00f5udlusega nii lumel, j\u00e4\u00e4l kui ka m\u00e4rgadel teedel. <\/p>\n<p>Rehvi vastupidav disain ja k\u00f5rgekvaliteedilised materjalid tagavad stabiilsuse ja turvalisuse ning v\u00f5imaldavad vajadusel lisada studdide paigaldamise v\u00f5imalust, mis parandab j\u00f5udlust eriti j\u00e4\u00e4- ja lumesituatsioonides. 95T koormusindeks ja kiiruskood annavad kindlustunde, et rehv suudab vastu seista igap\u00e4evastele v\u00e4ljakutsetele ning s\u00e4ilitada tippkvaliteedi ka n\u00f5udlikes tingimustes. <\/p>\n<p>Valides GT RADIAL ICEPRO 3, saad kindlasti rehv, mis on loodud pakkuma maksimaalset j\u00f5udlust ja ohutust, toetades samal ajal k\u00fctuses\u00e4\u00e4stlikkust ja komfortset s\u00f5itu. See rehv on ideaalne partner nii igap\u00e4evaseks s\u00f5iduks kui ka eritingimustes man\u00f6\u00f6verdamiseks.<\/p>","protected":false},"excerpt":{"rendered":"<p>205\/65R16 GT RADIAL ICEPRO 3 95T RP Studdable DDB72 3PMSF M+S on suurep\u00e4rane rehvivaliant neile, kes otsivad usaldusv\u00e4\u00e4rset ja mitmek\u00fclgset lahendust karmidele talveoludele. Selle rehvi m\u00e4rgistused 3PMSF ja M+S kinnitavad, et tegemist on t\u00f5estatud j\u00f5udlusega nii lumel, j\u00e4\u00e4l kui ka m\u00e4rgadel teedel. Rehvi vastupidav disain ja k\u00f5rgekvaliteedilised materjalid tagavad stabiilsuse ja turvalisuse ning v\u00f5imaldavad vajadusel [&hellip;]<\/p>\n","protected":false},"featured_media":123907,"template":"","meta":{"site-sidebar-layout":"default","site-content-layout":"","ast-site-content-layout":"","site-content-style":"default","site-sidebar-style":"default","ast-global-header-display":"","ast-banner-title-visibility":"","ast-main-header-display":"","ast-hfb-above-header-display":"","ast-hfb-below-header-display":"","ast-hfb-mobile-header-display":"","site-post-title":"","ast-breadcrumbs-content":"","ast-featured-img":"","footer-sml-layout":"","theme-transparent-header-meta":"","adv-header-id-meta":"","stick-header-meta":"","header-above-stick-meta":"","header-main-stick-meta":"","header-below-stick-meta":"","astra-migrate-meta-layouts":"default","ast-page-background-enabled":"default","ast-page-background-meta":{"desktop":{"background-color":"","background-image":"","background-repeat":"repeat","background-position":"center center","background-size":"auto","background-attachment":"scroll","background-type":"","background-media":"","overlay-type":"","overlay-color":"","overlay-opacity":"","overlay-gradient":""},"tablet":{"background-color":"","background-image":"","background-repeat":"repeat","background-position":"center center","background-size":"auto","background-attachment":"scroll","background-type":"","background-media":"","overlay-type":"","overlay-color":"","overlay-opacity":"","overlay-gradient":""},"mobile":{"background-color":"","background-image":"","background-repeat":"repeat","background-position":"center center","background-size":"auto","background-attachment":"scroll","background-type":"","background-media":"","overlay-type":"","overlay-color":"","overlay-opacity":"","overlay-gradient":""}},"ast-content-background-meta":{"desktop":{"background-color":"var(--ast-global-color-5)","background-image":"","background-repeat":"repeat","background-position":"center center","background-size":"auto","background-attachment":"scroll","background-type":"","background-media":"","overlay-type":"","overlay-color":"","overlay-opacity":"","overlay-gradient":""},"tablet":{"background-color":"var(--ast-global-color-5)","background-image":"","background-repeat":"repeat","background-position":"center center","background-size":"auto","background-attachment":"scroll","background-type":"","background-media":"","overlay-type":"","overlay-color":"","overlay-opacity":"","overlay-gradient":""},"mobile":{"background-color":"var(--ast-global-color-5)","background-image":"","background-repeat":"repeat","background-position":"center center","background-size":"auto","background-attachment":"scroll","background-type":"","background-media":"","overlay-type":"","overlay-color":"","overlay-opacity":"","overlay-gradient":""}}},"product_brand":[],"product_cat":[29017],"product_tag":[],"pa_brand_name":[34250],"class_list":{"0":"post-120597","1":"product","2":"type-product","3":"status-publish","4":"has-post-thumbnail","6":"product_cat-winter-tires-studdable","7":"pa_brand_name-gt-radial-2","8":"desktop-align-left","9":"tablet-align-left","10":"mobile-align-left","12":"first","13":"outofstock","14":"taxable","15":"shipping-taxable","16":"purchasable","17":"product-type-simple"},"_links":{"self":[{"href":"https:\/\/shop.rettum.ee\/en\/wp-json\/wp\/v2\/product\/120597","targetHints":{"allow":["GET"]}}],"collection":[{"href":"https:\/\/shop.rettum.ee\/en\/wp-json\/wp\/v2\/product"}],"about":[{"href":"https:\/\/shop.rettum.ee\/en\/wp-json\/wp\/v2\/types\/product"}],"version-history":[{"count":2,"href":"https:\/\/shop.rettum.ee\/en\/wp-json\/wp\/v2\/product\/120597\/revisions"}],"predecessor-version":[{"id":125896,"href":"https:\/\/shop.rettum.ee\/en\/wp-json\/wp\/v2\/product\/120597\/revisions\/125896"}],"wp:featuredmedia":[{"embeddable":true,"href":"https:\/\/shop.rettum.ee\/en\/wp-json\/wp\/v2\/media\/123907"}],"wp:attachment":[{"href":"https:\/\/shop.rettum.ee\/en\/wp-json\/wp\/v2\/media?parent=120597"}],"wp:term":[{"taxonomy":"product_brand","embeddable":true,"href":"https:\/\/shop.rettum.ee\/en\/wp-json\/wp\/v2\/product_brand?post=120597"},{"taxonomy":"product_cat","embeddable":true,"href":"https:\/\/shop.rettum.ee\/en\/wp-json\/wp\/v2\/product_cat?post=120597"},{"taxonomy":"product_tag","embeddable":true,"href":"https:\/\/shop.rettum.ee\/en\/wp-json\/wp\/v2\/product_tag?post=120597"},{"taxonomy":"pa_brand_name","embeddable":true,"href":"https:\/\/shop.rettum.ee\/en\/wp-json\/wp\/v2\/pa_brand_name?post=120597"}],"curies":[{"name":"wp","href":"https:\/\/api.w.org\/{rel}","templated":true}]}}