{"id":120598,"date":"2025-03-31T03:04:11","date_gmt":"2025-03-31T00:04:11","guid":{"rendered":"https:\/\/shop.rettum.ee\/toode\/215-65r16-gt-radial-icepro-3-98t-rp-studdable-cdb72-3pmsf-ms\/"},"modified":"2026-03-22T03:05:19","modified_gmt":"2026-03-22T01:05:19","slug":"215-65r16-gt-radial-icepro-3-98t-rp-studdable-cdb72-3pmsf-ms","status":"publish","type":"product","link":"https:\/\/shop.rettum.ee\/en\/product\/215-65r16-gt-radial-icepro-3-98t-rp-studdable-cdb72-3pmsf-ms\/","title":{"rendered":"215\/65R16 GT RADIAL ICEPRO 3 98T RP Studdable CDB72 3PMSF M+S"},"content":{"rendered":"<p>Tutvustame rehvi 215\/65R16 GT RADIAL ICEPRO 3 \u2013 usaldusv\u00e4\u00e4rne lahendus karmide talveolude jaoks. See kvaliteetne rehv vastab 3PMSF ja M+S standarditele, tagades suurep\u00e4rase haarduvuse nii lumel kui ka porisel pinnal. Rehvi 98T kiirus- ja koormusindeks v\u00f5imaldab kindlat ja turvalist s\u00f5itu, toetades s\u00f5iduki stabiilsust ka karmimates olukordades.<\/p>\n<p>Eriliseks omaduseks on rehvi studdable disain (RP Studdable CDB72), mis v\u00f5imaldab varustada rehvi kelgutamiseks m\u00f5eldud klambritega, pakkudes lisakindlust j\u00e4\u00e4le s\u00f5ites. GT RADIAL ICEPRO 3 disain on optimeeritud pakkuma maksimaalset pidamist ja l\u00fchemad pidurdusmatkad ka \u00e4\u00e4rmuslikes talvetingimustes. Tootja panus on taganud, et rehv kohandub kiiresti muutuvate ilmastikutingimustega, pakkudes nii turvalist kui ka mugavat s\u00f5idukogemust.<\/p>\n<p>Usaldusv\u00e4\u00e4rsus ja vastupidavus on keerulistel talveoludel hindamatud, mist\u00f5ttu on 215\/65R16 GT RADIAL ICEPRO 3 ideaalne valik nendes tingimustes s\u00f5itmiseks. Valides selle rehvi, investeerite ohutusse ja j\u00f5udlusse l\u00e4bi kogu talvehooaja.<\/p>","protected":false},"excerpt":{"rendered":"<p>Tutvustame rehvi 215\/65R16 GT RADIAL ICEPRO 3 \u2013 usaldusv\u00e4\u00e4rne lahendus karmide talveolude jaoks. See kvaliteetne rehv vastab 3PMSF ja M+S standarditele, tagades suurep\u00e4rase haarduvuse nii lumel kui ka porisel pinnal. Rehvi 98T kiirus- ja koormusindeks v\u00f5imaldab kindlat ja turvalist s\u00f5itu, toetades s\u00f5iduki stabiilsust ka karmimates olukordades. Eriliseks omaduseks on rehvi studdable disain (RP Studdable CDB72), [&hellip;]<\/p>\n","protected":false},"featured_media":123907,"template":"","meta":{"site-sidebar-layout":"default","site-content-layout":"","ast-site-content-layout":"","site-content-style":"default","site-sidebar-style":"default","ast-global-header-display":"","ast-banner-title-visibility":"","ast-main-header-display":"","ast-hfb-above-header-display":"","ast-hfb-below-header-display":"","ast-hfb-mobile-header-display":"","site-post-title":"","ast-breadcrumbs-content":"","ast-featured-img":"","footer-sml-layout":"","theme-transparent-header-meta":"","adv-header-id-meta":"","stick-header-meta":"","header-above-stick-meta":"","header-main-stick-meta":"","header-below-stick-meta":"","astra-migrate-meta-layouts":"default","ast-page-background-enabled":"default","ast-page-background-meta":{"desktop":{"background-color":"","background-image":"","background-repeat":"repeat","background-position":"center center","background-size":"auto","background-attachment":"scroll","background-type":"","background-media":"","overlay-type":"","overlay-color":"","overlay-opacity":"","overlay-gradient":""},"tablet":{"background-color":"","background-image":"","background-repeat":"repeat","background-position":"center center","background-size":"auto","background-attachment":"scroll","background-type":"","background-media":"","overlay-type":"","overlay-color":"","overlay-opacity":"","overlay-gradient":""},"mobile":{"background-color":"","background-image":"","background-repeat":"repeat","background-position":"center center","background-size":"auto","background-attachment":"scroll","background-type":"","background-media":"","overlay-type":"","overlay-color":"","overlay-opacity":"","overlay-gradient":""}},"ast-content-background-meta":{"desktop":{"background-color":"var(--ast-global-color-5)","background-image":"","background-repeat":"repeat","background-position":"center center","background-size":"auto","background-attachment":"scroll","background-type":"","background-media":"","overlay-type":"","overlay-color":"","overlay-opacity":"","overlay-gradient":""},"tablet":{"background-color":"var(--ast-global-color-5)","background-image":"","background-repeat":"repeat","background-position":"center center","background-size":"auto","background-attachment":"scroll","background-type":"","background-media":"","overlay-type":"","overlay-color":"","overlay-opacity":"","overlay-gradient":""},"mobile":{"background-color":"var(--ast-global-color-5)","background-image":"","background-repeat":"repeat","background-position":"center center","background-size":"auto","background-attachment":"scroll","background-type":"","background-media":"","overlay-type":"","overlay-color":"","overlay-opacity":"","overlay-gradient":""}}},"product_brand":[],"product_cat":[29017],"product_tag":[],"pa_brand_name":[34250],"class_list":{"0":"post-120598","1":"product","2":"type-product","3":"status-publish","4":"has-post-thumbnail","6":"product_cat-winter-tires-studdable","7":"pa_brand_name-gt-radial-2","8":"desktop-align-left","9":"tablet-align-left","10":"mobile-align-left","12":"first","13":"outofstock","14":"taxable","15":"shipping-taxable","16":"purchasable","17":"product-type-simple"},"_links":{"self":[{"href":"https:\/\/shop.rettum.ee\/en\/wp-json\/wp\/v2\/product\/120598","targetHints":{"allow":["GET"]}}],"collection":[{"href":"https:\/\/shop.rettum.ee\/en\/wp-json\/wp\/v2\/product"}],"about":[{"href":"https:\/\/shop.rettum.ee\/en\/wp-json\/wp\/v2\/types\/product"}],"version-history":[{"count":2,"href":"https:\/\/shop.rettum.ee\/en\/wp-json\/wp\/v2\/product\/120598\/revisions"}],"predecessor-version":[{"id":125893,"href":"https:\/\/shop.rettum.ee\/en\/wp-json\/wp\/v2\/product\/120598\/revisions\/125893"}],"wp:featuredmedia":[{"embeddable":true,"href":"https:\/\/shop.rettum.ee\/en\/wp-json\/wp\/v2\/media\/123907"}],"wp:attachment":[{"href":"https:\/\/shop.rettum.ee\/en\/wp-json\/wp\/v2\/media?parent=120598"}],"wp:term":[{"taxonomy":"product_brand","embeddable":true,"href":"https:\/\/shop.rettum.ee\/en\/wp-json\/wp\/v2\/product_brand?post=120598"},{"taxonomy":"product_cat","embeddable":true,"href":"https:\/\/shop.rettum.ee\/en\/wp-json\/wp\/v2\/product_cat?post=120598"},{"taxonomy":"product_tag","embeddable":true,"href":"https:\/\/shop.rettum.ee\/en\/wp-json\/wp\/v2\/product_tag?post=120598"},{"taxonomy":"pa_brand_name","embeddable":true,"href":"https:\/\/shop.rettum.ee\/en\/wp-json\/wp\/v2\/pa_brand_name?post=120598"}],"curies":[{"name":"wp","href":"https:\/\/api.w.org\/{rel}","templated":true}]}}