{"id":120599,"date":"2025-03-31T03:04:11","date_gmt":"2025-03-31T00:04:11","guid":{"rendered":"https:\/\/shop.rettum.ee\/toode\/205-50r17-gt-radial-icepro-3-93t-xl-rp-studdable-ddb72-3pmsf-ms\/"},"modified":"2025-11-15T02:45:38","modified_gmt":"2025-11-15T00:45:38","slug":"205-50r17-gt-radial-icepro-3-93t-xl-rp-studdable-ddb72-3pmsf-ms","status":"publish","type":"product","link":"https:\/\/shop.rettum.ee\/en\/product\/205-50r17-gt-radial-icepro-3-93t-xl-rp-studdable-ddb72-3pmsf-ms\/","title":{"rendered":"205\/50R17 GT RADIAL ICEPRO 3 93T XL RP Studdable DDB72 3PMSF M+S"},"content":{"rendered":"<p>205\/50R17 GT RADIAL ICEPRO 3 93T XL RP Studdable DDB72 3PMSF M+S on k\u00f5rgtehnoloogiline talver\u00fchm, mis pakub usaldusv\u00e4\u00e4rset s\u00f5iduohutust ka k\u00f5ige n\u00f5udlikumates talvetingimustes. Rehvi spetsiaalne disain ja k\u00f5rgkvaliteedilised materjalid tagavad suurep\u00e4rase haarduvuse lumel, j\u00e4\u00e4l ning m\u00e4rgadel teedel. 3PMSF ja M+S sertifikaadiga rehvid on t\u00f5estanud oma v\u00f5imet pakkuda kindlat pidamist ka raskimas ilmastikus, samas kui studdable omadus v\u00f5imaldab vajadusel lisada naelad t\u00e4iendava haarduvuse saavutamiseks tugevatel j\u00e4\u00e4kattega teedel.<\/p>\n<p>XL-t\u00e4hisega versioon pakub suurenenud kandev\u00f5imet, tagades ohutu s\u00f5idukogemuse ka koormatud s\u00f5idukitele. 93T rehv sobib ideaalselt neile, kes otsivad mitmek\u00fclgset ja vastupidavat lahendust temperatuuri k\u00f5ikumistele, pakkudes stabiilsust ja kontrolli igasugustes oludes. GT RADIAL ICEPRO 3 on usaldusv\u00e4\u00e4rne partner talvisel teel, lisades turvalisust ja kindlustunne iga teekonnaga.<\/p>","protected":false},"excerpt":{"rendered":"<p>205\/50R17 GT RADIAL ICEPRO 3 93T XL RP Studdable DDB72 3PMSF M+S on k\u00f5rgtehnoloogiline talver\u00fchm, mis pakub usaldusv\u00e4\u00e4rset s\u00f5iduohutust ka k\u00f5ige n\u00f5udlikumates talvetingimustes. Rehvi spetsiaalne disain ja k\u00f5rgkvaliteedilised materjalid tagavad suurep\u00e4rase haarduvuse lumel, j\u00e4\u00e4l ning m\u00e4rgadel teedel. 3PMSF ja M+S sertifikaadiga rehvid on t\u00f5estanud oma v\u00f5imet pakkuda kindlat pidamist ka raskimas ilmastikus, samas kui studdable [&hellip;]<\/p>\n","protected":false},"featured_media":123907,"template":"","meta":{"site-sidebar-layout":"default","site-content-layout":"","ast-site-content-layout":"","site-content-style":"default","site-sidebar-style":"default","ast-global-header-display":"","ast-banner-title-visibility":"","ast-main-header-display":"","ast-hfb-above-header-display":"","ast-hfb-below-header-display":"","ast-hfb-mobile-header-display":"","site-post-title":"","ast-breadcrumbs-content":"","ast-featured-img":"","footer-sml-layout":"","theme-transparent-header-meta":"","adv-header-id-meta":"","stick-header-meta":"","header-above-stick-meta":"","header-main-stick-meta":"","header-below-stick-meta":"","astra-migrate-meta-layouts":"default","ast-page-background-enabled":"default","ast-page-background-meta":{"desktop":{"background-color":"","background-image":"","background-repeat":"repeat","background-position":"center center","background-size":"auto","background-attachment":"scroll","background-type":"","background-media":"","overlay-type":"","overlay-color":"","overlay-opacity":"","overlay-gradient":""},"tablet":{"background-color":"","background-image":"","background-repeat":"repeat","background-position":"center center","background-size":"auto","background-attachment":"scroll","background-type":"","background-media":"","overlay-type":"","overlay-color":"","overlay-opacity":"","overlay-gradient":""},"mobile":{"background-color":"","background-image":"","background-repeat":"repeat","background-position":"center center","background-size":"auto","background-attachment":"scroll","background-type":"","background-media":"","overlay-type":"","overlay-color":"","overlay-opacity":"","overlay-gradient":""}},"ast-content-background-meta":{"desktop":{"background-color":"var(--ast-global-color-5)","background-image":"","background-repeat":"repeat","background-position":"center center","background-size":"auto","background-attachment":"scroll","background-type":"","background-media":"","overlay-type":"","overlay-color":"","overlay-opacity":"","overlay-gradient":""},"tablet":{"background-color":"var(--ast-global-color-5)","background-image":"","background-repeat":"repeat","background-position":"center center","background-size":"auto","background-attachment":"scroll","background-type":"","background-media":"","overlay-type":"","overlay-color":"","overlay-opacity":"","overlay-gradient":""},"mobile":{"background-color":"var(--ast-global-color-5)","background-image":"","background-repeat":"repeat","background-position":"center center","background-size":"auto","background-attachment":"scroll","background-type":"","background-media":"","overlay-type":"","overlay-color":"","overlay-opacity":"","overlay-gradient":""}}},"product_brand":[],"product_cat":[29017],"product_tag":[],"pa_brand_name":[34250],"class_list":{"0":"post-120599","1":"product","2":"type-product","3":"status-publish","4":"has-post-thumbnail","6":"product_cat-winter-tires-studdable","7":"pa_brand_name-gt-radial-2","8":"desktop-align-left","9":"tablet-align-left","10":"mobile-align-left","12":"first","13":"outofstock","14":"taxable","15":"shipping-taxable","16":"purchasable","17":"product-type-simple"},"_links":{"self":[{"href":"https:\/\/shop.rettum.ee\/en\/wp-json\/wp\/v2\/product\/120599","targetHints":{"allow":["GET"]}}],"collection":[{"href":"https:\/\/shop.rettum.ee\/en\/wp-json\/wp\/v2\/product"}],"about":[{"href":"https:\/\/shop.rettum.ee\/en\/wp-json\/wp\/v2\/types\/product"}],"version-history":[{"count":2,"href":"https:\/\/shop.rettum.ee\/en\/wp-json\/wp\/v2\/product\/120599\/revisions"}],"predecessor-version":[{"id":125895,"href":"https:\/\/shop.rettum.ee\/en\/wp-json\/wp\/v2\/product\/120599\/revisions\/125895"}],"wp:featuredmedia":[{"embeddable":true,"href":"https:\/\/shop.rettum.ee\/en\/wp-json\/wp\/v2\/media\/123907"}],"wp:attachment":[{"href":"https:\/\/shop.rettum.ee\/en\/wp-json\/wp\/v2\/media?parent=120599"}],"wp:term":[{"taxonomy":"product_brand","embeddable":true,"href":"https:\/\/shop.rettum.ee\/en\/wp-json\/wp\/v2\/product_brand?post=120599"},{"taxonomy":"product_cat","embeddable":true,"href":"https:\/\/shop.rettum.ee\/en\/wp-json\/wp\/v2\/product_cat?post=120599"},{"taxonomy":"product_tag","embeddable":true,"href":"https:\/\/shop.rettum.ee\/en\/wp-json\/wp\/v2\/product_tag?post=120599"},{"taxonomy":"pa_brand_name","embeddable":true,"href":"https:\/\/shop.rettum.ee\/en\/wp-json\/wp\/v2\/pa_brand_name?post=120599"}],"curies":[{"name":"wp","href":"https:\/\/api.w.org\/{rel}","templated":true}]}}